{"id":962,"date":"2019-07-01T17:42:21","date_gmt":"2019-07-01T15:42:21","guid":{"rendered":"https:\/\/gyerekbarateskuvo.hu\/?page_id=962"},"modified":"2020-05-05T10:12:00","modified_gmt":"2020-05-05T08:12:00","slug":"szinpadi-hangositas","status":"publish","type":"page","link":"https:\/\/gyerekbarateskuvo.hu\/en\/szuletesnap\/szolgaltatasok\/szinpadi-hangositas\/","title":{"rendered":"Sz\u00ednpadi hangos\u00edt\u00e1s"},"content":{"rendered":"<p>[et_pb_section bb_built=&#8221;1&#8243; admin_label=&#8221;H\u00e1tt\u00e9r&#8221; _builder_version=&#8221;3.0.106&#8243; background_position=&#8221;top_center&#8221; background_image=&#8221;http:\/\/gyerekbarateskuvo.hu\/wp-content\/uploads\/2019\/04\/felho_bg.jpg&#8221;][et_pb_row _builder_version=&#8221;3.0.106&#8243; background_image=&#8221;http:\/\/gyerekbarateskuvo.hu\/wp-content\/uploads\/2019\/04\/content_bg.png&#8221; background_repeat=&#8221;repeat&#8221; use_custom_width=&#8221;on&#8221; custom_width_px=&#8221;960px&#8221; custom_margin_last_edited=&#8221;off|desktop&#8221; border_radii=&#8221;on|0px|0px|0px|0px&#8221; box_shadow_style=&#8221;preset1&#8243; gutter_width=&#8221;2&#8243; custom_padding=&#8221;20px|20px||20px&#8221; custom_padding_last_edited=&#8221;on|&#8221;][et_pb_column type=&#8221;4_4&#8243;][et_pb_text _builder_version=&#8221;3.0.106&#8243; background_layout=&#8221;light&#8221; text_font=&#8221;Combo||||||||&#8221; text_font_size=&#8221;22px&#8221; text_text_color=&#8221;#643d1f&#8221;]<\/p>\n<h1>BIRTHDAY \/\u00a0<a href=\"http:\/\/www.gyerekbarateskuvo.hu\/en\/szuletesnap\/szolgaltatasok\">SERVICES<\/a>\u00a0\/ STAGE SOUND SERVICES<\/h1>\n<p>[\/et_pb_text][\/et_pb_column][\/et_pb_row][et_pb_row _builder_version=&#8221;3.0.106&#8243; background_image=&#8221;http:\/\/gyerekbarateskuvo.hu\/wp-content\/uploads\/2019\/04\/content_bg.png&#8221; background_repeat=&#8221;repeat&#8221; use_custom_width=&#8221;on&#8221; custom_width_px=&#8221;960px&#8221; custom_margin_last_edited=&#8221;off|desktop&#8221; border_radii=&#8221;on|0px|0px|0px|0px&#8221; box_shadow_style=&#8221;preset1&#8243; gutter_width=&#8221;2&#8243; custom_padding=&#8221;20px|20px||20px&#8221; custom_padding_last_edited=&#8221;on|&#8221;][et_pb_column type=&#8221;2_3&#8243;][et_pb_text _builder_version=&#8221;3.0.106&#8243; background_layout=&#8221;light&#8221;]<\/p>\n<p>Sund service is a must-have for a big event. Our team of technicians take on the voice control of smaller events and the full range of concerts. With the tools listed below, we can take on the stage sound services for an average of 200 people. The service requires a table, chair, power and space, which we request to provide!<\/p>\n<p>Technical Background:<\/p>\n<ul>\n<li>Power amplifier + 2 passive speakers (Peavey)<\/li>\n<li>12-channel mixer with cable with 1 control circuit (Behringer)<\/li>\n<li>1 active + 1 passive monitor<\/li>\n<li>3 dynamic vocal microphones (Audio-Technica MB3k)<\/li>\n<li>1 Condenser Singing Microphone (Electro-Voice Co11)<\/li>\n<li>2 Dynamic Audio Microphones (Electro-Voice Co4)<\/li>\n<li>3 Condenser Loudspeaker (1 x LD Systems D1009, 2 x RH Sound HST-02A)<\/li>\n<li>Stands, cables<\/li>\n<\/ul>\n<p><a href=\"\/szuletesnap\/szolgaltatasok\/\">&lt;&lt; Back<\/a><\/p>\n<p>[\/et_pb_text][\/et_pb_column][et_pb_column type=&#8221;1_3&#8243;][et_pb_image _builder_version=&#8221;3.0.106&#8243; src=&#8221;https:\/\/gyerekbarateskuvo.hu\/wp-content\/uploads\/2020\/03\/hangos\u00edt\u00e1s.jpg&#8221; show_in_lightbox=&#8221;on&#8221; url_new_window=&#8221;off&#8221; use_overlay=&#8221;off&#8221; always_center_on_mobile=&#8221;on&#8221; force_fullwidth=&#8221;off&#8221; show_bottom_space=&#8221;on&#8221; \/][\/et_pb_column][\/et_pb_row][\/et_pb_section]<\/p>","protected":false},"excerpt":{"rendered":"<p>BIRTHDAY \/\u00a0SERVICES\u00a0\/ STAGE SOUND SERVICES Sund service is a must-have for a big event. Our team of technicians take on the voice control of smaller events and the full range of concerts. With the tools listed below, we can take on the stage sound services for an average of 200 people. The service requires a table, chair, power and space, which we request to provide! Technical Background: Power amplifier + 2 passive speakers (Peavey) 12-channel mixer with cable with 1 control circuit (Behringer) 1 active + 1 passive monitor 3 dynamic vocal microphones (Audio-Technica MB3k) 1 Condenser Singing Microphone (Electro-Voice Co11) 2 Dynamic Audio Microphones (Electro-Voice Co4) 3 Condenser Loudspeaker (1 x LD Systems D1009, 2 x RH Sound HST-02A) Stands, cables &lt;&lt; Back<\/p>\n","protected":false},"author":2,"featured_media":0,"parent":334,"menu_order":0,"comment_status":"closed","ping_status":"closed","template":"","meta":{"_et_pb_use_builder":"on","_et_pb_old_content":"","_et_gb_content_width":"","footnotes":""},"class_list":["post-962","page","type-page","status-publish","hentry"],"aioseo_notices":[],"_links":{"self":[{"href":"https:\/\/gyerekbarateskuvo.hu\/en\/wp-json\/wp\/v2\/pages\/962"}],"collection":[{"href":"https:\/\/gyerekbarateskuvo.hu\/en\/wp-json\/wp\/v2\/pages"}],"about":[{"href":"https:\/\/gyerekbarateskuvo.hu\/en\/wp-json\/wp\/v2\/types\/page"}],"author":[{"embeddable":true,"href":"https:\/\/gyerekbarateskuvo.hu\/en\/wp-json\/wp\/v2\/users\/2"}],"replies":[{"embeddable":true,"href":"https:\/\/gyerekbarateskuvo.hu\/en\/wp-json\/wp\/v2\/comments?post=962"}],"version-history":[{"count":7,"href":"https:\/\/gyerekbarateskuvo.hu\/en\/wp-json\/wp\/v2\/pages\/962\/revisions"}],"predecessor-version":[{"id":2694,"href":"https:\/\/gyerekbarateskuvo.hu\/en\/wp-json\/wp\/v2\/pages\/962\/revisions\/2694"}],"up":[{"embeddable":true,"href":"https:\/\/gyerekbarateskuvo.hu\/en\/wp-json\/wp\/v2\/pages\/334"}],"wp:attachment":[{"href":"https:\/\/gyerekbarateskuvo.hu\/en\/wp-json\/wp\/v2\/media?parent=962"}],"curies":[{"name":"wp","href":"https:\/\/api.w.org\/{rel}","templated":true}]}}