{"id":906,"date":"2019-06-30T07:33:26","date_gmt":"2019-06-30T05:33:26","guid":{"rendered":"https:\/\/gyerekbarateskuvo.hu\/?page_id=906"},"modified":"2020-04-23T22:02:11","modified_gmt":"2020-04-23T20:02:11","slug":"keszsegfejleszto-jatekok","status":"publish","type":"page","link":"https:\/\/gyerekbarateskuvo.hu\/en\/szuletesnap\/szolgaltatasok\/keszsegfejleszto-jatekok\/","title":{"rendered":"K\u00e9szs\u00e9gfejleszt\u0151 j\u00e1t\u00e9kok"},"content":{"rendered":"<p>[et_pb_section bb_built=&#8221;1&#8243; admin_label=&#8221;H\u00e1tt\u00e9r&#8221; _builder_version=&#8221;3.0.106&#8243; background_position=&#8221;top_center&#8221; background_image=&#8221;http:\/\/gyerekbarateskuvo.hu\/wp-content\/uploads\/2019\/04\/felho_bg.jpg&#8221;][et_pb_row _builder_version=&#8221;3.0.106&#8243; background_image=&#8221;http:\/\/gyerekbarateskuvo.hu\/wp-content\/uploads\/2019\/04\/content_bg.png&#8221; background_repeat=&#8221;repeat&#8221; use_custom_width=&#8221;on&#8221; custom_width_px=&#8221;960px&#8221; custom_margin_last_edited=&#8221;off|desktop&#8221; border_radii=&#8221;on|0px|0px|0px|0px&#8221; box_shadow_style=&#8221;preset1&#8243; gutter_width=&#8221;2&#8243; custom_padding=&#8221;20px|20px||20px&#8221; custom_padding_last_edited=&#8221;on|&#8221;][et_pb_column type=&#8221;4_4&#8243;][et_pb_text _builder_version=&#8221;3.0.106&#8243; background_layout=&#8221;light&#8221; text_font=&#8221;Combo||||||||&#8221; text_font_size=&#8221;22px&#8221; text_text_color=&#8221;#643d1f&#8221;]<\/p>\n<h1>BIRTHDAY \/\u00a0<a href=\"http:\/\/www.gyerekbarateskuvo.hu\/en\/szuletesnap\/szolgaltatasok\">SERVICES<\/a>\u00a0\/ SKILL GAMES<\/h1>\n<p>[\/et_pb_text][\/et_pb_column][\/et_pb_row][et_pb_row _builder_version=&#8221;3.0.106&#8243; background_image=&#8221;http:\/\/gyerekbarateskuvo.hu\/wp-content\/uploads\/2019\/04\/content_bg.png&#8221; background_repeat=&#8221;repeat&#8221; use_custom_width=&#8221;on&#8221; custom_width_px=&#8221;960px&#8221; custom_margin_last_edited=&#8221;off|desktop&#8221; border_radii=&#8221;on|0px|0px|0px|0px&#8221; box_shadow_style=&#8221;preset1&#8243; gutter_width=&#8221;2&#8243; custom_padding=&#8221;20px|20px||20px&#8221; custom_padding_last_edited=&#8221;on|&#8221;][et_pb_column type=&#8221;2_3&#8243;][et_pb_text _builder_version=&#8221;3.0.106&#8243; background_layout=&#8221;light&#8221;]<\/p>\n<p>Our giant wooden skill development games: funny, exciting patience games. Fine motor, eye-hand coordination, patience, logic capability development for the whole family. Pleasant relaxation, self-indulgence, promising special experiences for all ages. Our custom-designed table-top wooden toys add color to family and sports days as well as corporate events and outdoor programs.<\/p>\n<ul>\n<li>Dutch table game<\/li>\n<li>Labyrinth<\/li>\n<li>Apple tree-themed thworing game<\/li>\n<li>Summer skis (2 pairs)<\/li>\n<li>Sunflower photo wall<\/li>\n<li>Targeting game<\/li>\n<li>Stilts (2 pcs.)<\/li>\n<li>Path-finding game<\/li>\n<li>Balancing wooden toy<\/li>\n<li>Giant puzzles<\/li>\n<\/ul>\n<p>Rental fee: 40.000 HUF + animator \/ day (5 pcs) + Gift: Bobocar (1 pcs.)<\/p>\n<p><a href=\"\/szuletesnap\/szolgaltatasok\/\">&lt;&lt; Back<\/a><\/p>\n<p>[\/et_pb_text][\/et_pb_column][et_pb_column type=&#8221;1_3&#8243;][et_pb_image _builder_version=&#8221;3.0.106&#8243; src=&#8221;https:\/\/gyerekbarateskuvo.hu\/wp-content\/uploads\/2019\/06\/keszsegfejleszto-jatekok_hd.jpg&#8221; show_in_lightbox=&#8221;on&#8221; url_new_window=&#8221;off&#8221; use_overlay=&#8221;off&#8221; always_center_on_mobile=&#8221;on&#8221; force_fullwidth=&#8221;off&#8221; show_bottom_space=&#8221;on&#8221; \/][\/et_pb_column][\/et_pb_row][\/et_pb_section]<\/p>","protected":false},"excerpt":{"rendered":"<p>BIRTHDAY \/\u00a0SERVICES\u00a0\/ SKILL GAMES Our giant wooden skill development games: funny, exciting patience games. Fine motor, eye-hand coordination, patience, logic capability development for the whole family. Pleasant relaxation, self-indulgence, promising special experiences for all ages. Our custom-designed table-top wooden toys add color to family and sports days as well as corporate events and outdoor programs. Dutch table game Labyrinth Apple tree-themed thworing game Summer skis (2 pairs) Sunflower photo wall Targeting game Stilts (2 pcs.) Path-finding game Balancing wooden toy Giant puzzles Rental fee: 40.000 HUF + animator \/ day (5 pcs) + Gift: Bobocar (1 pcs.) &lt;&lt; Back<\/p>\n","protected":false},"author":2,"featured_media":0,"parent":334,"menu_order":0,"comment_status":"closed","ping_status":"closed","template":"","meta":{"_et_pb_use_builder":"on","_et_pb_old_content":"","_et_gb_content_width":"","footnotes":""},"class_list":["post-906","page","type-page","status-publish","hentry"],"aioseo_notices":[],"_links":{"self":[{"href":"https:\/\/gyerekbarateskuvo.hu\/en\/wp-json\/wp\/v2\/pages\/906"}],"collection":[{"href":"https:\/\/gyerekbarateskuvo.hu\/en\/wp-json\/wp\/v2\/pages"}],"about":[{"href":"https:\/\/gyerekbarateskuvo.hu\/en\/wp-json\/wp\/v2\/types\/page"}],"author":[{"embeddable":true,"href":"https:\/\/gyerekbarateskuvo.hu\/en\/wp-json\/wp\/v2\/users\/2"}],"replies":[{"embeddable":true,"href":"https:\/\/gyerekbarateskuvo.hu\/en\/wp-json\/wp\/v2\/comments?post=906"}],"version-history":[{"count":4,"href":"https:\/\/gyerekbarateskuvo.hu\/en\/wp-json\/wp\/v2\/pages\/906\/revisions"}],"predecessor-version":[{"id":2391,"href":"https:\/\/gyerekbarateskuvo.hu\/en\/wp-json\/wp\/v2\/pages\/906\/revisions\/2391"}],"up":[{"embeddable":true,"href":"https:\/\/gyerekbarateskuvo.hu\/en\/wp-json\/wp\/v2\/pages\/334"}],"wp:attachment":[{"href":"https:\/\/gyerekbarateskuvo.hu\/en\/wp-json\/wp\/v2\/media?parent=906"}],"curies":[{"name":"wp","href":"https:\/\/api.w.org\/{rel}","templated":true}]}}