{"id":893,"date":"2019-06-30T07:12:13","date_gmt":"2019-06-30T05:12:13","guid":{"rendered":"https:\/\/gyerekbarateskuvo.hu\/?page_id=893"},"modified":"2020-04-23T22:01:37","modified_gmt":"2020-04-23T20:01:37","slug":"ijaszat","status":"publish","type":"page","link":"https:\/\/gyerekbarateskuvo.hu\/en\/szuletesnap\/szolgaltatasok\/ijaszat\/","title":{"rendered":"\u00cdj\u00e1szat"},"content":{"rendered":"<p>[et_pb_section bb_built=&#8221;1&#8243; admin_label=&#8221;H\u00e1tt\u00e9r&#8221; _builder_version=&#8221;3.0.106&#8243; background_position=&#8221;top_center&#8221; background_image=&#8221;http:\/\/gyerekbarateskuvo.hu\/wp-content\/uploads\/2019\/04\/felho_bg.jpg&#8221;][et_pb_row _builder_version=&#8221;3.0.106&#8243; background_image=&#8221;http:\/\/gyerekbarateskuvo.hu\/wp-content\/uploads\/2019\/04\/content_bg.png&#8221; background_repeat=&#8221;repeat&#8221; use_custom_width=&#8221;on&#8221; custom_width_px=&#8221;960px&#8221; custom_margin_last_edited=&#8221;off|desktop&#8221; border_radii=&#8221;on|0px|0px|0px|0px&#8221; box_shadow_style=&#8221;preset1&#8243; gutter_width=&#8221;2&#8243; custom_padding=&#8221;20px|20px||20px&#8221; custom_padding_last_edited=&#8221;on|&#8221;][et_pb_column type=&#8221;4_4&#8243;][et_pb_text _builder_version=&#8221;3.0.106&#8243; background_layout=&#8221;light&#8221; text_font=&#8221;Combo||||||||&#8221; text_font_size=&#8221;22px&#8221; text_text_color=&#8221;#643d1f&#8221;]<\/p>\n<h1>BIRTHDAY \/\u00a0<a href=\"http:\/\/www.gyerekbarateskuvo.hu\/en\/szuletesnap\/szolgaltatasok\">SERVICES<\/a>\u00a0\/ ARCHERY<\/h1>\n<p>[\/et_pb_text][\/et_pb_column][\/et_pb_row][et_pb_row _builder_version=&#8221;3.0.106&#8243; background_image=&#8221;http:\/\/gyerekbarateskuvo.hu\/wp-content\/uploads\/2019\/04\/content_bg.png&#8221; background_repeat=&#8221;repeat&#8221; use_custom_width=&#8221;on&#8221; custom_width_px=&#8221;960px&#8221; custom_margin_last_edited=&#8221;off|desktop&#8221; border_radii=&#8221;on|0px|0px|0px|0px&#8221; box_shadow_style=&#8221;preset1&#8243; gutter_width=&#8221;2&#8243; custom_padding=&#8221;20px|20px||20px&#8221; custom_padding_last_edited=&#8221;on|&#8221;][et_pb_column type=&#8221;2_3&#8243;][et_pb_text _builder_version=&#8221;3.0.106&#8243; background_layout=&#8221;light&#8221;]<\/p>\n<p style=\"text-align: justify;\">During the session, besides mastering the right technique, we try to endear the sport with the little ones. From children\u2019s bow through competitive bow, to traditional bows can be tried by the participants regardless of age. Exercising in the open air, the session is controlled by skilled archers. The service demands big space and a back wall, which we are requesting to provide!<\/p>\n<p><a href=\"\/szuletesnap\/szolgaltatasok\/\">&lt;&lt; Back<\/a><\/p>\n<p>[\/et_pb_text][\/et_pb_column][et_pb_column type=&#8221;1_3&#8243;][et_pb_image _builder_version=&#8221;3.0.106&#8243; src=&#8221;https:\/\/gyerekbarateskuvo.hu\/wp-content\/uploads\/2019\/06\/ijaszat_hd.jpg&#8221; show_in_lightbox=&#8221;on&#8221; url_new_window=&#8221;off&#8221; use_overlay=&#8221;off&#8221; always_center_on_mobile=&#8221;on&#8221; force_fullwidth=&#8221;off&#8221; show_bottom_space=&#8221;on&#8221; \/][\/et_pb_column][\/et_pb_row][\/et_pb_section]<\/p>","protected":false},"excerpt":{"rendered":"<p>BIRTHDAY \/\u00a0SERVICES\u00a0\/ ARCHERY During the session, besides mastering the right technique, we try to endear the sport with the little ones. From children\u2019s bow through competitive bow, to traditional bows can be tried by the participants regardless of age. Exercising in the open air, the session is controlled by skilled archers. The service demands big space and a back wall, which we are requesting to provide! &lt;&lt; Back<\/p>\n","protected":false},"author":2,"featured_media":0,"parent":334,"menu_order":0,"comment_status":"closed","ping_status":"closed","template":"","meta":{"_et_pb_use_builder":"on","_et_pb_old_content":"","_et_gb_content_width":"","footnotes":""},"class_list":["post-893","page","type-page","status-publish","hentry"],"aioseo_notices":[],"_links":{"self":[{"href":"https:\/\/gyerekbarateskuvo.hu\/en\/wp-json\/wp\/v2\/pages\/893"}],"collection":[{"href":"https:\/\/gyerekbarateskuvo.hu\/en\/wp-json\/wp\/v2\/pages"}],"about":[{"href":"https:\/\/gyerekbarateskuvo.hu\/en\/wp-json\/wp\/v2\/types\/page"}],"author":[{"embeddable":true,"href":"https:\/\/gyerekbarateskuvo.hu\/en\/wp-json\/wp\/v2\/users\/2"}],"replies":[{"embeddable":true,"href":"https:\/\/gyerekbarateskuvo.hu\/en\/wp-json\/wp\/v2\/comments?post=893"}],"version-history":[{"count":4,"href":"https:\/\/gyerekbarateskuvo.hu\/en\/wp-json\/wp\/v2\/pages\/893\/revisions"}],"predecessor-version":[{"id":2389,"href":"https:\/\/gyerekbarateskuvo.hu\/en\/wp-json\/wp\/v2\/pages\/893\/revisions\/2389"}],"up":[{"embeddable":true,"href":"https:\/\/gyerekbarateskuvo.hu\/en\/wp-json\/wp\/v2\/pages\/334"}],"wp:attachment":[{"href":"https:\/\/gyerekbarateskuvo.hu\/en\/wp-json\/wp\/v2\/media?parent=893"}],"curies":[{"name":"wp","href":"https:\/\/api.w.org\/{rel}","templated":true}]}}