{"id":456,"date":"2019-06-19T17:08:29","date_gmt":"2019-06-19T15:08:29","guid":{"rendered":"https:\/\/gyerekbarateskuvo.hu\/?page_id=456"},"modified":"2020-04-23T21:15:49","modified_gmt":"2020-04-23T19:15:49","slug":"karikatura-keszites","status":"publish","type":"page","link":"https:\/\/gyerekbarateskuvo.hu\/en\/eskuvo\/szolgaltatasok\/karikatura-keszites\/","title":{"rendered":"Karikat\u00fara k\u00e9sz\u00edt\u00e9s"},"content":{"rendered":"<p>[et_pb_section bb_built=&#8221;1&#8243; admin_label=&#8221;H\u00e1tt\u00e9r&#8221; _builder_version=&#8221;3.0.106&#8243; background_position=&#8221;top_center&#8221; background_image=&#8221;http:\/\/gyerekbarateskuvo.hu\/wp-content\/uploads\/2019\/04\/felho_bg.jpg&#8221;][et_pb_row _builder_version=&#8221;3.0.106&#8243; background_image=&#8221;http:\/\/gyerekbarateskuvo.hu\/wp-content\/uploads\/2019\/04\/content_bg.png&#8221; background_repeat=&#8221;repeat&#8221; use_custom_width=&#8221;on&#8221; custom_width_px=&#8221;960px&#8221; custom_margin_last_edited=&#8221;off|desktop&#8221; border_radii=&#8221;on|0px|0px|0px|0px&#8221; box_shadow_style=&#8221;preset1&#8243; gutter_width=&#8221;2&#8243; custom_padding=&#8221;20px|20px||20px&#8221; custom_padding_last_edited=&#8221;on|&#8221;][et_pb_column type=&#8221;4_4&#8243;][et_pb_text _builder_version=&#8221;3.0.106&#8243; background_layout=&#8221;light&#8221; text_font=&#8221;Combo||||||||&#8221; text_font_size=&#8221;22px&#8221; text_text_color=&#8221;#643d1f&#8221;]<\/p>\n<h1>WEDDING \/\u00a0<a href=\"http:\/\/www.gyerekbarateskuvo.hu\/en\/eskuvo\/szolgaltatasok\">SERVICES<\/a>\u00a0\/ CARICATURE DRAWING<\/h1>\n<p>[\/et_pb_text][\/et_pb_column][\/et_pb_row][et_pb_row _builder_version=&#8221;3.0.106&#8243; background_image=&#8221;http:\/\/gyerekbarateskuvo.hu\/wp-content\/uploads\/2019\/04\/content_bg.png&#8221; background_repeat=&#8221;repeat&#8221; use_custom_width=&#8221;on&#8221; custom_width_px=&#8221;960px&#8221; custom_margin_last_edited=&#8221;off|desktop&#8221; border_radii=&#8221;on|0px|0px|0px|0px&#8221; box_shadow_style=&#8221;preset1&#8243; gutter_width=&#8221;2&#8243; custom_padding=&#8221;20px|20px||20px&#8221; custom_padding_last_edited=&#8221;on|&#8221;][et_pb_column type=&#8221;2_3&#8243;][et_pb_text _builder_version=&#8221;3.0.106&#8243; background_layout=&#8221;light&#8221;]<\/p>\n<p style=\"text-align: justify;\">Caricatures or portraits are beautiful and personal gifts at weddings, and every kid likes to get gifts. It takes 5 to 10 minutes to make a picture, but the memory will last forever. Our professional artist uses pencils with a big routin.<\/p>\n<p><a href=\"\/eskuvo\/szolgaltatasok\/\">&lt;&lt; Back<\/a><\/p>\n<p>[\/et_pb_text][\/et_pb_column][et_pb_column type=&#8221;1_3&#8243;][et_pb_image _builder_version=&#8221;3.0.106&#8243; src=&#8221;https:\/\/gyerekbarateskuvo.hu\/wp-content\/uploads\/2019\/06\/karikatura-keszites_hd.jpg&#8221; show_in_lightbox=&#8221;on&#8221; url_new_window=&#8221;off&#8221; use_overlay=&#8221;off&#8221; always_center_on_mobile=&#8221;on&#8221; force_fullwidth=&#8221;off&#8221; show_bottom_space=&#8221;on&#8221; \/][\/et_pb_column][\/et_pb_row][\/et_pb_section]<\/p>","protected":false},"excerpt":{"rendered":"<p>WEDDING \/\u00a0SERVICES\u00a0\/ CARICATURE DRAWING Caricatures or portraits are beautiful and personal gifts at weddings, and every kid likes to get gifts. It takes 5 to 10 minutes to make a picture, but the memory will last forever. Our professional artist uses pencils with a big routin. &lt;&lt; Back<\/p>\n","protected":false},"author":2,"featured_media":0,"parent":326,"menu_order":0,"comment_status":"closed","ping_status":"closed","template":"","meta":{"_et_pb_use_builder":"on","_et_pb_old_content":"","_et_gb_content_width":"","footnotes":""},"class_list":["post-456","page","type-page","status-publish","hentry"],"aioseo_notices":[],"_links":{"self":[{"href":"https:\/\/gyerekbarateskuvo.hu\/en\/wp-json\/wp\/v2\/pages\/456"}],"collection":[{"href":"https:\/\/gyerekbarateskuvo.hu\/en\/wp-json\/wp\/v2\/pages"}],"about":[{"href":"https:\/\/gyerekbarateskuvo.hu\/en\/wp-json\/wp\/v2\/types\/page"}],"author":[{"embeddable":true,"href":"https:\/\/gyerekbarateskuvo.hu\/en\/wp-json\/wp\/v2\/users\/2"}],"replies":[{"embeddable":true,"href":"https:\/\/gyerekbarateskuvo.hu\/en\/wp-json\/wp\/v2\/comments?post=456"}],"version-history":[{"count":8,"href":"https:\/\/gyerekbarateskuvo.hu\/en\/wp-json\/wp\/v2\/pages\/456\/revisions"}],"predecessor-version":[{"id":2358,"href":"https:\/\/gyerekbarateskuvo.hu\/en\/wp-json\/wp\/v2\/pages\/456\/revisions\/2358"}],"up":[{"embeddable":true,"href":"https:\/\/gyerekbarateskuvo.hu\/en\/wp-json\/wp\/v2\/pages\/326"}],"wp:attachment":[{"href":"https:\/\/gyerekbarateskuvo.hu\/en\/wp-json\/wp\/v2\/media?parent=456"}],"curies":[{"name":"wp","href":"https:\/\/api.w.org\/{rel}","templated":true}]}}