{"id":421,"date":"2019-06-19T16:55:13","date_gmt":"2019-06-19T14:55:13","guid":{"rendered":"https:\/\/gyerekbarateskuvo.hu\/?page_id=421"},"modified":"2020-04-23T20:59:21","modified_gmt":"2020-04-23T18:59:21","slug":"altatas","status":"publish","type":"page","link":"https:\/\/gyerekbarateskuvo.hu\/en\/eskuvo\/szolgaltatasok\/altatas\/","title":{"rendered":"Altat\u00e1s"},"content":{"rendered":"<p>[et_pb_section bb_built=&#8221;1&#8243; admin_label=&#8221;H\u00e1tt\u00e9r&#8221; _builder_version=&#8221;3.0.106&#8243; background_position=&#8221;top_center&#8221; background_image=&#8221;http:\/\/gyerekbarateskuvo.hu\/wp-content\/uploads\/2019\/04\/felho_bg.jpg&#8221;][et_pb_row _builder_version=&#8221;3.0.106&#8243; background_image=&#8221;http:\/\/gyerekbarateskuvo.hu\/wp-content\/uploads\/2019\/04\/content_bg.png&#8221; background_repeat=&#8221;repeat&#8221; use_custom_width=&#8221;on&#8221; custom_width_px=&#8221;960px&#8221; custom_margin_last_edited=&#8221;off|desktop&#8221; border_radii=&#8221;on|0px|0px|0px|0px&#8221; box_shadow_style=&#8221;preset1&#8243; gutter_width=&#8221;2&#8243; custom_padding=&#8221;20px|20px||20px&#8221; custom_padding_last_edited=&#8221;on|&#8221;][et_pb_column type=&#8221;4_4&#8243;][et_pb_text _builder_version=&#8221;3.0.106&#8243; background_layout=&#8221;light&#8221; text_font=&#8221;Combo||||||||&#8221; text_font_size=&#8221;22px&#8221; text_text_color=&#8221;#643d1f&#8221;]<\/p>\n<h1>WEDDING \/\u00a0<a href=\"http:\/\/www.gyerekbarateskuvo.hu\/en\/eskuvo\/szolgaltatasok\">SERVICES<\/a>\u00a0\/ BED TIME<\/h1>\n<p>[\/et_pb_text][\/et_pb_column][\/et_pb_row][et_pb_row _builder_version=&#8221;3.0.106&#8243; background_image=&#8221;http:\/\/gyerekbarateskuvo.hu\/wp-content\/uploads\/2019\/04\/content_bg.png&#8221; background_repeat=&#8221;repeat&#8221; use_custom_width=&#8221;on&#8221; custom_width_px=&#8221;960px&#8221; custom_margin_last_edited=&#8221;off|desktop&#8221; border_radii=&#8221;on|0px|0px|0px|0px&#8221; box_shadow_style=&#8221;preset1&#8243; gutter_width=&#8221;2&#8243; custom_padding=&#8221;20px|20px||20px&#8221; custom_padding_last_edited=&#8221;on|&#8221;][et_pb_column type=&#8221;2_3&#8243;][et_pb_text _builder_version=&#8221;3.0.106&#8243; background_layout=&#8221;light&#8221;]<\/p>\n<p style=\"text-align: justify;\">There is no need for the parents to worry about getting home quickly, when their children get sleepy. We are providing nursery beds, travelling beds and blankets to put the children sleep, with presence of a babysitter, who supervises them. This service requires space, please provide it for us!<\/p>\n<p><a href=\"\/eskuvo\/szolgaltatasok\/\">&lt;&lt; Back<\/a><\/p>\n<p>[\/et_pb_text][\/et_pb_column][et_pb_column type=&#8221;1_3&#8243;][et_pb_image _builder_version=&#8221;3.0.106&#8243; src=&#8221;https:\/\/gyerekbarateskuvo.hu\/wp-content\/uploads\/2019\/06\/altatas.jpg&#8221; show_in_lightbox=&#8221;off&#8221; url_new_window=&#8221;off&#8221; use_overlay=&#8221;off&#8221; always_center_on_mobile=&#8221;on&#8221; force_fullwidth=&#8221;off&#8221; show_bottom_space=&#8221;on&#8221; \/][\/et_pb_column][\/et_pb_row][\/et_pb_section]<\/p>","protected":false},"excerpt":{"rendered":"<p>WEDDING \/\u00a0SERVICES\u00a0\/ BED TIME There is no need for the parents to worry about getting home quickly, when their children get sleepy. We are providing nursery beds, travelling beds and blankets to put the children sleep, with presence of a babysitter, who supervises them. This service requires space, please provide it for us! &lt;&lt; Back<\/p>\n","protected":false},"author":2,"featured_media":0,"parent":326,"menu_order":0,"comment_status":"closed","ping_status":"closed","template":"","meta":{"_et_pb_use_builder":"on","_et_pb_old_content":"","_et_gb_content_width":"","footnotes":""},"class_list":["post-421","page","type-page","status-publish","hentry"],"aioseo_notices":[],"_links":{"self":[{"href":"https:\/\/gyerekbarateskuvo.hu\/en\/wp-json\/wp\/v2\/pages\/421"}],"collection":[{"href":"https:\/\/gyerekbarateskuvo.hu\/en\/wp-json\/wp\/v2\/pages"}],"about":[{"href":"https:\/\/gyerekbarateskuvo.hu\/en\/wp-json\/wp\/v2\/types\/page"}],"author":[{"embeddable":true,"href":"https:\/\/gyerekbarateskuvo.hu\/en\/wp-json\/wp\/v2\/users\/2"}],"replies":[{"embeddable":true,"href":"https:\/\/gyerekbarateskuvo.hu\/en\/wp-json\/wp\/v2\/comments?post=421"}],"version-history":[{"count":6,"href":"https:\/\/gyerekbarateskuvo.hu\/en\/wp-json\/wp\/v2\/pages\/421\/revisions"}],"predecessor-version":[{"id":2344,"href":"https:\/\/gyerekbarateskuvo.hu\/en\/wp-json\/wp\/v2\/pages\/421\/revisions\/2344"}],"up":[{"embeddable":true,"href":"https:\/\/gyerekbarateskuvo.hu\/en\/wp-json\/wp\/v2\/pages\/326"}],"wp:attachment":[{"href":"https:\/\/gyerekbarateskuvo.hu\/en\/wp-json\/wp\/v2\/media?parent=421"}],"curies":[{"name":"wp","href":"https:\/\/api.w.org\/{rel}","templated":true}]}}