{"id":375,"date":"2019-06-19T11:35:43","date_gmt":"2019-06-19T09:35:43","guid":{"rendered":"https:\/\/gyerekbarateskuvo.hu\/?page_id=375"},"modified":"2024-09-28T19:59:33","modified_gmt":"2024-09-28T17:59:33","slug":"elerhetosegeink","status":"publish","type":"page","link":"https:\/\/gyerekbarateskuvo.hu\/en\/kapcsolat\/elerhetosegeink\/","title":{"rendered":"Contact"},"content":{"rendered":"<p>[et_pb_section fb_built=&#8221;1&#8243; admin_label=&#8221;H\u00e1tt\u00e9r&#8221; _builder_version=&#8221;4.16&#8243; background_image=&#8221;http:\/\/oriasbuborek.hu\/wp-content\/uploads\/2019\/04\/felho_bg.jpg&#8221; background_position=&#8221;top_center&#8221; global_colors_info=&#8221;{}&#8221;][et_pb_row column_structure=&#8221;1_3,2_3&#8243; custom_padding_last_edited=&#8221;on|&#8221; module_id=&#8221;first-top-border&#8221; _builder_version=&#8221;4.16&#8243; background_image=&#8221;http:\/\/oriasbuborek.hu\/wp-content\/uploads\/2019\/04\/content_bg.png&#8221; background_repeat=&#8221;repeat&#8221; custom_margin_last_edited=&#8221;off|desktop&#8221; custom_padding=&#8221;20px|20px||20px&#8221; custom_padding_tablet=&#8221;&#8221; custom_padding_phone=&#8221;&#8221; border_radii=&#8221;on|0px|0px|0px|0px&#8221; box_shadow_style=&#8221;preset1&#8243; use_custom_width=&#8221;on&#8221; custom_width_px=&#8221;960px&#8221; global_colors_info=&#8221;{}&#8221;][et_pb_column type=&#8221;1_3&#8243; _builder_version=&#8221;4.16&#8243; custom_padding=&#8221;|||&#8221; global_colors_info=&#8221;{}&#8221; custom_padding__hover=&#8221;|||&#8221;][et_pb_text _builder_version=&#8221;4.16&#8243; text_font=&#8221;Arial||||||||&#8221; text_text_color=&#8221;#643d1f&#8221; text_font_size=&#8221;22px&#8221; global_colors_info=&#8221;{}&#8221;]<\/p>\n<h1>KAPCSOLAT<\/h1>\n<ul>\n<li><span style=\"font-size: 12pt;\">RECreal St\u00fadi\u00f3 Kft.<\/span><\/li>\n<li><span style=\"font-size: 12pt;\">\u00dcgyvezet\u0151: Lazs\u00e1di \u00c1kos<\/span><\/li>\n<li><span style=\"font-size: 12pt;\">1126 Budapest, Ugocsa utca 4\/A.<\/span><\/li>\n<li><span style=\"font-size: 12pt;\">Ad\u00f3sz\u00e1m: 12147447-2-41<\/span><\/li>\n<li><span style=\"font-size: 12pt;\">Mobil: +36 30 7254 234<\/span><\/li>\n<li><span style=\"font-size: 12pt;\"><a href=\"https:\/\/oriasbuborek.business.site\/\">oriasbuborek.business.site<\/a><\/span><\/li>\n<li><span style=\"font-size: 12pt;\"><a href=\"https:\/\/gyerekbarateskuvo.business.site\/\">gyerekbarateskuvo.business.site<\/a><\/span><\/li>\n<li><span style=\"font-size: 12pt;\">info@gyerekbaratrendezvenyek.hu<\/span><\/li>\n<\/ul>\n<p>[\/et_pb_text][\/et_pb_column][et_pb_column type=&#8221;2_3&#8243; _builder_version=&#8221;4.16&#8243; custom_padding=&#8221;|||&#8221; global_colors_info=&#8221;{}&#8221; custom_padding__hover=&#8221;|||&#8221;][et_pb_text _builder_version=&#8221;4.16&#8243; global_colors_info=&#8221;{}&#8221;]<img decoding=\"async\" style=\"padding-right: 25px;\" src=\"https:\/\/gyerekbarateskuvo.hu\/wp-content\/uploads\/2019\/07\/kapcsolat_2-2.jpg\" alt=\"Recreal St\u00fadi\u00f3 Kft. kapcsolat\" \/> <img decoding=\"async\" src=\"https:\/\/gyerekbarateskuvo.hu\/wp-content\/uploads\/2019\/07\/lazsadi_akos.jpg\" alt=\"Lazs\u00e1di \u00c1kos \u00fcgyvezet\u0151\" \/><br \/>\n[\/et_pb_text][\/et_pb_column][\/et_pb_row][et_pb_row custom_padding_last_edited=&#8221;on|&#8221; module_id=&#8221;last-bottom-border&#8221; _builder_version=&#8221;4.16&#8243; background_image=&#8221;http:\/\/oriasbuborek.hu\/wp-content\/uploads\/2019\/04\/content_bg.png&#8221; background_repeat=&#8221;repeat&#8221; custom_margin_last_edited=&#8221;off|desktop&#8221; custom_padding=&#8221;20px|20px||20px&#8221; custom_padding_tablet=&#8221;&#8221; custom_padding_phone=&#8221;&#8221; border_radii=&#8221;on|0px|0px|0px|0px&#8221; box_shadow_style=&#8221;preset1&#8243; use_custom_width=&#8221;on&#8221; custom_width_px=&#8221;960px&#8221; global_colors_info=&#8221;{}&#8221;][et_pb_column type=&#8221;4_4&#8243; _builder_version=&#8221;4.16&#8243; custom_padding=&#8221;|||&#8221; global_colors_info=&#8221;{}&#8221; custom_padding__hover=&#8221;|||&#8221;][et_pb_text admin_label=&#8221;T\u00e9rk\u00e9p&#8221; _builder_version=&#8221;4.16&#8243; global_colors_info=&#8221;{}&#8221;]<iframe style=\"border: 0;\" src=\"https:\/\/www.google.com\/maps\/embed?pb=!1m18!1m12!1m3!1d2695.796351128992!2d19.02130250000001!3d47.49388050000001!2m3!1f0!2f0!3f0!3m2!1i1024!2i768!4f13.1!3m3!1m2!1s0x4741dc28792f050b%3A0xe1473f32ebff2602!2sUgocsa+u.+4a%2C+Budapest%2C+1126!5e0!3m2!1shu!2shu!4v1422060099952\" width=\"100%\" height=\"450\" frameborder=\"0\"><\/iframe><br \/>\n[\/et_pb_text][\/et_pb_column][\/et_pb_row][\/et_pb_section][et_pb_section fb_built=&#8221;1&#8243; custom_padding_last_edited=&#8221;on|phone&#8221; _builder_version=&#8221;4.16&#8243; background_color=&#8221;#1f91a3&#8243; custom_margin=&#8221;0px|0px|0px|0px&#8221; custom_padding=&#8221;60px|300px|50px|300px&#8221; custom_padding_tablet=&#8221;70px|80px|80px|80px&#8221; custom_padding_phone=&#8221;60px|30px|40px|30px&#8221; global_colors_info=&#8221;{}&#8221;][et_pb_row _builder_version=&#8221;4.16&#8243; global_colors_info=&#8221;{}&#8221;][et_pb_column type=&#8221;4_4&#8243; _builder_version=&#8221;4.16&#8243; custom_padding=&#8221;|||&#8221; global_colors_info=&#8221;{}&#8221; custom_padding__hover=&#8221;|||&#8221;][et_pb_text _builder_version=&#8221;4.16&#8243; global_colors_info=&#8221;{}&#8221;]<\/p>\n<h3 style=\"text-align: center; color: #ffffff; font-weight: 600; text-transform: uppercase; letter-spacing: 2px;\">Referenci\u00e1ink<\/h3>\n<p>[\/et_pb_text][et_pb_code _builder_version=&#8221;4.27.0&#8243; hover_enabled=&#8221;0&#8243; global_colors_info=&#8221;{}&#8221; sticky_enabled=&#8221;0&#8243;]<div class='white' style='background:rgba(0,0,0,0); border:solid 0px rgba(0,0,0,0); border-radius:5px; padding:2px 2px 2px 2px;'>\n<div id='slider_2208' class='owl-carousel sa_owl_theme owl-pagination-true autohide-arrows' data-slider-id='slider_2208' style='visibility:hidden;'>\n<div id='slider_2208_slide18' class='sa_hover_container sa_vert_center_wrap' style='padding:5% 5%; margin:0px 0%; '><div class='sa_vert_center'>Slide content<\/div><\/div>\n<div id='slider_2208_slide23' class='sa_hover_container sa_vert_center_wrap' style='padding:5% 5%; margin:0px 0%; '><div class='sa_vert_center'>Slide content<\/div><\/div>\n<div id='slider_2208_slide12' class='sa_hover_container sa_vert_center_wrap' style='padding:5% 5%; margin:0px 0%; '><div class='sa_vert_center'>Slide content<\/div><\/div>\n<div id='slider_2208_slide32' class='sa_hover_container sa_vert_center_wrap' style='padding:5% 5%; margin:0px 0%; '><div class='sa_vert_center'>Slide content<\/div><\/div>\n<div id='slider_2208_slide07' class='sa_hover_container sa_vert_center_wrap' style='padding:5% 5%; margin:0px 0%; '><div class='sa_vert_center'>Slide content<\/div><\/div>\n<div id='slider_2208_slide28' class='sa_hover_container sa_vert_center_wrap' style='padding:5% 5%; margin:0px 0%; '><div class='sa_vert_center'>Slide content<\/div><\/div>\n<div id='slider_2208_slide33' class='sa_hover_container sa_vert_center_wrap' style='padding:5% 5%; margin:0px 0%; '><div class='sa_vert_center'>Slide content<\/div><\/div>\n<div id='slider_2208_slide36' class='sa_hover_container sa_vert_center_wrap' style='padding:5% 5%; margin:0px 0%; '><div class='sa_vert_center'>Slide content<\/div><\/div>\n<div id='slider_2208_slide27' class='sa_hover_container sa_vert_center_wrap' style='padding:5% 5%; margin:0px 0%; '><div class='sa_vert_center'>Slide content<\/div><\/div>\n<div id='slider_2208_slide01' class='sa_hover_container sa_vert_center_wrap' style='padding:5% 5%; margin:0px 0%; '><div class='sa_vert_center'>Slide content<\/div><\/div>\n<div id='slider_2208_slide09' class='sa_hover_container sa_vert_center_wrap' style='padding:5% 5%; margin:0px 0%; '><div class='sa_vert_center'>Slide content<\/div><\/div>\n<div id='slider_2208_slide24' class='sa_hover_container sa_vert_center_wrap' style='padding:5% 5%; margin:0px 0%; '><div class='sa_vert_center'>Slide content<\/div><\/div>\n<div id='slider_2208_slide10' class='sa_hover_container sa_vert_center_wrap' style='padding:5% 5%; margin:0px 0%; '><div class='sa_vert_center'>Slide content<\/div><\/div>\n<div id='slider_2208_slide03' class='sa_hover_container sa_vert_center_wrap' style='padding:5% 5%; margin:0px 0%; '><div class='sa_vert_center'>Slide content<\/div><\/div>\n<div id='slider_2208_slide25' class='sa_hover_container sa_vert_center_wrap' style='padding:5% 5%; margin:0px 0%; '><div class='sa_vert_center'>Slide content<\/div><\/div>\n<div id='slider_2208_slide19' class='sa_hover_container sa_vert_center_wrap' style='padding:5% 5%; margin:0px 0%; '><div class='sa_vert_center'>Slide content<\/div><\/div>\n<div id='slider_2208_slide21' class='sa_hover_container sa_vert_center_wrap' style='padding:5% 5%; margin:0px 0%; '><div class='sa_vert_center'>Slide content<\/div><\/div>\n<div id='slider_2208_slide15' class='sa_hover_container sa_vert_center_wrap' style='padding:5% 5%; margin:0px 0%; '><div class='sa_vert_center'>Slide content<\/div><\/div>\n<div id='slider_2208_slide13' class='sa_hover_container sa_vert_center_wrap' style='padding:5% 5%; margin:0px 0%; '><div class='sa_vert_center'>Slide content<\/div><\/div>\n<div id='slider_2208_slide30' class='sa_hover_container sa_vert_center_wrap' style='padding:5% 5%; margin:0px 0%; '><div class='sa_vert_center'>Slide content<\/div><\/div>\n<div id='slider_2208_slide40' class='sa_hover_container sa_vert_center_wrap' style='padding:5% 5%; margin:0px 0%; '><div class='sa_vert_center'>Slide content<\/div><\/div>\n<div id='slider_2208_slide34' class='sa_hover_container sa_vert_center_wrap' style='padding:5% 5%; margin:0px 0%; '><div class='sa_vert_center'>Slide content<\/div><\/div>\n<div id='slider_2208_slide22' class='sa_hover_container sa_vert_center_wrap' style='padding:5% 5%; margin:0px 0%; '><div class='sa_vert_center'>Slide content<\/div><\/div>\n<div id='slider_2208_slide02' class='sa_hover_container sa_vert_center_wrap' style='padding:5% 5%; margin:0px 0%; '><div class='sa_vert_center'>Slide content<\/div><\/div>\n<div id='slider_2208_slide17' class='sa_hover_container sa_vert_center_wrap' style='padding:5% 5%; margin:0px 0%; '><div class='sa_vert_center'>Slide content<\/div><\/div>\n<div id='slider_2208_slide14' class='sa_hover_container sa_vert_center_wrap' style='padding:5% 5%; margin:0px 0%; '><div class='sa_vert_center'>Slide content<\/div><\/div>\n<div id='slider_2208_slide05' class='sa_hover_container sa_vert_center_wrap' style='padding:5% 5%; margin:0px 0%; '><div class='sa_vert_center'>Slide content<\/div><\/div>\n<div id='slider_2208_slide06' class='sa_hover_container sa_vert_center_wrap' style='padding:5% 5%; margin:0px 0%; '><div class='sa_vert_center'>Slide content<\/div><\/div>\n<div id='slider_2208_slide31' class='sa_hover_container sa_vert_center_wrap' style='padding:5% 5%; margin:0px 0%; '><div class='sa_vert_center'>Slide content<\/div><\/div>\n<div id='slider_2208_slide08' class='sa_hover_container sa_vert_center_wrap' style='padding:5% 5%; margin:0px 0%; '><div class='sa_vert_center'>Slide content<\/div><\/div>\n<div id='slider_2208_slide04' class='sa_hover_container sa_vert_center_wrap' style='padding:5% 5%; margin:0px 0%; '><div class='sa_vert_center'>Slide content<\/div><\/div>\n<div id='slider_2208_slide16' class='sa_hover_container sa_vert_center_wrap' style='padding:5% 5%; margin:0px 0%; '><div class='sa_vert_center'>Slide content<\/div><\/div>\n<div id='slider_2208_slide37' class='sa_hover_container sa_vert_center_wrap' style='padding:5% 5%; margin:0px 0%; '><div class='sa_vert_center'>Slide content<\/div><\/div>\n<div id='slider_2208_slide39' class='sa_hover_container sa_vert_center_wrap' style='padding:5% 5%; margin:0px 0%; '><div class='sa_vert_center'>Slide content<\/div><\/div>\n<div id='slider_2208_slide11' class='sa_hover_container sa_vert_center_wrap' style='padding:5% 5%; margin:0px 0%; '><div class='sa_vert_center'>Slide content<\/div><\/div>\n<div id='slider_2208_slide38' class='sa_hover_container sa_vert_center_wrap' style='padding:5% 5%; margin:0px 0%; '><div class='sa_vert_center'>Slide content<\/div><\/div>\n<div id='slider_2208_slide29' class='sa_hover_container sa_vert_center_wrap' style='padding:5% 5%; margin:0px 0%; '><div class='sa_vert_center'>Slide content<\/div><\/div>\n<div id='slider_2208_slide26' class='sa_hover_container sa_vert_center_wrap' style='padding:5% 5%; margin:0px 0%; '><div class='sa_vert_center'>Slide content<\/div><\/div>\n<div id='slider_2208_slide20' class='sa_hover_container sa_vert_center_wrap' style='padding:5% 5%; margin:0px 0%; '><div class='sa_vert_center'>Slide content<\/div><\/div>\n<div id='slider_2208_slide35' class='sa_hover_container sa_vert_center_wrap' style='padding:5% 5%; margin:0px 0%; '><div class='sa_vert_center'>Slide content<\/div><\/div>\n<\/div>\n<\/div>\n<script type='text\/javascript'>\n\tjQuery(document).ready(function() {\n\t\tjQuery('#slider_2208').owlCarousel({\n\t\t\tresponsive:{\n\t\t\t\t0:{ items:2 },\n\t\t\t\t480:{ items:3 },\n\t\t\t\t768:{ items:3 },\n\t\t\t\t980:{ items:4 },\n\t\t\t\t1200:{ items:6 },\n\t\t\t\t1500:{ items:6 }\n\t\t\t},\n\t\t\tautoplay : true,\n\t\t\tautoplayTimeout : 2000,\n\t\t\tautoplayHoverPause : true,\n\t\t\tsmartSpeed : 2000,\n\t\t\tfluidSpeed : 2000,\n\t\t\tautoplaySpeed : 2000,\n\t\t\tnavSpeed : 2000,\n\t\t\tdotsSpeed : 2000,\n\t\t\tloop : true,\n\t\t\tnav : true,\n\t\t\tnavText : ['',''],\n\t\t\tdots : true,\n\t\t\tresponsiveRefreshRate : 200,\n\t\t\tslideBy : 1,\n\t\t\tmergeFit : true,\n\t\t\tautoHeight : true,\n\t\t\tmouseDrag : true,\n\t\t\ttouchDrag : true\n\t\t});\n\t\tjQuery('#slider_2208').css('visibility', 'visible');\n\t\tsa_resize_slider_2208();\n\t\twindow.addEventListener('resize', sa_resize_slider_2208);\n\t\tfunction sa_resize_slider_2208() {\n\t\t\tvar min_height = '100';\n\t\t\tvar win_width = jQuery(window).width();\n\t\t\tvar slider_width = jQuery('#slider_2208').width();\n\t\t\tif (win_width < 480) {\n\t\t\t\tvar slide_width = slider_width \/ 2;\n\t\t\t} else if (win_width < 768) {\n\t\t\t\tvar slide_width = slider_width \/ 3;\n\t\t\t} else if (win_width < 980) {\n\t\t\t\tvar slide_width = slider_width \/ 3;\n\t\t\t} else if (win_width < 1200) {\n\t\t\t\tvar slide_width = slider_width \/ 4;\n\t\t\t} else if (win_width < 1500) {\n\t\t\t\tvar slide_width = slider_width \/ 6;\n\t\t\t} else {\n\t\t\t\tvar slide_width = slider_width \/ 6;\n\t\t\t}\n\t\t\tslide_width = Math.round(slide_width);\n\t\t\tvar slide_height = '0';\n\t\t\tif (min_height == 'aspect43') {\n\t\t\t\tslide_height = (slide_width \/ 4) * 3;\t\t\t\tslide_height = Math.round(slide_height);\n\t\t\t} else if (min_height == 'aspect169') {\n\t\t\t\tslide_height = (slide_width \/ 16) * 9;\t\t\t\tslide_height = Math.round(slide_height);\n\t\t\t} else {\n\t\t\t\tslide_height = (slide_width \/ 100) * min_height;\t\t\t\tslide_height = Math.round(slide_height);\n\t\t\t}\n\t\t\tjQuery('#slider_2208 .owl-item .sa_hover_container').css('min-height', slide_height+'px');\n\t\t}\n\t});\n<\/script>\n[\/et_pb_code][\/et_pb_column][\/et_pb_row][\/et_pb_section]<\/p>\n","protected":false},"excerpt":{"rendered":"<p>KAPCSOLAT RECreal St\u00fadi\u00f3 Kft. \u00dcgyvezet\u0151: Lazs\u00e1di \u00c1kos 1126 Budapest, Ugocsa utca 4\/A. Ad\u00f3sz\u00e1m: 12147447-2-41 Mobil: +36 30 7254 234 oriasbuborek.business.site gyerekbarateskuvo.business.site info@gyerekbaratrendezvenyek.hu Referenci\u00e1ink <div class='white' style='background:rgba(0,0,0,0); border:solid 0px rgba(0,0,0,0); border-radius:5px; padding:2px 2px 2px 2px;'>\n<div id='slider_2208' class='owl-carousel sa_owl_theme owl-pagination-true autohide-arrows' data-slider-id='slider_2208' style='visibility:hidden;'>\n<div id='slider_2208_slide37' class='sa_hover_container sa_vert_center_wrap' style='padding:5% 5%; margin:0px 0%; '><div class='sa_vert_center'>Slide content<\/div><\/div>\n<div id='slider_2208_slide02' class='sa_hover_container sa_vert_center_wrap' style='padding:5% 5%; margin:0px 0%; '><div class='sa_vert_center'>Slide content<\/div><\/div>\n<div id='slider_2208_slide19' class='sa_hover_container sa_vert_center_wrap' style='padding:5% 5%; margin:0px 0%; '><div class='sa_vert_center'>Slide content<\/div><\/div>\n<div id='slider_2208_slide32' class='sa_hover_container sa_vert_center_wrap' style='padding:5% 5%; margin:0px 0%; '><div class='sa_vert_center'>Slide content<\/div><\/div>\n<div id='slider_2208_slide06' class='sa_hover_container sa_vert_center_wrap' style='padding:5% 5%; margin:0px 0%; '><div class='sa_vert_center'>Slide content<\/div><\/div>\n<div id='slider_2208_slide03' class='sa_hover_container sa_vert_center_wrap' style='padding:5% 5%; margin:0px 0%; '><div class='sa_vert_center'>Slide content<\/div><\/div>\n<div id='slider_2208_slide27' class='sa_hover_container sa_vert_center_wrap' style='padding:5% 5%; margin:0px 0%; '><div class='sa_vert_center'>Slide content<\/div><\/div>\n<div id='slider_2208_slide13' class='sa_hover_container sa_vert_center_wrap' style='padding:5% 5%; margin:0px 0%; '><div class='sa_vert_center'>Slide content<\/div><\/div>\n<div id='slider_2208_slide05' class='sa_hover_container sa_vert_center_wrap' style='padding:5% 5%; margin:0px 0%; '><div class='sa_vert_center'>Slide content<\/div><\/div>\n<div id='slider_2208_slide26' class='sa_hover_container sa_vert_center_wrap' style='padding:5% 5%; margin:0px 0%; '><div class='sa_vert_center'>Slide content<\/div><\/div>\n<div id='slider_2208_slide38' class='sa_hover_container sa_vert_center_wrap' style='padding:5% 5%; margin:0px 0%; '><div class='sa_vert_center'>Slide content<\/div><\/div>\n<div id='slider_2208_slide31' class='sa_hover_container sa_vert_center_wrap' style='padding:5% 5%; margin:0px 0%; '><div class='sa_vert_center'>Slide content<\/div><\/div>\n<div id='slider_2208_slide23' class='sa_hover_container sa_vert_center_wrap' style='padding:5% 5%; margin:0px 0%; '><div class='sa_vert_center'>Slide content<\/div><\/div>\n<div id='slider_2208_slide35' class='sa_hover_container sa_vert_center_wrap' style='padding:5% 5%; margin:0px 0%; '><div class='sa_vert_center'>Slide content<\/div><\/div>\n<div id='slider_2208_slide34' class='sa_hover_container sa_vert_center_wrap' style='padding:5% 5%; margin:0px 0%; '><div class='sa_vert_center'>Slide content<\/div><\/div>\n<div id='slider_2208_slide29' class='sa_hover_container sa_vert_center_wrap' style='padding:5% 5%; margin:0px 0%; '><div class='sa_vert_center'>Slide content<\/div><\/div>\n<div id='slider_2208_slide28' class='sa_hover_container sa_vert_center_wrap' style='padding:5% 5%; margin:0px 0%; '><div class='sa_vert_center'>Slide content<\/div><\/div>\n<div id='slider_2208_slide14' class='sa_hover_container sa_vert_center_wrap' style='padding:5% 5%; margin:0px 0%; '><div class='sa_vert_center'>Slide content<\/div><\/div>\n<div id='slider_2208_slide22' class='sa_hover_container sa_vert_center_wrap' style='padding:5% 5%; margin:0px 0%; '><div class='sa_vert_center'>Slide content<\/div><\/div>\n<div id='slider_2208_slide21' class='sa_hover_container sa_vert_center_wrap' style='padding:5% 5%; margin:0px 0%; '><div class='sa_vert_center'>Slide content<\/div><\/div>\n<div id='slider_2208_slide12' class='sa_hover_container sa_vert_center_wrap' style='padding:5% 5%; margin:0px 0%; '><div class='sa_vert_center'>Slide content<\/div><\/div>\n<div id='slider_2208_slide18' class='sa_hover_container sa_vert_center_wrap' style='padding:5% 5%; margin:0px 0%; '><div class='sa_vert_center'>Slide content<\/div><\/div>\n<div id='slider_2208_slide20' class='sa_hover_container sa_vert_center_wrap' style='padding:5% 5%; margin:0px 0%; '><div class='sa_vert_center'>Slide content<\/div><\/div>\n<div id='slider_2208_slide17' class='sa_hover_container sa_vert_center_wrap' style='padding:5% 5%; margin:0px 0%; '><div class='sa_vert_center'>Slide content<\/div><\/div>\n<div id='slider_2208_slide16' class='sa_hover_container sa_vert_center_wrap' style='padding:5% 5%; margin:0px 0%; '><div class='sa_vert_center'>Slide content<\/div><\/div>\n<div id='slider_2208_slide10' class='sa_hover_container sa_vert_center_wrap' style='padding:5% 5%; margin:0px 0%; '><div class='sa_vert_center'>Slide content<\/div><\/div>\n<div id='slider_2208_slide09' class='sa_hover_container sa_vert_center_wrap' style='padding:5% 5%; margin:0px 0%; '><div class='sa_vert_center'>Slide content<\/div><\/div>\n<div id='slider_2208_slide07' class='sa_hover_container sa_vert_center_wrap' style='padding:5% 5%; margin:0px 0%; '><div class='sa_vert_center'>Slide content<\/div><\/div>\n<div id='slider_2208_slide39' class='sa_hover_container sa_vert_center_wrap' style='padding:5% 5%; margin:0px 0%; '><div class='sa_vert_center'>Slide content<\/div><\/div>\n<div id='slider_2208_slide08' class='sa_hover_container sa_vert_center_wrap' style='padding:5% 5%; margin:0px 0%; '><div class='sa_vert_center'>Slide content<\/div><\/div>\n<div id='slider_2208_slide24' class='sa_hover_container sa_vert_center_wrap' style='padding:5% 5%; margin:0px 0%; '><div class='sa_vert_center'>Slide content<\/div><\/div>\n<div id='slider_2208_slide15' class='sa_hover_container sa_vert_center_wrap' style='padding:5% 5%; margin:0px 0%; '><div class='sa_vert_center'>Slide content<\/div><\/div>\n<div id='slider_2208_slide36' class='sa_hover_container sa_vert_center_wrap' style='padding:5% 5%; margin:0px 0%; '><div class='sa_vert_center'>Slide content<\/div><\/div>\n<div id='slider_2208_slide01' class='sa_hover_container sa_vert_center_wrap' style='padding:5% 5%; margin:0px 0%; '><div class='sa_vert_center'>Slide content<\/div><\/div>\n<div id='slider_2208_slide40' class='sa_hover_container sa_vert_center_wrap' style='padding:5% 5%; margin:0px 0%; '><div class='sa_vert_center'>Slide content<\/div><\/div>\n<div id='slider_2208_slide33' class='sa_hover_container sa_vert_center_wrap' style='padding:5% 5%; margin:0px 0%; '><div class='sa_vert_center'>Slide content<\/div><\/div>\n<div id='slider_2208_slide25' class='sa_hover_container sa_vert_center_wrap' style='padding:5% 5%; margin:0px 0%; '><div class='sa_vert_center'>Slide content<\/div><\/div>\n<div id='slider_2208_slide11' class='sa_hover_container sa_vert_center_wrap' style='padding:5% 5%; margin:0px 0%; '><div class='sa_vert_center'>Slide content<\/div><\/div>\n<div id='slider_2208_slide30' class='sa_hover_container sa_vert_center_wrap' style='padding:5% 5%; margin:0px 0%; '><div class='sa_vert_center'>Slide content<\/div><\/div>\n<div id='slider_2208_slide04' class='sa_hover_container sa_vert_center_wrap' style='padding:5% 5%; margin:0px 0%; '><div class='sa_vert_center'>Slide content<\/div><\/div>\n<\/div>\n<\/div>\n<script type='text\/javascript'>\n\tjQuery(document).ready(function() {\n\t\tjQuery('#slider_2208').owlCarousel({\n\t\t\tresponsive:{\n\t\t\t\t0:{ items:2 },\n\t\t\t\t480:{ items:3 },\n\t\t\t\t768:{ items:3 },\n\t\t\t\t980:{ items:4 },\n\t\t\t\t1200:{ items:6 },\n\t\t\t\t1500:{ items:6 }\n\t\t\t},\n\t\t\tautoplay : true,\n\t\t\tautoplayTimeout : 2000,\n\t\t\tautoplayHoverPause : true,\n\t\t\tsmartSpeed : 2000,\n\t\t\tfluidSpeed : 2000,\n\t\t\tautoplaySpeed : 2000,\n\t\t\tnavSpeed : 2000,\n\t\t\tdotsSpeed : 2000,\n\t\t\tloop : true,\n\t\t\tnav : true,\n\t\t\tnavText : ['',''],\n\t\t\tdots : true,\n\t\t\tresponsiveRefreshRate : 200,\n\t\t\tslideBy : 1,\n\t\t\tmergeFit : true,\n\t\t\tautoHeight : true,\n\t\t\tmouseDrag : true,\n\t\t\ttouchDrag : true\n\t\t});\n\t\tjQuery('#slider_2208').css('visibility', 'visible');\n\t\tsa_resize_slider_2208();\n\t\twindow.addEventListener('resize', sa_resize_slider_2208);\n\t\tfunction sa_resize_slider_2208() {\n\t\t\tvar min_height = '100';\n\t\t\tvar win_width = jQuery(window).width();\n\t\t\tvar slider_width = jQuery('#slider_2208').width();\n\t\t\tif (win_width < 480) {\n\t\t\t\tvar slide_width = slider_width \/ 2;\n\t\t\t} else if (win_width < 768) {\n\t\t\t\tvar slide_width = slider_width \/ 3;\n\t\t\t} else if (win_width < 980) {\n\t\t\t\tvar slide_width = slider_width \/ 3;\n\t\t\t} else if (win_width < 1200) {\n\t\t\t\tvar slide_width = slider_width \/ 4;\n\t\t\t} else if (win_width < 1500) {\n\t\t\t\tvar slide_width = slider_width \/ 6;\n\t\t\t} else {\n\t\t\t\tvar slide_width = slider_width \/ 6;\n\t\t\t}\n\t\t\tslide_width = Math.round(slide_width);\n\t\t\tvar slide_height = '0';\n\t\t\tif (min_height == 'aspect43') {\n\t\t\t\tslide_height = (slide_width \/ 4) * 3;\t\t\t\tslide_height = Math.round(slide_height);\n\t\t\t} else if (min_height == 'aspect169') {\n\t\t\t\tslide_height = (slide_width \/ 16) * 9;\t\t\t\tslide_height = Math.round(slide_height);\n\t\t\t} else {\n\t\t\t\tslide_height = (slide_width \/ 100) * min_height;\t\t\t\tslide_height = Math.round(slide_height);\n\t\t\t}\n\t\t\tjQuery('#slider_2208 .owl-item .sa_hover_container').css('min-height', slide_height+'px');\n\t\t}\n\t});\n<\/script>\n<\/p>\n","protected":false},"author":2,"featured_media":0,"parent":20,"menu_order":0,"comment_status":"closed","ping_status":"closed","template":"","meta":{"_et_pb_use_builder":"on","_et_pb_old_content":"","_et_gb_content_width":"","footnotes":""},"class_list":["post-375","page","type-page","status-publish","hentry"],"aioseo_notices":[],"_links":{"self":[{"href":"https:\/\/gyerekbarateskuvo.hu\/en\/wp-json\/wp\/v2\/pages\/375"}],"collection":[{"href":"https:\/\/gyerekbarateskuvo.hu\/en\/wp-json\/wp\/v2\/pages"}],"about":[{"href":"https:\/\/gyerekbarateskuvo.hu\/en\/wp-json\/wp\/v2\/types\/page"}],"author":[{"embeddable":true,"href":"https:\/\/gyerekbarateskuvo.hu\/en\/wp-json\/wp\/v2\/users\/2"}],"replies":[{"embeddable":true,"href":"https:\/\/gyerekbarateskuvo.hu\/en\/wp-json\/wp\/v2\/comments?post=375"}],"version-history":[{"count":25,"href":"https:\/\/gyerekbarateskuvo.hu\/en\/wp-json\/wp\/v2\/pages\/375\/revisions"}],"predecessor-version":[{"id":3124,"href":"https:\/\/gyerekbarateskuvo.hu\/en\/wp-json\/wp\/v2\/pages\/375\/revisions\/3124"}],"up":[{"embeddable":true,"href":"https:\/\/gyerekbarateskuvo.hu\/en\/wp-json\/wp\/v2\/pages\/20"}],"wp:attachment":[{"href":"https:\/\/gyerekbarateskuvo.hu\/en\/wp-json\/wp\/v2\/media?parent=375"}],"curies":[{"name":"wp","href":"https:\/\/api.w.org\/{rel}","templated":true}]}}