{"id":322,"date":"2019-06-19T11:09:32","date_gmt":"2019-06-19T09:09:32","guid":{"rendered":"https:\/\/gyerekbarateskuvo.hu\/?page_id=322"},"modified":"2019-07-24T11:38:19","modified_gmt":"2019-07-24T09:38:19","slug":"eskuvo","status":"publish","type":"page","link":"https:\/\/gyerekbarateskuvo.hu\/en\/eskuvo\/","title":{"rendered":"Wedding"},"content":{"rendered":"[et_pb_section bb_built=&#8221;1&#8243; admin_label=&#8221;H\u00e1tt\u00e9r&#8221; _builder_version=&#8221;3.0.106&#8243; background_position=&#8221;top_center&#8221; background_image=&#8221;http:\/\/gyerekbarateskuvo.hu\/wp-content\/uploads\/2019\/04\/felho_bg.jpg&#8221;][et_pb_row _builder_version=&#8221;3.0.106&#8243; background_image=&#8221;http:\/\/gyerekbarateskuvo.hu\/wp-content\/uploads\/2019\/04\/content_bg.png&#8221; background_repeat=&#8221;repeat&#8221; use_custom_width=&#8221;on&#8221; custom_width_px=&#8221;960px&#8221; custom_margin_last_edited=&#8221;off|desktop&#8221; border_radii=&#8221;on|10px|10px|10px|10px&#8221; box_shadow_style=&#8221;preset1&#8243; border_width_all=&#8221;1px&#8221; gutter_width=&#8221;2&#8243; custom_padding=&#8221;20px|20px||20px&#8221; custom_padding_last_edited=&#8221;on|&#8221; border_color_all=&#8221;#888888&#8243;][et_pb_column type=&#8221;4_4&#8243;][et_pb_text _builder_version=&#8221;3.0.106&#8243; background_layout=&#8221;light&#8221; text_font=&#8221;Combo||||||||&#8221; text_font_size=&#8221;22px&#8221; text_text_color=&#8221;#643d1f&#8221;]\r\n<h1>\u00d3ri\u00e1sbubor\u00e9k &#8211; Kezd\u0151lap<\/h1>\r\n<h2>Szeretettel k\u00f6sz\u00f6ntj\u00fck a gyerekbar\u00e1t \u00d3RI\u00c1SBUBOR\u00c9K vil\u00e1g\u00e1ban!<\/h2>\r\n\r\n\r\n[\/et_pb_text][et_pb_gallery _builder_version=&#8221;3.0.106&#8243; posts_number=&#8221;12&#8243; show_title_and_caption=&#8221;off&#8221; show_pagination=&#8221;off&#8221; gallery_ids=&#8221;34,37,38,28,27,29,36,31,30,32,33,35&#8243; fullwidth=&#8221;on&#8221; orientation=&#8221;landscape&#8221; zoom_icon_color=&#8221;#2ea3f2&#8243; hover_overlay_color=&#8221;rgba(255,255,255,0.9)&#8221; background_layout=&#8221;light&#8221; pagination_font_size_tablet=&#8221;51&#8243; pagination_line_height_tablet=&#8221;2&#8243; text_shadow_style=&#8221;preset1&#8243; background_color=&#8221;#ddeef4&#8243; auto=&#8221;on&#8221; auto_speed=&#8221;5000&#8243; \/][et_pb_text _builder_version=&#8221;3.0.106&#8243; background_layout=&#8221;light&#8221; text_font=&#8221;Combo||||||||&#8221; text_font_size=&#8221;18px&#8221; text_text_color=&#8221;#643d1f&#8221;]\r\n\r\n<hr style=\"border-top: dotted 1px;\" \/>\r\n<p style=\"text-align: justify;\">Tegye egyediv\u00e9, \u00e9s dobja fel rendezv\u00e9ny\u00e9t! V\u00e1llaljuk, hogy bemutatjuk \u00e9s megtan\u00edtjuk a r\u00e9sztvev\u0151knek az 5-10 m\u00e9teres \u00f3ri\u00e1sbubor\u00e9kok k\u00e9sz\u00edt\u00e9s\u00e9t. Szakk\u00e9pzett pedag\u00f3gus-anim\u00e1tor csapatunk Magyarorsz\u00e1gon az els\u0151kk\u00e9nt, k\u00f6zel t\u00edz \u00e9ve k\u00e1pr\u00e1ztat el kicsiket \u00e9s nagyokat k\u00fcl\u00f6nleges bubor\u00e9kcsod\u00e1ival. A felhaszn\u00e1lt anyag term\u00e9szetesen gyerekbar\u00e1t \u00e9s nem tartalmaz vesz\u00e9lyes anyagot! Az \u00f3ri\u00e1sbubor\u00e9k exkluz\u00edv l\u00e1tv\u00e1ny minden rendezv\u00e9nyen, de interakt\u00edv produkci\u00f3nak is alkalmas a szabadban, \u00e9s fedett helyen egyar\u00e1nt. K\u00fcl\u00f6nf\u00e9le form\u00e1j\u00fa bubor\u00e9kk\u00e9sz\u00edt\u0151 p\u00e1lc\u00e1kkal, \u00e9s professzion\u00e1lis bubor\u00e9kf\u00faj\u00f3 g\u00e9pekkel kieg\u00e9sz\u00fclve pedig igazi sz\u00ednes mesevil\u00e1g t\u00e1rul a n\u00e9z\u0151k el\u00e9. Csapatunk t\u00f6bbs\u00e9ge budapesti, de szolg\u00e1ltat\u00e1saink orsz\u00e1gosan megrendelhet\u0151ek. A Napraforg\u00f3k J\u00e1tsz\u00f3h\u00e1z, \u00e9s a Gyerekbar\u00e1t Esk\u00fcv\u0151 anim\u00e1toraival, sokr\u00e9t\u0171 szolg\u00e1ltat\u00e1saival, \u00e9s j\u00e1t\u00e9kparkj\u00e1val kieg\u00e9sz\u00fclve pedig teljes \u00e9lm\u00e9nyt garant\u00e1lunk kicsiknek \u00e9s nagyoknak egyar\u00e1nt.<\/p>\r\n&nbsp;\r\n<h2 style=\"text-align: center;\">A legt\u00f6bb \u00d3RI\u00c1SBUBOR\u00c9K szolg\u00e1ltat\u00e1st, egyed\u00fcl mi garant\u00e1ljuk az orsz\u00e1gban!<\/h2>\r\n<div class=\"textbox\"><\/div>\r\n&nbsp;\r\n\r\n<!-- \/wp:paragraph -->\r\n\r\n[\/et_pb_text][et_pb_code _builder_version=&#8221;3.0.106&#8243;]&lt;div class=&#8221;et_pb_column et_pb_column_1_3 et_pb_column_1 et_pb_css_mix_blend_mode_passthrough&#8221;&gt;&lt;!&#8211; [et_pb_line_break_holder] &#8211;&gt; &lt;!&#8211; [et_pb_line_break_holder] &#8211;&gt; &lt;div class=&#8221;et_pb_module et_pb_image et_pb_image_0 et_always_center_on_mobile&#8221;&gt;&lt;!&#8211; [et_pb_line_break_holder] &#8211;&gt; &lt;!&#8211; [et_pb_line_break_holder] &#8211;&gt; &lt;a href=&#8221;http:\/\/napraforgokjatszohaz.hu\/&#8221; target=&#8221;_blank&#8221;&gt;&lt;span class=&#8221;et_pb_image_wrap&#8221;&gt;&lt;img src=&#8221;http:\/\/gyerekbarateskuvo.hu\/wp-content\/uploads\/2019\/04\/napraforgok_jatszohaz_logo_01.png&#8221; alt=&#8221;Napraforg\u00f3k j\u00e1tsz\u00f3h\u00e1z&#8221; align=&#8221;bottom&#8221; \/&gt;&lt;\/span&gt;&lt;\/a&gt;&lt;!&#8211; [et_pb_line_break_holder] &#8211;&gt; &lt;\/div&gt;&lt;!&#8211; [et_pb_line_break_holder] &#8211;&gt; &lt;\/div&gt; &lt;!&#8211; [et_pb_line_break_holder] &#8211;&gt;&lt;div class=&#8221;et_pb_column et_pb_column_1_3 et_pb_column_2 et_pb_css_mix_blend_mode_passthrough&#8221;&gt;&lt;!&#8211; [et_pb_line_break_holder] &#8211;&gt; &lt;!&#8211; [et_pb_line_break_holder] &#8211;&gt; &lt;!&#8211; [et_pb_line_break_holder] &#8211;&gt; &lt;div class=&#8221;et_pb_module et_pb_image et_pb_image_1 et_always_center_on_mobile&#8221;&gt;&lt;!&#8211; [et_pb_line_break_holder] &#8211;&gt; &lt;!&#8211; [et_pb_line_break_holder] &#8211;&gt; &lt;!&#8211; [et_pb_line_break_holder] &#8211;&gt; &lt;a href=&#8221;http:\/\/www.gyerekbarateskuvo.hu\/&#8221; target=&#8221;_blank&#8221;&gt;&lt;span class=&#8221;et_pb_image_wrap&#8221;&gt;&lt;img src=&#8221;http:\/\/gyerekbarateskuvo.hu\/wp-content\/uploads\/2019\/04\/madarak2.png&#8221; alt=&#8221;Gyerekbar\u00e1t esk\u00fcv\u0151&#8221; \/&gt;&lt;\/span&gt;&lt;\/a&gt;&lt;!&#8211; [et_pb_line_break_holder] &#8211;&gt; &lt;\/div&gt;&lt;!&#8211; [et_pb_line_break_holder] &#8211;&gt; &lt;\/div&gt; &lt;!&#8211; .et_pb_column &#8211;&gt;&lt;div class=&#8221;et_pb_column et_pb_column_1_3 et_pb_column_3 et_pb_css_mix_blend_mode_passthrough et-last-child&#8221;&gt;&lt;!&#8211; [et_pb_line_break_holder] &#8211;&gt; &lt;!&#8211; [et_pb_line_break_holder] &#8211;&gt; &lt;!&#8211; [et_pb_line_break_holder] &#8211;&gt; &lt;div class=&#8221;et_pb_module et_pb_image et_pb_image_2 et_always_center_on_mobile&#8221;&gt;&lt;!&#8211; [et_pb_line_break_holder] &#8211;&gt; &lt;!&#8211; [et_pb_line_break_holder] &#8211;&gt; &lt;!&#8211; [et_pb_line_break_holder] &#8211;&gt; &lt;a href=&#8221;https:\/\/gyerekbarateskuvo.hu\/&#8221; target=&#8221;_blank&#8221;&gt;&lt;span class=&#8221;et_pb_image_wrap&#8221;&gt;&lt;img src=&#8221;http:\/\/gyerekbarateskuvo.hu\/wp-content\/uploads\/2019\/04\/oriasbuborek_logo_01.png&#8221; alt=&#8221;\u00d3ri\u00e1sbubor\u00e9k&#8221; align=&#8221;bottom&#8221; \/&gt;&lt;\/span&gt;&lt;\/a&gt;&lt;!&#8211; [et_pb_line_break_holder] &#8211;&gt; &lt;\/div&gt;&lt;!&#8211; [et_pb_line_break_holder] &#8211;&gt; &lt;\/div&gt;&lt;br&gt;&lt;br&gt;&lt;br&gt;&lt;br&gt;&lt;br&gt;&lt;br&gt;&lt;br&gt;[\/et_pb_code][et_pb_text admin_label=&#8221;Mott\u00f3&#8221; _builder_version=&#8221;3.0.106&#8243; background_layout=&#8221;light&#8221; text_font=&#8221;Combo||||||||&#8221; text_font_size=&#8221;20px&#8221; text_text_color=&#8221;#000000&#8243; header_2_font=&#8221;Combo||||||||&#8221; header_2_text_color=&#8221;#18bccf&#8221;]\r\n\r\n&nbsp;\r\n<h3 style=\"text-align: center;\"><span style=\"color: #18bccf;\">Mott\u00f3nk:<\/span><\/h3>\r\n<h3 style=\"text-align: center;\"><span style=\"color: #18bccf;\">\u00d3RI\u00c1SBUBOR\u00c9K &#8211; \u00d3RI\u00c1S eml\u00e9k &#8211; \u00d3RI\u00c1S \u00e9lm\u00e9ny &#8211; NEKED!<\/span><\/h3>\r\n&nbsp;\r\n\r\n[\/et_pb_text][et_pb_text admin_label=&#8221;Aj\u00e1nl\u00f3&#8221; _builder_version=&#8221;3.0.106&#8243; background_layout=&#8221;light&#8221; text_font=&#8221;Combo||||||||&#8221; text_font_size=&#8221;20px&#8221; text_text_color=&#8221;#643d1f&#8221; header_2_font=&#8221;Combo||||||||&#8221; header_2_text_color=&#8221;#18bccf&#8221;]\r\n<h3>Aj\u00e1nljuk:<\/h3>\r\n&nbsp;\r\n<table style=\"width: 100%; height: 100%; border: none;\">\r\n<tbody>\r\n<tr>\r\n<td>\r\n<ul>\r\n \t<li>\r\n<h3>Esk\u00fcv\u0151re<\/h3>\r\n<\/li>\r\n<\/ul>\r\n<\/td>\r\n<td>\r\n<ul>\r\n \t<li>\r\n<h3>Fot\u00f3z\u00e1sra (kreat\u00edv, jegyes, modell, csal\u00e1d)<\/h3>\r\n<\/li>\r\n<\/ul>\r\n<\/td>\r\n<\/tr>\r\n<tr>\r\n<td>\r\n<ul>\r\n \t<li>\r\n<h3>Gyerekzs\u00farra<\/h3>\r\n<\/li>\r\n<\/ul>\r\n<\/td>\r\n<td>\r\n<ul>\r\n \t<li>\r\n<h3>Sz\u00ednpadi bemutat\u00f3ra<\/h3>\r\n<\/li>\r\n<\/ul>\r\n<\/td>\r\n<\/tr>\r\n<tr>\r\n<td>\r\n<ul>\r\n \t<li>\r\n<h3>Sz\u00fclet\u00e9snapra<\/h3>\r\n<\/li>\r\n<\/ul>\r\n<\/td>\r\n<td>\r\n<ul>\r\n \t<li>\r\n<h3>Ny\u00e1ri t\u00e1borokba<\/h3>\r\n<\/li>\r\n<\/ul>\r\n<\/td>\r\n<\/tr>\r\n<tr>\r\n<td>\r\n<ul>\r\n \t<li>\r\n<h3>C\u00e9ges rendezv\u00e9nyre<\/h3>\r\n<\/li>\r\n<\/ul>\r\n<\/td>\r\n<td>\r\n<ul>\r\n \t<li>\r\n<h3>Csal\u00e1di napra<\/h3>\r\n<\/li>\r\n<\/ul>\r\n<\/td>\r\n<\/tr>\r\n<\/tbody>\r\n<\/table>\r\n[\/et_pb_text][\/et_pb_column][\/et_pb_row][\/et_pb_section]","protected":false},"excerpt":{"rendered":"<p>\u00d3ri\u00e1sbubor\u00e9k &#8211; Kezd\u0151lap Szeretettel k\u00f6sz\u00f6ntj\u00fck a gyerekbar\u00e1t \u00d3RI\u00c1SBUBOR\u00c9K vil\u00e1g\u00e1ban! Tegye egyediv\u00e9, \u00e9s dobja fel rendezv\u00e9ny\u00e9t! V\u00e1llaljuk, hogy bemutatjuk \u00e9s megtan\u00edtjuk a r\u00e9sztvev\u0151knek az 5-10 m\u00e9teres \u00f3ri\u00e1sbubor\u00e9kok k\u00e9sz\u00edt\u00e9s\u00e9t. Szakk\u00e9pzett pedag\u00f3gus-anim\u00e1tor csapatunk Magyarorsz\u00e1gon az els\u0151kk\u00e9nt, k\u00f6zel t\u00edz \u00e9ve k\u00e1pr\u00e1ztat el kicsiket \u00e9s nagyokat k\u00fcl\u00f6nleges bubor\u00e9kcsod\u00e1ival. A felhaszn\u00e1lt anyag term\u00e9szetesen gyerekbar\u00e1t \u00e9s nem tartalmaz vesz\u00e9lyes anyagot! Az \u00f3ri\u00e1sbubor\u00e9k exkluz\u00edv l\u00e1tv\u00e1ny minden rendezv\u00e9nyen, de interakt\u00edv produkci\u00f3nak is alkalmas a szabadban, \u00e9s fedett helyen egyar\u00e1nt. K\u00fcl\u00f6nf\u00e9le form\u00e1j\u00fa bubor\u00e9kk\u00e9sz\u00edt\u0151 p\u00e1lc\u00e1kkal, \u00e9s professzion\u00e1lis bubor\u00e9kf\u00faj\u00f3 g\u00e9pekkel kieg\u00e9sz\u00fclve pedig igazi sz\u00ednes mesevil\u00e1g t\u00e1rul a n\u00e9z\u0151k el\u00e9. Csapatunk t\u00f6bbs\u00e9ge budapesti, de szolg\u00e1ltat\u00e1saink orsz\u00e1gosan megrendelhet\u0151ek. A Napraforg\u00f3k J\u00e1tsz\u00f3h\u00e1z, \u00e9s a Gyerekbar\u00e1t Esk\u00fcv\u0151 anim\u00e1toraival, sokr\u00e9t\u0171 szolg\u00e1ltat\u00e1saival, \u00e9s j\u00e1t\u00e9kparkj\u00e1val kieg\u00e9sz\u00fclve pedig teljes \u00e9lm\u00e9nyt garant\u00e1lunk kicsiknek \u00e9s nagyoknak egyar\u00e1nt. &nbsp; A legt\u00f6bb \u00d3RI\u00c1SBUBOR\u00c9K szolg\u00e1ltat\u00e1st, egyed\u00fcl mi garant\u00e1ljuk az orsz\u00e1gban! &nbsp; &lt;div class=&#8221;et_pb_column et_pb_column_1_3 et_pb_column_1 et_pb_css_mix_blend_mode_passthrough&#8221;&gt;&lt;!&#8211; [et_pb_line_break_holder] &#8211;&gt; &lt;!&#8211; [et_pb_line_break_holder] &#8211;&gt; &lt;div class=&#8221;et_pb_module et_pb_image et_pb_image_0 et_always_center_on_mobile&#8221;&gt;&lt;!&#8211; [et_pb_line_break_holder] &#8211;&gt; &lt;!&#8211; [et_pb_line_break_holder] &#8211;&gt; &lt;a href=&#8221;http:\/\/napraforgokjatszohaz.hu\/&#8221; target=&#8221;_blank&#8221;&gt;&lt;span class=&#8221;et_pb_image_wrap&#8221;&gt;&lt;img src=&#8221;http:\/\/gyerekbarateskuvo.hu\/wp-content\/uploads\/2019\/04\/napraforgok_jatszohaz_logo_01.png&#8221; alt=&#8221;Napraforg\u00f3k j\u00e1tsz\u00f3h\u00e1z&#8221; align=&#8221;bottom&#8221; \/&gt;&lt;\/span&gt;&lt;\/a&gt;&lt;!&#8211; [et_pb_line_break_holder] &#8211;&gt; &lt;\/div&gt;&lt;!&#8211; [et_pb_line_break_holder] &#8211;&gt; &lt;\/div&gt; &lt;!&#8211; [et_pb_line_break_holder] &#8211;&gt;&lt;div class=&#8221;et_pb_column et_pb_column_1_3 et_pb_column_2 et_pb_css_mix_blend_mode_passthrough&#8221;&gt;&lt;!&#8211; [et_pb_line_break_holder] &#8211;&gt; &lt;!&#8211; [et_pb_line_break_holder] &#8211;&gt; &lt;!&#8211; [et_pb_line_break_holder] &#8211;&gt; &lt;div class=&#8221;et_pb_module et_pb_image et_pb_image_1 et_always_center_on_mobile&#8221;&gt;&lt;!&#8211; [et_pb_line_break_holder] &#8211;&gt; &lt;!&#8211; [et_pb_line_break_holder] &#8211;&gt; &lt;!&#8211; [et_pb_line_break_holder] &#8211;&gt; &lt;a href=&#8221;http:\/\/www.gyerekbarateskuvo.hu\/&#8221; target=&#8221;_blank&#8221;&gt;&lt;span class=&#8221;et_pb_image_wrap&#8221;&gt;&lt;img src=&#8221;http:\/\/gyerekbarateskuvo.hu\/wp-content\/uploads\/2019\/04\/madarak2.png&#8221; alt=&#8221;Gyerekbar\u00e1t esk\u00fcv\u0151&#8221; \/&gt;&lt;\/span&gt;&lt;\/a&gt;&lt;!&#8211; [et_pb_line_break_holder] &#8211;&gt; &lt;\/div&gt;&lt;!&#8211; [et_pb_line_break_holder] &#8211;&gt; &lt;\/div&gt; &lt;!&#8211; .et_pb_column &#8211;&gt;&lt;div class=&#8221;et_pb_column et_pb_column_1_3 et_pb_column_3 et_pb_css_mix_blend_mode_passthrough et-last-child&#8221;&gt;&lt;!&#8211; [et_pb_line_break_holder] &#8211;&gt; &lt;!&#8211; [et_pb_line_break_holder] &#8211;&gt; &lt;!&#8211; [et_pb_line_break_holder] &#8211;&gt; &lt;div class=&#8221;et_pb_module et_pb_image et_pb_image_2 et_always_center_on_mobile&#8221;&gt;&lt;!&#8211; [et_pb_line_break_holder] &#8211;&gt; &lt;!&#8211; [et_pb_line_break_holder] &#8211;&gt; &lt;!&#8211; [et_pb_line_break_holder] &#8211;&gt; &lt;a href=&#8221;https:\/\/gyerekbarateskuvo.hu\/&#8221; target=&#8221;_blank&#8221;&gt;&lt;span class=&#8221;et_pb_image_wrap&#8221;&gt;&lt;img src=&#8221;http:\/\/gyerekbarateskuvo.hu\/wp-content\/uploads\/2019\/04\/oriasbuborek_logo_01.png&#8221; alt=&#8221;\u00d3ri\u00e1sbubor\u00e9k&#8221; align=&#8221;bottom&#8221; \/&gt;&lt;\/span&gt;&lt;\/a&gt;&lt;!&#8211; [et_pb_line_break_holder] &#8211;&gt; &lt;\/div&gt;&lt;!&#8211; [et_pb_line_break_holder] &#8211;&gt; &lt;\/div&gt;&lt;br&gt;&lt;br&gt;&lt;br&gt;&lt;br&gt;&lt;br&gt;&lt;br&gt;&lt;br&gt; &nbsp; Mott\u00f3nk: \u00d3RI\u00c1SBUBOR\u00c9K &#8211; \u00d3RI\u00c1S eml\u00e9k &#8211; \u00d3RI\u00c1S \u00e9lm\u00e9ny &#8211; NEKED! &nbsp; Aj\u00e1nljuk: &nbsp; Esk\u00fcv\u0151re Fot\u00f3z\u00e1sra (kreat\u00edv, jegyes, modell, csal\u00e1d) Gyerekzs\u00farra Sz\u00ednpadi bemutat\u00f3ra Sz\u00fclet\u00e9snapra Ny\u00e1ri t\u00e1borokba C\u00e9ges rendezv\u00e9nyre Csal\u00e1di napra<\/p>\n","protected":false},"author":2,"featured_media":0,"parent":0,"menu_order":0,"comment_status":"closed","ping_status":"closed","template":"","meta":{"_et_pb_use_builder":"on","_et_pb_old_content":"","_et_gb_content_width":"","footnotes":""},"class_list":["post-322","page","type-page","status-publish","hentry"],"aioseo_notices":[],"_links":{"self":[{"href":"https:\/\/gyerekbarateskuvo.hu\/en\/wp-json\/wp\/v2\/pages\/322"}],"collection":[{"href":"https:\/\/gyerekbarateskuvo.hu\/en\/wp-json\/wp\/v2\/pages"}],"about":[{"href":"https:\/\/gyerekbarateskuvo.hu\/en\/wp-json\/wp\/v2\/types\/page"}],"author":[{"embeddable":true,"href":"https:\/\/gyerekbarateskuvo.hu\/en\/wp-json\/wp\/v2\/users\/2"}],"replies":[{"embeddable":true,"href":"https:\/\/gyerekbarateskuvo.hu\/en\/wp-json\/wp\/v2\/comments?post=322"}],"version-history":[{"count":4,"href":"https:\/\/gyerekbarateskuvo.hu\/en\/wp-json\/wp\/v2\/pages\/322\/revisions"}],"predecessor-version":[{"id":1335,"href":"https:\/\/gyerekbarateskuvo.hu\/en\/wp-json\/wp\/v2\/pages\/322\/revisions\/1335"}],"wp:attachment":[{"href":"https:\/\/gyerekbarateskuvo.hu\/en\/wp-json\/wp\/v2\/media?parent=322"}],"curies":[{"name":"wp","href":"https:\/\/api.w.org\/{rel}","templated":true}]}}