{"id":20,"date":"2019-04-12T15:43:46","date_gmt":"2019-04-12T13:43:46","guid":{"rendered":"http:\/\/gyerekbarateskuvo.hu\/?page_id=20"},"modified":"2020-03-19T16:51:55","modified_gmt":"2020-03-19T14:51:55","slug":"kapcsolat","status":"publish","type":"page","link":"https:\/\/gyerekbarateskuvo.hu\/en\/kapcsolat\/","title":{"rendered":"Contact"},"content":{"rendered":"<p>[et_pb_section bb_built=&#8221;1&#8243; admin_label=&#8221;H\u00e1tt\u00e9r&#8221; _builder_version=&#8221;3.0.106&#8243; background_position=&#8221;top_center&#8221; background_image=&#8221;http:\/\/gyerekbarateskuvo.hu\/wp-content\/uploads\/2019\/04\/felho_bg.jpg&#8221;][et_pb_row _builder_version=&#8221;3.0.106&#8243; background_image=&#8221;http:\/\/gyerekbarateskuvo.hu\/wp-content\/uploads\/2019\/04\/content_bg.png&#8221; background_repeat=&#8221;repeat&#8221; use_custom_width=&#8221;on&#8221; custom_width_px=&#8221;960px&#8221; custom_margin_last_edited=&#8221;off|desktop&#8221; border_radii=&#8221;on|0px|0px|0px|0px&#8221; box_shadow_style=&#8221;preset1&#8243; gutter_width=&#8221;2&#8243; custom_padding=&#8221;20px|20px||20px&#8221; custom_padding_last_edited=&#8221;on|&#8221; module_id=&#8221;first-top-border&#8221;][et_pb_column type=&#8221;1_3&#8243;][et_pb_text _builder_version=&#8221;3.0.106&#8243; background_layout=&#8221;light&#8221; text_font=&#8221;Combo||||||||&#8221; text_font_size=&#8221;22px&#8221; text_text_color=&#8221;#643d1f&#8221;]<\/p>\n<h1>KAPCSOLAT<\/h1>\n<ul>\n<li>RECreal St\u00fadi\u00f3 Kft.<\/li>\n<li>\u00dcgyvezet\u0151: Lazs\u00e1di \u00c1kos<\/li>\n<li>C\u00edm: 1126 Budapest, Ugocsa utca 4\/A.<\/li>\n<li>Mobil: +36 30 7254 234<\/li>\n<li>E-mail: info@gyerekbarateskuvo.hu<\/li>\n<li>Ad\u00f3sz\u00e1m: 12147447-1-43<\/li>\n<\/ul>\n<p><a href=\"https:\/\/www.facebook.com\/oriasbuborek?fref=ts\" target=\"_blank\" rel=\"noopener noreferrer\"><img decoding=\"async\" class=\"alignleft\" style=\"border: none;\" src=\"http:\/\/gyerekbarateskuvo.hu\/wp-content\/uploads\/2019\/04\/facebook.png\" alt=\"facebook profile\" \/><\/a> <a href=\"https:\/\/www.youtube.com\/channel\/UCruT6N2e1aAdHx0Aencfhkw\" target=\"_blank\" rel=\"noopener noreferrer\"><img decoding=\"async\" class=\"alignleft\" style=\"border: none;\" src=\"http:\/\/gyerekbarateskuvo.hu\/wp-content\/uploads\/2019\/04\/youtube.png\" alt=\"youtube channel\" \/><\/a><\/p>\n<p>[\/et_pb_text][\/et_pb_column][et_pb_column type=&#8221;2_3&#8243;][et_pb_text _builder_version=&#8221;3.0.106&#8243; background_layout=&#8221;light&#8221;]<\/p>\n<p><img decoding=\"async\" style=\"padding-right: 25px;\" src=\"http:\/\/gyerekbarateskuvo.hu\/wp-content\/uploads\/2019\/04\/kapcsolat_2.jpg\" alt=\"\u00d3ri\u00e1sbubor\u00e9k kapcsolat\" \/> <img decoding=\"async\" src=\"http:\/\/gyerekbarateskuvo.hu\/wp-content\/uploads\/2019\/04\/lazsadi_akos.jpg\" alt=\"Lazs\u00e1di \u00c1kos \u00d3ri\u00e1sbubor\u00e9k \u00fcgyvezet\u0151\" \/><\/p>\n<p>[\/et_pb_text][\/et_pb_column][\/et_pb_row][et_pb_row _builder_version=&#8221;3.0.106&#8243; background_image=&#8221;http:\/\/gyerekbarateskuvo.hu\/wp-content\/uploads\/2019\/04\/content_bg.png&#8221; background_repeat=&#8221;repeat&#8221; use_custom_width=&#8221;on&#8221; custom_width_px=&#8221;960px&#8221; custom_margin_last_edited=&#8221;off|desktop&#8221; border_radii=&#8221;on|0px|0px|0px|0px&#8221; box_shadow_style=&#8221;preset1&#8243; gutter_width=&#8221;2&#8243; custom_padding=&#8221;20px|20px||20px&#8221; custom_padding_last_edited=&#8221;on|&#8221; module_id=&#8221;last-bottom-border&#8221;][et_pb_column type=&#8221;4_4&#8243;][et_pb_text admin_label=&#8221;T\u00e9rk\u00e9p&#8221; _builder_version=&#8221;3.0.106&#8243; background_layout=&#8221;light&#8221;]<\/p>\n<p><iframe style=\"border: 0;\" src=\"https:\/\/www.google.com\/maps\/embed?pb=!1m18!1m12!1m3!1d2695.796351128992!2d19.02130250000001!3d47.49388050000001!2m3!1f0!2f0!3f0!3m2!1i1024!2i768!4f13.1!3m3!1m2!1s0x4741dc28792f050b%3A0xe1473f32ebff2602!2sUgocsa+u.+4a%2C+Budapest%2C+1126!5e0!3m2!1shu!2shu!4v1422060099952\" width=\"100%\" height=\"450\" frameborder=\"0\"><\/iframe><\/p>\n<p>[\/et_pb_text][\/et_pb_column][\/et_pb_row][\/et_pb_section]<\/p>","protected":false},"excerpt":{"rendered":"<p>KAPCSOLAT RECreal St\u00fadi\u00f3 Kft. \u00dcgyvezet\u0151: Lazs\u00e1di \u00c1kos C\u00edm: 1126 Budapest, Ugocsa utca 4\/A. Mobil: +36 30 7254 234 E-mail: info@gyerekbarateskuvo.hu Ad\u00f3sz\u00e1m: 12147447-1-43<\/p>\n","protected":false},"author":2,"featured_media":0,"parent":0,"menu_order":0,"comment_status":"closed","ping_status":"closed","template":"","meta":{"_et_pb_use_builder":"on","_et_pb_old_content":"","_et_gb_content_width":"","footnotes":""},"class_list":["post-20","page","type-page","status-publish","hentry"],"aioseo_notices":[],"_links":{"self":[{"href":"https:\/\/gyerekbarateskuvo.hu\/en\/wp-json\/wp\/v2\/pages\/20"}],"collection":[{"href":"https:\/\/gyerekbarateskuvo.hu\/en\/wp-json\/wp\/v2\/pages"}],"about":[{"href":"https:\/\/gyerekbarateskuvo.hu\/en\/wp-json\/wp\/v2\/types\/page"}],"author":[{"embeddable":true,"href":"https:\/\/gyerekbarateskuvo.hu\/en\/wp-json\/wp\/v2\/users\/2"}],"replies":[{"embeddable":true,"href":"https:\/\/gyerekbarateskuvo.hu\/en\/wp-json\/wp\/v2\/comments?post=20"}],"version-history":[{"count":17,"href":"https:\/\/gyerekbarateskuvo.hu\/en\/wp-json\/wp\/v2\/pages\/20\/revisions"}],"predecessor-version":[{"id":1865,"href":"https:\/\/gyerekbarateskuvo.hu\/en\/wp-json\/wp\/v2\/pages\/20\/revisions\/1865"}],"wp:attachment":[{"href":"https:\/\/gyerekbarateskuvo.hu\/en\/wp-json\/wp\/v2\/media?parent=20"}],"curies":[{"name":"wp","href":"https:\/\/api.w.org\/{rel}","templated":true}]}}