{"id":18,"date":"2019-04-12T15:43:28","date_gmt":"2019-04-12T13:43:28","guid":{"rendered":"http:\/\/gyerekbarateskuvo.hu\/?page_id=18"},"modified":"2020-04-22T15:12:47","modified_gmt":"2020-04-22T13:12:47","slug":"ajanlatkeres","status":"publish","type":"page","link":"https:\/\/gyerekbarateskuvo.hu\/en\/ajanlatkeres\/","title":{"rendered":"Quote"},"content":{"rendered":"<p>[et_pb_section bb_built=&#8221;1&#8243; admin_label=&#8221;H\u00e1tt\u00e9r&#8221; _builder_version=&#8221;3.0.106&#8243; background_position=&#8221;top_center&#8221; background_image=&#8221;http:\/\/gyerekbarateskuvo.hu\/wp-content\/uploads\/2019\/04\/felho_bg.jpg&#8221;][et_pb_row _builder_version=&#8221;3.0.106&#8243; background_image=&#8221;http:\/\/gyerekbarateskuvo.hu\/wp-content\/uploads\/2019\/04\/content_bg.png&#8221; background_repeat=&#8221;repeat&#8221; use_custom_width=&#8221;on&#8221; custom_width_px=&#8221;960px&#8221; custom_margin_last_edited=&#8221;off|desktop&#8221; border_radii=&#8221;on|0px|0px|0px|0px&#8221; box_shadow_style=&#8221;preset1&#8243; gutter_width=&#8221;2&#8243; custom_padding=&#8221;20px|20px||20px&#8221; custom_padding_last_edited=&#8221;on|&#8221;][et_pb_column type=&#8221;2_3&#8243;][et_pb_text _builder_version=&#8221;3.0.106&#8243; background_layout=&#8221;light&#8221; text_font=&#8221;Combo||||||||&#8221; text_font_size=&#8221;22px&#8221; text_text_color=&#8221;#643d1f&#8221;]<\/p>\n<h1>\u00d3RI\u00c1SBUBOR\u00c9K &#8211; AJ\u00c1NLATK\u00c9R\u00c9S<\/h1>\n<p style=\"text-align: justify;\">Az ig\u00e9nyelt szolg\u00e1ltat\u00e1sokra r\u00f6vid id\u0151n bel\u00fcl egy\u00e9nre szabott aj\u00e1nlatot k\u00fcld\u00fcnk. Ha sz\u00fcks\u00e9ges, a konzult\u00e1ci\u00f3s id\u0151pontban \u00e1tbesz\u00e9lj\u00fck a tov\u00e1bbi r\u00e9szleteket, \u00e9s term\u00e9szetesen szerz\u0151d\u00fcnk egym\u00e1ssal. A v\u00e9gs\u0151 \u00e1r, pontos gyerekl\u00e9tsz\u00e1m, id\u0151tartam \u00e9s anim\u00e1torsz\u00e1m f\u00fcggv\u00e9nye! A szolg\u00e1ltat\u00e1s \u00e1ra nem tartalmazza a kisz\u00e1ll\u00e1si k\u00f6lts\u00e9get!<\/p>\n<p>[\/et_pb_text][\/et_pb_column][et_pb_column type=&#8221;1_3&#8243;][et_pb_image _builder_version=&#8221;3.0.106&#8243; src=&#8221;http:\/\/gyerekbarateskuvo.hu\/wp-content\/uploads\/2019\/04\/ajanlatkeres.jpg&#8221; show_in_lightbox=&#8221;off&#8221; url_new_window=&#8221;off&#8221; use_overlay=&#8221;off&#8221; always_center_on_mobile=&#8221;on&#8221; force_fullwidth=&#8221;off&#8221; show_bottom_space=&#8221;on&#8221; \/][\/et_pb_column][\/et_pb_row][et_pb_row _builder_version=&#8221;3.0.106&#8243; background_image=&#8221;http:\/\/gyerekbarateskuvo.hu\/wp-content\/uploads\/2019\/04\/content_bg.png&#8221; background_repeat=&#8221;repeat&#8221; use_custom_width=&#8221;on&#8221; custom_width_px=&#8221;960px&#8221; custom_margin_last_edited=&#8221;off|desktop&#8221; border_radii=&#8221;on|0px|0px|0px|0px&#8221; box_shadow_style=&#8221;preset1&#8243; gutter_width=&#8221;2&#8243; custom_padding=&#8221;20px|20px||20px&#8221; custom_padding_last_edited=&#8221;on|&#8221;][et_pb_column type=&#8221;4_4&#8243;][et_pb_text _builder_version=&#8221;3.0.106&#8243; background_layout=&#8221;light&#8221; text_font=&#8221;Combo||||||||&#8221; text_font_size=&#8221;22px&#8221; text_text_color=&#8221;#643d1f&#8221;]<\/p>\n<p class=\"wpcf7-contact-form-not-found\"><strong>Error:<\/strong> Contact form not found.<\/p>\n<p>[\/et_pb_text][\/et_pb_column][\/et_pb_row][\/et_pb_section]<\/p>","protected":false},"excerpt":{"rendered":"<p>\u00d3RI\u00c1SBUBOR\u00c9K &#8211; AJ\u00c1NLATK\u00c9R\u00c9S Az ig\u00e9nyelt szolg\u00e1ltat\u00e1sokra r\u00f6vid id\u0151n bel\u00fcl egy\u00e9nre szabott aj\u00e1nlatot k\u00fcld\u00fcnk. Ha sz\u00fcks\u00e9ges, a konzult\u00e1ci\u00f3s id\u0151pontban \u00e1tbesz\u00e9lj\u00fck a tov\u00e1bbi r\u00e9szleteket, \u00e9s term\u00e9szetesen szerz\u0151d\u00fcnk egym\u00e1ssal. A v\u00e9gs\u0151 \u00e1r, pontos gyerekl\u00e9tsz\u00e1m, id\u0151tartam \u00e9s anim\u00e1torsz\u00e1m f\u00fcggv\u00e9nye! A szolg\u00e1ltat\u00e1s \u00e1ra nem tartalmazza a kisz\u00e1ll\u00e1si k\u00f6lts\u00e9get! <p class=\"wpcf7-contact-form-not-found\"><strong>Error:<\/strong> Contact form not found.<\/p><\/p>\n","protected":false},"author":2,"featured_media":0,"parent":0,"menu_order":0,"comment_status":"closed","ping_status":"closed","template":"","meta":{"_et_pb_use_builder":"on","_et_pb_old_content":"","_et_gb_content_width":"","footnotes":""},"class_list":["post-18","page","type-page","status-publish","hentry"],"aioseo_notices":[],"_links":{"self":[{"href":"https:\/\/gyerekbarateskuvo.hu\/en\/wp-json\/wp\/v2\/pages\/18"}],"collection":[{"href":"https:\/\/gyerekbarateskuvo.hu\/en\/wp-json\/wp\/v2\/pages"}],"about":[{"href":"https:\/\/gyerekbarateskuvo.hu\/en\/wp-json\/wp\/v2\/types\/page"}],"author":[{"embeddable":true,"href":"https:\/\/gyerekbarateskuvo.hu\/en\/wp-json\/wp\/v2\/users\/2"}],"replies":[{"embeddable":true,"href":"https:\/\/gyerekbarateskuvo.hu\/en\/wp-json\/wp\/v2\/comments?post=18"}],"version-history":[{"count":8,"href":"https:\/\/gyerekbarateskuvo.hu\/en\/wp-json\/wp\/v2\/pages\/18\/revisions"}],"predecessor-version":[{"id":2299,"href":"https:\/\/gyerekbarateskuvo.hu\/en\/wp-json\/wp\/v2\/pages\/18\/revisions\/2299"}],"wp:attachment":[{"href":"https:\/\/gyerekbarateskuvo.hu\/en\/wp-json\/wp\/v2\/media?parent=18"}],"curies":[{"name":"wp","href":"https:\/\/api.w.org\/{rel}","templated":true}]}}