{"id":1740,"date":"2020-03-05T22:39:50","date_gmt":"2020-03-05T20:39:50","guid":{"rendered":"https:\/\/gyerekbarateskuvo.hu\/?page_id=1740"},"modified":"2020-05-05T07:50:48","modified_gmt":"2020-05-05T05:50:48","slug":"hagyomanyorzo-foglalkozas","status":"publish","type":"page","link":"https:\/\/gyerekbarateskuvo.hu\/en\/ceges-rendezveny\/szolgaltatasok\/hagyomanyorzo-foglalkozas\/","title":{"rendered":"Hagyomanyorzo foglalkozas"},"content":{"rendered":"<p>[et_pb_section bb_built=&#8221;1&#8243; admin_label=&#8221;H\u00e1tt\u00e9r&#8221; _builder_version=&#8221;3.0.106&#8243; background_position=&#8221;top_center&#8221; background_image=&#8221;http:\/\/gyerekbarateskuvo.hu\/wp-content\/uploads\/2019\/04\/felho_bg.jpg&#8221;][et_pb_row _builder_version=&#8221;3.0.106&#8243; background_image=&#8221;http:\/\/gyerekbarateskuvo.hu\/wp-content\/uploads\/2019\/04\/content_bg.png&#8221; background_repeat=&#8221;repeat&#8221; use_custom_width=&#8221;on&#8221; custom_width_px=&#8221;960px&#8221; custom_margin_last_edited=&#8221;off|desktop&#8221; border_radii=&#8221;on|0px|0px|0px|0px&#8221; box_shadow_style=&#8221;preset1&#8243; gutter_width=&#8221;2&#8243; custom_padding=&#8221;20px|20px||20px&#8221; custom_padding_last_edited=&#8221;on|&#8221;][et_pb_column type=&#8221;4_4&#8243;][et_pb_text _builder_version=&#8221;3.0.106&#8243; background_layout=&#8221;light&#8221; text_font=&#8221;Combo||||||||&#8221; text_font_size=&#8221;22px&#8221; text_text_color=&#8221;#643d1f&#8221;]<\/p>\n<h1>COMPANY EVENT \/ SERVICES \/ KEEP TRADITIONS ACTIVITY<\/h1>\n<p>[\/et_pb_text][\/et_pb_column][\/et_pb_row][et_pb_row _builder_version=&#8221;3.0.106&#8243; background_image=&#8221;http:\/\/gyerekbarateskuvo.hu\/wp-content\/uploads\/2019\/04\/content_bg.png&#8221; background_repeat=&#8221;repeat&#8221; use_custom_width=&#8221;on&#8221; custom_width_px=&#8221;960px&#8221; custom_margin_last_edited=&#8221;off|desktop&#8221; border_radii=&#8221;on|0px|0px|0px|0px&#8221; box_shadow_style=&#8221;preset1&#8243; gutter_width=&#8221;2&#8243; custom_padding=&#8221;20px|20px||20px&#8221; custom_padding_last_edited=&#8221;on|&#8221;][et_pb_column type=&#8221;2_3&#8243;][et_pb_text admin_label=&#8221;Hagyom\u00e1ny\u00f6rz\u0151 foglalkoz\u00e1s&#8221; _builder_version=&#8221;3.0.106&#8243; background_layout=&#8221;light&#8221;]<\/p>\n<p>Keep traditions activity<\/p>\n<ol>\n<li>Shepherd&#8217;s Life<\/li>\n<\/ol>\n<p>Children can learn about the lives, customs, and tools of ancient shepherds in a playful way. First they become little shepherd boys, then they learn to pay the shepherd\u2019s salary, finally they compete and have fun. Tradition, fairy tale, play for preschoolers and schoolchildren.<\/p>\n<p>Recommended age: 4-10 years<\/p>\n<p>Number of people: 25 people<br \/>\nSession duration: 45 minutes<br \/>\nSpace requirement: 50-60 m2<br \/>\nAvailability: 5 hours<\/p>\n<p>[\/et_pb_text][\/et_pb_column][et_pb_column type=&#8221;1_3&#8243;][et_pb_image admin_label=&#8221;Hagyom\u00e1ny\u00f6rz\u0151 k\u00e9p#3&#8243; _builder_version=&#8221;3.0.106&#8243; src=&#8221;https:\/\/gyerekbarateskuvo.hu\/wp-content\/uploads\/2020\/03\/hagyomanyorzo-foglalkozas.jpg&#8221; show_in_lightbox=&#8221;on&#8221; url_new_window=&#8221;off&#8221; use_overlay=&#8221;off&#8221; always_center_on_mobile=&#8221;on&#8221; force_fullwidth=&#8221;off&#8221; show_bottom_space=&#8221;on&#8221; \/][\/et_pb_column][\/et_pb_row][et_pb_row _builder_version=&#8221;3.0.106&#8243; background_image=&#8221;http:\/\/gyerekbarateskuvo.hu\/wp-content\/uploads\/2019\/04\/content_bg.png&#8221; background_repeat=&#8221;repeat&#8221; use_custom_width=&#8221;on&#8221; custom_width_px=&#8221;960px&#8221; custom_margin_last_edited=&#8221;off|desktop&#8221; border_radii=&#8221;on|0px|0px|0px|0px&#8221; box_shadow_style=&#8221;preset1&#8243; gutter_width=&#8221;2&#8243; custom_padding=&#8221;20px|20px||20px&#8221; custom_padding_last_edited=&#8221;on|&#8221;][et_pb_column type=&#8221;2_3&#8243;][et_pb_text admin_label=&#8221;Hagyom\u00e1ny\u00f6rz\u0151 foglalkoz\u00e1s&#8221; _builder_version=&#8221;3.0.106&#8243; background_layout=&#8221;light&#8221;]<\/p>\n<ol style=\"text-align: justify;\" start=\"2\">\n<li>Blacksmithing<\/li>\n<\/ol>\n<p>Kids can playfully learn about the crafts and tools of blacksmiths. First they are blowers, then grinders, and finally they become real blacksmiths and make small horseshoes. Tradition, fairy tale, play for preschoolers and schoolchildren. Availability: 5 hours<\/p>\n<p>Recommended age: 6-12 years<br \/>\nNumber of people: 10 people<br \/>\nSession duration: 30 minutes<br \/>\nSpace requirement: 20-25 m2<br \/>\nAvailability: 5 hours<\/p>\n<p>[\/et_pb_text][\/et_pb_column][et_pb_column type=&#8221;1_3&#8243;][et_pb_image admin_label=&#8221;Hagyom\u00e1ny\u00f6rz\u0151 k\u00e9p#2&#8243; _builder_version=&#8221;3.0.106&#8243; src=&#8221;https:\/\/gyerekbarateskuvo.hu\/wp-content\/uploads\/2020\/03\/67638678_2410375939041000_8196251889579327488_n.jpg&#8221; show_in_lightbox=&#8221;on&#8221; url_new_window=&#8221;off&#8221; use_overlay=&#8221;off&#8221; always_center_on_mobile=&#8221;on&#8221; force_fullwidth=&#8221;off&#8221; show_bottom_space=&#8221;on&#8221; \/][\/et_pb_column][\/et_pb_row][et_pb_row _builder_version=&#8221;3.0.106&#8243; background_image=&#8221;http:\/\/gyerekbarateskuvo.hu\/wp-content\/uploads\/2019\/04\/content_bg.png&#8221; background_repeat=&#8221;repeat&#8221; use_custom_width=&#8221;on&#8221; custom_width_px=&#8221;960px&#8221; custom_margin_last_edited=&#8221;off|desktop&#8221; border_radii=&#8221;on|0px|0px|0px|0px&#8221; box_shadow_style=&#8221;preset1&#8243; gutter_width=&#8221;2&#8243; custom_padding=&#8221;20px|20px||20px&#8221; custom_padding_last_edited=&#8221;on|&#8221;][et_pb_column type=&#8221;2_3&#8243;][et_pb_text admin_label=&#8221;Hagyom\u00e1ny\u00f6rz\u0151 foglalkoz\u00e1s&#8221; _builder_version=&#8221;3.0.106&#8243; background_layout=&#8221;light&#8221;]<\/p>\n<ol style=\"text-align: justify;\" start=\"3\">\n<li>Ancient crafts<\/li>\n<\/ol>\n<p>There is a small furnished yurt in the central location of the time travel. Nearby there is a fireplace, a potter&#8217;s pot hung on a slave tree and a flock of sheep herded into a paddock. The stories of our ancestors come to life through many interesting skill games. Tradition, fairy tale, play for preschoolers and schoolchildren.<\/p>\n<p>Recommended age: 4-10 years<br \/>\nNumber of people: 15 people<br \/>\nSession duration: 45 minutes<br \/>\nSpace requirement: 50-60 m2<br \/>\nAvailability: 5 hours<\/p>\n<p style=\"text-align: justify;\"><a href=\"\/ceges-rendezveny\/szolgaltatasok\/\">&lt;&lt; Vissza<\/a><\/p>\n<p>[\/et_pb_text][\/et_pb_column][et_pb_column type=&#8221;1_3&#8243;][et_pb_image admin_label=&#8221;Hagyom\u00e1ny\u00f6rz\u0151 k\u00e9p#1&#8243; _builder_version=&#8221;3.0.106&#8243; src=&#8221;https:\/\/gyerekbarateskuvo.hu\/wp-content\/uploads\/2020\/03\/69260455_2452235274855066_9125787497966600192_o.jpg&#8221; show_in_lightbox=&#8221;on&#8221; url_new_window=&#8221;off&#8221; use_overlay=&#8221;off&#8221; always_center_on_mobile=&#8221;on&#8221; force_fullwidth=&#8221;off&#8221; show_bottom_space=&#8221;on&#8221; \/][\/et_pb_column][\/et_pb_row][\/et_pb_section]<\/p>","protected":false},"excerpt":{"rendered":"<p>COMPANY EVENT \/ SERVICES \/ KEEP TRADITIONS ACTIVITY Keep traditions activity Shepherd&#8217;s Life Children can learn about the lives, customs, and tools of ancient shepherds in a playful way. First they become little shepherd boys, then they learn to pay the shepherd\u2019s salary, finally they compete and have fun. Tradition, fairy tale, play for preschoolers and schoolchildren. Recommended age: 4-10 years Number of people: 25 people Session duration: 45 minutes Space requirement: 50-60 m2 Availability: 5 hours Blacksmithing Kids can playfully learn about the crafts and tools of blacksmiths. First they are blowers, then grinders, and finally they become real blacksmiths and make small horseshoes. Tradition, fairy tale, play for preschoolers and schoolchildren. Availability: 5 hours Recommended age: 6-12 years Number of people: 10 people Session duration: 30 minutes Space requirement: 20-25 m2 Availability: 5 hours Ancient crafts There is a small furnished yurt in the central location of the time travel. Nearby there is a fireplace, a potter&#8217;s pot hung on a slave tree and a flock of sheep herded into a paddock. The stories of our ancestors come to life through many interesting skill games. Tradition, fairy tale, play for preschoolers and schoolchildren. Recommended age: 4-10 years Number of people: 15 people Session duration: 45 minutes Space requirement: 50-60 m2 Availability: 5 hours &lt;&lt; Vissza<\/p>\n","protected":false},"author":2,"featured_media":0,"parent":1763,"menu_order":0,"comment_status":"closed","ping_status":"closed","template":"","meta":{"_et_pb_use_builder":"on","_et_pb_old_content":"","_et_gb_content_width":"","footnotes":""},"class_list":["post-1740","page","type-page","status-publish","hentry"],"aioseo_notices":[],"_links":{"self":[{"href":"https:\/\/gyerekbarateskuvo.hu\/en\/wp-json\/wp\/v2\/pages\/1740"}],"collection":[{"href":"https:\/\/gyerekbarateskuvo.hu\/en\/wp-json\/wp\/v2\/pages"}],"about":[{"href":"https:\/\/gyerekbarateskuvo.hu\/en\/wp-json\/wp\/v2\/types\/page"}],"author":[{"embeddable":true,"href":"https:\/\/gyerekbarateskuvo.hu\/en\/wp-json\/wp\/v2\/users\/2"}],"replies":[{"embeddable":true,"href":"https:\/\/gyerekbarateskuvo.hu\/en\/wp-json\/wp\/v2\/comments?post=1740"}],"version-history":[{"count":12,"href":"https:\/\/gyerekbarateskuvo.hu\/en\/wp-json\/wp\/v2\/pages\/1740\/revisions"}],"predecessor-version":[{"id":2674,"href":"https:\/\/gyerekbarateskuvo.hu\/en\/wp-json\/wp\/v2\/pages\/1740\/revisions\/2674"}],"up":[{"embeddable":true,"href":"https:\/\/gyerekbarateskuvo.hu\/en\/wp-json\/wp\/v2\/pages\/1763"}],"wp:attachment":[{"href":"https:\/\/gyerekbarateskuvo.hu\/en\/wp-json\/wp\/v2\/media?parent=1740"}],"curies":[{"name":"wp","href":"https:\/\/api.w.org\/{rel}","templated":true}]}}