{"id":1513,"date":"2020-02-06T15:09:55","date_gmt":"2020-02-06T13:09:55","guid":{"rendered":"https:\/\/gyerekbarateskuvo.hu\/?page_id=1513"},"modified":"2020-05-10T11:16:09","modified_gmt":"2020-05-10T09:16:09","slug":"csomagok","status":"publish","type":"page","link":"https:\/\/gyerekbarateskuvo.hu\/en\/ceges-rendezveny\/csomagok\/","title":{"rendered":"Packages"},"content":{"rendered":"<p>[et_pb_section bb_built=&#8221;1&#8243; admin_label=&#8221;H\u00e1tt\u00e9r&#8221; _builder_version=&#8221;3.0.106&#8243; background_position=&#8221;top_center&#8221; background_image=&#8221;http:\/\/gyerekbarateskuvo.hu\/wp-content\/uploads\/2019\/04\/felho_bg.jpg&#8221;][et_pb_row _builder_version=&#8221;3.0.106&#8243; background_image=&#8221;http:\/\/gyerekbarateskuvo.hu\/wp-content\/uploads\/2019\/04\/content_bg.png&#8221; background_repeat=&#8221;repeat&#8221; use_custom_width=&#8221;on&#8221; custom_width_px=&#8221;960px&#8221; custom_margin_last_edited=&#8221;off|desktop&#8221; border_radii=&#8221;on|0px|0px|0px|0px&#8221; box_shadow_style=&#8221;preset1&#8243; gutter_width=&#8221;2&#8243; custom_padding=&#8221;20px|20px||20px&#8221; custom_padding_last_edited=&#8221;on|&#8221;][et_pb_column type=&#8221;4_4&#8243;][et_pb_text _builder_version=&#8221;3.0.106&#8243; background_layout=&#8221;light&#8221; text_font=&#8221;Combo||||||||&#8221; text_font_size=&#8221;22px&#8221; text_text_color=&#8221;#643d1f&#8221;]<\/p>\n<h1>BIRTHDAY \/ PACKAGES<\/h1>\n<p>[\/et_pb_text][\/et_pb_column][\/et_pb_row][et_pb_row _builder_version=&#8221;3.0.106&#8243; background_image=&#8221;http:\/\/gyerekbarateskuvo.hu\/wp-content\/uploads\/2019\/04\/content_bg.png&#8221; background_repeat=&#8221;repeat&#8221; use_custom_width=&#8221;on&#8221; custom_width_px=&#8221;960px&#8221; custom_margin_last_edited=&#8221;off|desktop&#8221; border_radii=&#8221;on|0px|0px|0px|0px&#8221; box_shadow_style=&#8221;preset1&#8243; gutter_width=&#8221;2&#8243; custom_padding=&#8221;20px|20px||20px&#8221; custom_padding_last_edited=&#8221;on|&#8221;][et_pb_column type=&#8221;2_3&#8243;][et_pb_text _builder_version=&#8221;3.0.106&#8243; background_layout=&#8221;light&#8221; module_class=&#8221;package package_small&#8221;]<\/p>\n<h2>Small package<\/h2>\n<ul>\n<li>Children&#8217;s Corner<\/li>\n<li>Balloon folding<\/li>\n<li>Bouncing castle &#8211; Professional<\/li>\n<li>giant Bubble<\/li>\n<li>Bobocar<\/li>\n<\/ul>\n<p class=\"megjegyzes\"><em>Our offer applies to 1 animator. Our pricing is based on the exact number of children, duration, number of animators and other services requested. Transportation is not included in the package price!<\/em><\/p>\n<p>[\/et_pb_text][et_pb_text _builder_version=&#8221;3.0.106&#8243; background_layout=&#8221;light&#8221; module_class=&#8221;package package_big&#8221;]<\/p>\n<h2>Big package<\/h2>\n<ul>\n<li>Children&#8217;s Corner<\/li>\n<li>Balloon folding<\/li>\n<li>Bouncing castle &#8211; Professional<\/li>\n<li>giant Bubble<\/li>\n<li>Bobocar<\/li>\n<li>Floating ball<\/li>\n<li>Face painting<\/li>\n<li>Skill developing wooden toys<\/li>\n<li>competition<\/li>\n<\/ul>\n<p class=\"megjegyzes\"><em>Our offer applies to 2 animators + 1 child supervisor. Our pricing is based on the exact number of children, duration, number of animators and other services requested. Package costs are not included in the package price!<\/em><\/p>\n<p>[\/et_pb_text][et_pb_text _builder_version=&#8221;3.0.106&#8243; background_layout=&#8221;light&#8221; module_class=&#8221;package package_small&#8221;]<\/p>\n<h2>Family Bouncing castles<\/h2>\n<p>Train obstacle course 505 \u00d7 250 \u00d7 240 cm 15.000 Ft !AKCI\u00d3!<br \/>\nSliding bouncing castle 400 \u00d7 365 \u00d7 275 cm 17.000 Ft<\/p>\n<p>[\/et_pb_text][et_pb_text _builder_version=&#8221;3.0.106&#8243; background_layout=&#8221;light&#8221; module_class=&#8221;package package_small&#8221;]<\/p>\n<h2>Bouncing castles<\/h2>\n<p>Sponge Bob bouncing castle 6 \u00d7 8 m 40.000 Ft !AKCI\u00d3!<br \/>\nMan\u00f3v\u00e1r bouncing castle 6 \u00d7 8 m 35.000 Ft !AKCI\u00d3!<\/p>\n<p>[\/et_pb_text][et_pb_text _builder_version=&#8221;3.0.106&#8243; background_layout=&#8221;light&#8221; module_class=&#8221;package package_small&#8221;]<\/p>\n<h2>Obstacle courses<\/h2>\n<p>Buggy obstacle course 10 \u00d7 9 m 75.000 Ft<\/p>\n<p>[\/et_pb_text][et_pb_text _builder_version=&#8221;3.0.106&#8243; background_layout=&#8221;light&#8221; module_class=&#8221;package package_small&#8221;]<\/p>\n<h2>Skill games<\/h2>\n<p>Floating ball 35.000 Ft !AKCI\u00d3!<br \/>\nLive foosball 7 \u00d7 14 m 90.000 Ft<br \/>\nSkill developing wooden toys 40.000 Ft<br \/>\nRodeo bull 35.000 Ft<br \/>\nsumo 40.000 Ft<\/p>\n<p>[\/et_pb_text][et_pb_text _builder_version=&#8221;3.0.106&#8243; background_layout=&#8221;light&#8221; module_class=&#8221;package package_small&#8221;]<\/p>\n<h2>Cars<\/h2>\n<p>Waveboard (Two-wheel skateboarding) 5.000 Ft<br \/>\nMonocycle 10.000 Ft !AKCI\u00d3!<br \/>\nBobocar 5.000 Ft !AKCI\u00d3!<\/p>\n<p>[\/et_pb_text][et_pb_text _builder_version=&#8221;3.0.106&#8243; background_layout=&#8221;light&#8221; module_class=&#8221;package package_small&#8221;]<\/p>\n<h2>Decorations<\/h2>\n<p>Vintage Children&#8217;s Corner Giant Children&#8217;s House and Games, wooden vehicle, Old Cases, wooden boxes, Flag Decorations Flying house &#8211; House and 15 Helium balloons 35.000 Ft<\/p>\n<p>[\/et_pb_text][et_pb_text _builder_version=&#8221;3.0.106&#8243; background_layout=&#8221;light&#8221; module_class=&#8221;package package_small&#8221;]<\/p>\n<h2>Giant Bubble<\/h2>\n<p>Giant bubble presentation and teaching 35.000 Ft<br \/>\nFamilies in giant bubbles 45.000 Ft<br \/>\nProfessional bubble machine 15.000 Ft<\/p>\n<p>[\/et_pb_text][et_pb_text _builder_version=&#8221;3.0.106&#8243; background_layout=&#8221;light&#8221; module_class=&#8221;package package_small&#8221;]<\/p>\n<h2>Helium balloons<\/h2>\n<p>Helium balloons 500 Ft \/ db<br \/>\nLedes balloon 1.000 Ft \/ db<\/p>\n<p>[\/et_pb_text][et_pb_text _builder_version=&#8221;3.0.106&#8243; background_layout=&#8221;light&#8221; module_class=&#8221;package package_small&#8221;]<\/p>\n<h2>Services<\/h2>\n<ul>\n<li>Our prices are for informational purposes only, the exact price depends on the number of children, the duration, the number of animators and the other services requested. Transportation is not included in the package price!<\/li>\n<\/ul>\n<p>[\/et_pb_text][\/et_pb_column][et_pb_column type=&#8221;1_3&#8243;][et_pb_text _builder_version=&#8221;3.0.106&#8243; background_layout=&#8221;light&#8221; module_class=&#8221;package package_middle&#8221;]<\/p>\n<h2>Medium pack<\/h2>\n<ul>\n<li>Children&#8217;s Corner<\/li>\n<li>Balloon folding<\/li>\n<li>Bouncing castle &#8211; Professional<\/li>\n<li>giant Bubble<\/li>\n<li>Bobocar<\/li>\n<\/ul>\n<p class=\"plus\">+<\/p>\n<ul>\n<li>Floating ball<\/li>\n<li>Face painting<\/li>\n<\/ul>\n<p class=\"megjegyzes\"><em>Our offer applies to 1 animator + 1 child supervisor. Our pricing is based on the exact number of children, duration, number of animators and other services requested. Transportation is not included in the package price!<\/em><\/p>\n<p>[\/et_pb_text][\/et_pb_column][\/et_pb_row][\/et_pb_section]<\/p>","protected":false},"excerpt":{"rendered":"<p>BIRTHDAY \/ PACKAGES Small package Children&#8217;s Corner Balloon folding Bouncing castle &#8211; Professional giant Bubble Bobocar Our offer applies to 1 animator. Our pricing is based on the exact number of children, duration, number of animators and other services requested. Transportation is not included in the package price! Big package Children&#8217;s Corner Balloon folding Bouncing castle &#8211; Professional giant Bubble Bobocar Floating ball Face painting Skill developing wooden toys competition Our offer applies to 2 animators + 1 child supervisor. Our pricing is based on the exact number of children, duration, number of animators and other services requested. Package costs are not included in the package price! Family Bouncing castles Train obstacle course 505 \u00d7 250 \u00d7 240 cm 15.000 Ft !AKCI\u00d3! Sliding bouncing castle 400 \u00d7 365 \u00d7 275 cm 17.000 Ft Bouncing castles Sponge Bob bouncing castle 6 \u00d7 8 m 40.000 Ft !AKCI\u00d3! Man\u00f3v\u00e1r bouncing castle 6 \u00d7 8 m 35.000 Ft !AKCI\u00d3! Obstacle courses Buggy obstacle course 10 \u00d7 9 m 75.000 Ft Skill games Floating ball 35.000 Ft !AKCI\u00d3! Live foosball 7 \u00d7 14 m 90.000 Ft Skill developing wooden toys 40.000 Ft Rodeo bull 35.000 Ft sumo 40.000 Ft Cars Waveboard (Two-wheel skateboarding) 5.000 Ft Monocycle 10.000 Ft !AKCI\u00d3! Bobocar 5.000 Ft !AKCI\u00d3! Decorations Vintage Children&#8217;s Corner Giant Children&#8217;s House and Games, wooden vehicle, Old Cases, wooden boxes, Flag Decorations Flying house &#8211; House and 15 Helium balloons 35.000 Ft Giant Bubble Giant bubble presentation and teaching 35.000 Ft Families in giant bubbles 45.000 Ft Professional bubble machine 15.000 Ft Helium balloons Helium balloons 500 Ft \/ db Ledes balloon 1.000 Ft \/ db Services Our prices are for informational purposes only, the exact price depends on the number of children, the duration, the number of animators and the other services requested. Transportation is not included in the package price! Medium pack Children&#8217;s Corner Balloon folding Bouncing castle &#8211; Professional giant Bubble Bobocar + Floating ball Face painting Our offer applies to 1 animator + 1 child supervisor. Our pricing is based on the exact number of children, duration, number of animators and other services requested. Transportation is not included in the package price!<\/p>\n","protected":false},"author":2,"featured_media":0,"parent":1508,"menu_order":0,"comment_status":"closed","ping_status":"closed","template":"","meta":{"_et_pb_use_builder":"on","_et_pb_old_content":"","_et_gb_content_width":"","footnotes":""},"class_list":["post-1513","page","type-page","status-publish","hentry"],"aioseo_notices":[],"_links":{"self":[{"href":"https:\/\/gyerekbarateskuvo.hu\/en\/wp-json\/wp\/v2\/pages\/1513"}],"collection":[{"href":"https:\/\/gyerekbarateskuvo.hu\/en\/wp-json\/wp\/v2\/pages"}],"about":[{"href":"https:\/\/gyerekbarateskuvo.hu\/en\/wp-json\/wp\/v2\/types\/page"}],"author":[{"embeddable":true,"href":"https:\/\/gyerekbarateskuvo.hu\/en\/wp-json\/wp\/v2\/users\/2"}],"replies":[{"embeddable":true,"href":"https:\/\/gyerekbarateskuvo.hu\/en\/wp-json\/wp\/v2\/comments?post=1513"}],"version-history":[{"count":13,"href":"https:\/\/gyerekbarateskuvo.hu\/en\/wp-json\/wp\/v2\/pages\/1513\/revisions"}],"predecessor-version":[{"id":2755,"href":"https:\/\/gyerekbarateskuvo.hu\/en\/wp-json\/wp\/v2\/pages\/1513\/revisions\/2755"}],"up":[{"embeddable":true,"href":"https:\/\/gyerekbarateskuvo.hu\/en\/wp-json\/wp\/v2\/pages\/1508"}],"wp:attachment":[{"href":"https:\/\/gyerekbarateskuvo.hu\/en\/wp-json\/wp\/v2\/media?parent=1513"}],"curies":[{"name":"wp","href":"https:\/\/api.w.org\/{rel}","templated":true}]}}