{"id":1041,"date":"2019-07-03T18:35:45","date_gmt":"2019-07-03T16:35:45","guid":{"rendered":"https:\/\/gyerekbarateskuvo.hu\/?page_id=1041"},"modified":"2020-04-23T23:06:50","modified_gmt":"2020-04-23T21:06:50","slug":"ugralovar","status":"publish","type":"page","link":"https:\/\/gyerekbarateskuvo.hu\/en\/mikulas\/szolgaltatasok\/ugralovar\/","title":{"rendered":"Ugr\u00e1l\u00f3v\u00e1r"},"content":{"rendered":"<p>[et_pb_section bb_built=&#8221;1&#8243; admin_label=&#8221;H\u00e1tt\u00e9r&#8221; _builder_version=&#8221;3.0.106&#8243; background_position=&#8221;top_center&#8221; background_image=&#8221;http:\/\/gyerekbarateskuvo.hu\/wp-content\/uploads\/2019\/04\/felho_bg.jpg&#8221;][et_pb_row _builder_version=&#8221;3.0.106&#8243; background_image=&#8221;http:\/\/gyerekbarateskuvo.hu\/wp-content\/uploads\/2019\/04\/content_bg.png&#8221; background_repeat=&#8221;repeat&#8221; use_custom_width=&#8221;on&#8221; custom_width_px=&#8221;960px&#8221; custom_margin_last_edited=&#8221;off|desktop&#8221; border_radii=&#8221;on|0px|0px|0px|0px&#8221; box_shadow_style=&#8221;preset1&#8243; gutter_width=&#8221;2&#8243; custom_padding=&#8221;20px|20px||20px&#8221; custom_padding_last_edited=&#8221;on|&#8221;][et_pb_column type=&#8221;4_4&#8243;][et_pb_text _builder_version=&#8221;3.0.106&#8243; background_layout=&#8221;light&#8221; text_font=&#8221;Combo||||||||&#8221; text_font_size=&#8221;22px&#8221; text_text_color=&#8221;#643d1f&#8221;]<\/p>\n<h1>SANTA CLAUS \/\u00a0<a href=\"http:\/\/www.gyerekbarateskuvo.hu\/en\/mikulas\/szolgaltatasok\">SERVICES<\/a>\u00a0\/ BOUNCY CASTLE<\/h1>\n<p>[\/et_pb_text][\/et_pb_column][\/et_pb_row][et_pb_row _builder_version=&#8221;3.0.106&#8243; background_image=&#8221;http:\/\/gyerekbarateskuvo.hu\/wp-content\/uploads\/2019\/04\/content_bg.png&#8221; background_repeat=&#8221;repeat&#8221; use_custom_width=&#8221;on&#8221; custom_width_px=&#8221;960px&#8221; custom_margin_last_edited=&#8221;off|desktop&#8221; border_radii=&#8221;on|0px|0px|0px|0px&#8221; box_shadow_style=&#8221;preset1&#8243; gutter_width=&#8221;2&#8243; custom_padding=&#8221;20px|20px||20px&#8221; custom_padding_last_edited=&#8221;on|&#8221;][et_pb_column type=&#8221;2_3&#8243;][et_pb_text _builder_version=&#8221;3.0.106&#8243; background_layout=&#8221;light&#8221;]<\/p>\n<p>This is one of the most popular activities in our childcare service. A professional bouncing castle with a huge slide, a professional trambouline or a smaller inflatable toy with obstacle course inside it can give constant joy and fun to the party. The big castle has no age limits, the smaller toy is recommended for children under 3 years old. Only a limited nuber of kids can use this toys at the time, under the supervision of a babysitter colleague. This service requires space and electricity, please provide it for us! This game has a valid \u00c9MI-T\u00dcV certificate.<\/p>\n<p>On weekdays we give 25% discount on rent! Our daily fee for our animator is 5,000 Ft \u2013 Its job is to transport games back and forth, install and supervise. The rent does not include the cost of departure, which is free in Budapest!<\/p>\n<p>[\/et_pb_text][et_pb_text _builder_version=&#8221;3.0.106&#8243; background_layout=&#8221;light&#8221;]<\/p>\n<h2>Spongya Bob chute castle<\/h2>\n<ul>\n<li>Space requirement: 6 \u00d7 8 m<\/li>\n<li>Current requirement: 230 V \/ 16 A<\/li>\n<\/ul>\n<p>[\/et_pb_text][et_pb_text _builder_version=&#8221;3.0.106&#8243; background_layout=&#8221;light&#8221;]<\/p>\n<h2>Man\u00f3v\u00e1r jumper<\/h2>\n<ul>\n<li>Space requirement: 6 \u00d7 8 m<\/li>\n<li>Current requirement: 230 V \/ 16 A<\/li>\n<\/ul>\n<p>[\/et_pb_text][et_pb_text _builder_version=&#8221;3.0.106&#8243; background_layout=&#8221;light&#8221;]<\/p>\n<h2>Train bouncy castle<\/h2>\n<ul>\n<li>Size: 505 \u00d7 250 \u00d7 240 cm<\/li>\n<li>Load capacity: 160 kg (4 people)<\/li>\n<li>Weight: 28 kg<\/li>\n<\/ul>\n<p>[\/et_pb_text][et_pb_text _builder_version=&#8221;3.0.106&#8243; background_layout=&#8221;light&#8221;]<\/p>\n<p><a href=\"\/mikulas\/szolgaltatasok\/\">&lt;&lt; Back<\/a><\/p>\n<p>[\/et_pb_text][\/et_pb_column][et_pb_column type=&#8221;1_3&#8243;][et_pb_image _builder_version=&#8221;3.0.106&#8243; src=&#8221;https:\/\/gyerekbarateskuvo.hu\/wp-content\/uploads\/2020\/03\/spongya-bob-1.jpg&#8221; show_in_lightbox=&#8221;on&#8221; url_new_window=&#8221;off&#8221; use_overlay=&#8221;off&#8221; always_center_on_mobile=&#8221;on&#8221; force_fullwidth=&#8221;off&#8221; show_bottom_space=&#8221;on&#8221; \/][et_pb_image _builder_version=&#8221;3.0.106&#8243; src=&#8221;https:\/\/gyerekbarateskuvo.hu\/wp-content\/uploads\/2020\/03\/man\u00f3v\u00e1r-1.jpg&#8221; show_in_lightbox=&#8221;on&#8221; url_new_window=&#8221;off&#8221; use_overlay=&#8221;off&#8221; always_center_on_mobile=&#8221;on&#8221; force_fullwidth=&#8221;off&#8221; show_bottom_space=&#8221;on&#8221; \/][et_pb_image _builder_version=&#8221;3.0.106&#8243; src=&#8221;https:\/\/gyerekbarateskuvo.hu\/wp-content\/uploads\/2020\/03\/vonatos-ugr\u00e1l\u00f3-1.jpg&#8221; show_in_lightbox=&#8221;on&#8221; url_new_window=&#8221;off&#8221; use_overlay=&#8221;off&#8221; always_center_on_mobile=&#8221;on&#8221; force_fullwidth=&#8221;off&#8221; show_bottom_space=&#8221;on&#8221; \/][\/et_pb_column][\/et_pb_row][\/et_pb_section]<\/p>","protected":false},"excerpt":{"rendered":"<p>SANTA CLAUS \/\u00a0SERVICES\u00a0\/ BOUNCY CASTLE This is one of the most popular activities in our childcare service. A professional bouncing castle with a huge slide, a professional trambouline or a smaller inflatable toy with obstacle course inside it can give constant joy and fun to the party. The big castle has no age limits, the smaller toy is recommended for children under 3 years old. Only a limited nuber of kids can use this toys at the time, under the supervision of a babysitter colleague. This service requires space and electricity, please provide it for us! This game has a valid \u00c9MI-T\u00dcV certificate. On weekdays we give 25% discount on rent! Our daily fee for our animator is 5,000 Ft \u2013 Its job is to transport games back and forth, install and supervise. The rent does not include the cost of departure, which is free in Budapest! Spongya Bob chute castle Space requirement: 6 \u00d7 8 m Current requirement: 230 V \/ 16 A Man\u00f3v\u00e1r jumper Space requirement: 6 \u00d7 8 m Current requirement: 230 V \/ 16 A Train bouncy castle Size: 505 \u00d7 250 \u00d7 240 cm Load capacity: 160 kg (4 people) Weight: 28 kg &lt;&lt; Back<\/p>\n","protected":false},"author":2,"featured_media":0,"parent":356,"menu_order":0,"comment_status":"closed","ping_status":"closed","template":"","meta":{"_et_pb_use_builder":"on","_et_pb_old_content":"","_et_gb_content_width":"","footnotes":""},"class_list":["post-1041","page","type-page","status-publish","hentry"],"aioseo_notices":[],"_links":{"self":[{"href":"https:\/\/gyerekbarateskuvo.hu\/en\/wp-json\/wp\/v2\/pages\/1041"}],"collection":[{"href":"https:\/\/gyerekbarateskuvo.hu\/en\/wp-json\/wp\/v2\/pages"}],"about":[{"href":"https:\/\/gyerekbarateskuvo.hu\/en\/wp-json\/wp\/v2\/types\/page"}],"author":[{"embeddable":true,"href":"https:\/\/gyerekbarateskuvo.hu\/en\/wp-json\/wp\/v2\/users\/2"}],"replies":[{"embeddable":true,"href":"https:\/\/gyerekbarateskuvo.hu\/en\/wp-json\/wp\/v2\/comments?post=1041"}],"version-history":[{"count":13,"href":"https:\/\/gyerekbarateskuvo.hu\/en\/wp-json\/wp\/v2\/pages\/1041\/revisions"}],"predecessor-version":[{"id":2435,"href":"https:\/\/gyerekbarateskuvo.hu\/en\/wp-json\/wp\/v2\/pages\/1041\/revisions\/2435"}],"up":[{"embeddable":true,"href":"https:\/\/gyerekbarateskuvo.hu\/en\/wp-json\/wp\/v2\/pages\/356"}],"wp:attachment":[{"href":"https:\/\/gyerekbarateskuvo.hu\/en\/wp-json\/wp\/v2\/media?parent=1041"}],"curies":[{"name":"wp","href":"https:\/\/api.w.org\/{rel}","templated":true}]}}