{"id":1019,"date":"2019-07-02T22:26:14","date_gmt":"2019-07-02T20:26:14","guid":{"rendered":"https:\/\/gyerekbarateskuvo.hu\/?page_id=1019"},"modified":"2020-04-28T01:06:29","modified_gmt":"2020-04-27T23:06:29","slug":"lebego-labda","status":"publish","type":"page","link":"https:\/\/gyerekbarateskuvo.hu\/en\/mikulas\/szolgaltatasok\/lebego-labda\/","title":{"rendered":"Lebeg\u0151 labda"},"content":{"rendered":"<p>[et_pb_section bb_built=&#8221;1&#8243; admin_label=&#8221;H\u00e1tt\u00e9r&#8221; _builder_version=&#8221;3.0.106&#8243; background_position=&#8221;top_center&#8221; background_image=&#8221;http:\/\/gyerekbarateskuvo.hu\/wp-content\/uploads\/2019\/04\/felho_bg.jpg&#8221;][et_pb_row _builder_version=&#8221;3.0.106&#8243; background_image=&#8221;http:\/\/gyerekbarateskuvo.hu\/wp-content\/uploads\/2019\/04\/content_bg.png&#8221; background_repeat=&#8221;repeat&#8221; use_custom_width=&#8221;on&#8221; custom_width_px=&#8221;960px&#8221; custom_margin_last_edited=&#8221;off|desktop&#8221; border_radii=&#8221;on|0px|0px|0px|0px&#8221; box_shadow_style=&#8221;preset1&#8243; gutter_width=&#8221;2&#8243; custom_padding=&#8221;20px|20px||20px&#8221; custom_padding_last_edited=&#8221;on|&#8221;][et_pb_column type=&#8221;4_4&#8243;][et_pb_text _builder_version=&#8221;3.0.106&#8243; background_layout=&#8221;light&#8221; text_font=&#8221;Combo||||||||&#8221; text_font_size=&#8221;22px&#8221; text_text_color=&#8221;#643d1f&#8221;]<\/p>\n<h1>SANTA CLAUS \/\u00a0<a href=\"http:\/\/www.gyerekbarateskuvo.hu\/en\/mikulas\/szolgaltatasok\">SERVICES<\/a>\u00a0\/ FLOATING BALL<\/h1>\n<p>[\/et_pb_text][\/et_pb_column][\/et_pb_row][et_pb_row _builder_version=&#8221;3.0.106&#8243; background_image=&#8221;http:\/\/gyerekbarateskuvo.hu\/wp-content\/uploads\/2019\/04\/content_bg.png&#8221; background_repeat=&#8221;repeat&#8221; use_custom_width=&#8221;on&#8221; custom_width_px=&#8221;960px&#8221; custom_margin_last_edited=&#8221;off|desktop&#8221; border_radii=&#8221;on|0px|0px|0px|0px&#8221; box_shadow_style=&#8221;preset1&#8243; gutter_width=&#8221;2&#8243; custom_padding=&#8221;20px|20px||20px&#8221; custom_padding_last_edited=&#8221;on|&#8221;][et_pb_column type=&#8221;2_3&#8243;][et_pb_text _builder_version=&#8221;3.0.106&#8243; background_layout=&#8221;light&#8221;]<\/p>\n<p>The floating ball is a real challenge for arcade game lovers. Based on the words of its British manufacturer, this was the most popular game of the world in 2012. How to play: move the floating balls one-by-one using the cones to reach the basket. It can be played by 2-14 players. This service requires space and electricity, please provide them for us! This game has a valid \u00c9MI-T\u00dcV certificate. On weekdays we offer a 25% discount from the price. The price of the supervisor colleague is 5000 HUF daily. His job is: to transport the game to the scene and back, installation of the game and supervise while the game is running. The rental price of the game doesn&#8217;t contain the cost of the transportation, which is free in Budapest.<\/p>\n<ul>\n<li>Size: 4,5 \u00d7 1,3 \u00d7 1,2 m<\/li>\n<li>Electricity demand: 220 V \/ 16 A<\/li>\n<li>Price for one day: 35.000 Ft + supervisor colleague \/ day<\/li>\n<\/ul>\n<p><a href=\"\/mikulas\/szolgaltatasok\/\">&lt;&lt; Back<\/a><\/p>\n<p>[\/et_pb_text][\/et_pb_column][et_pb_column type=&#8221;1_3&#8243;][et_pb_image _builder_version=&#8221;3.0.106&#8243; src=&#8221;https:\/\/gyerekbarateskuvo.hu\/wp-content\/uploads\/2020\/03\/67642486_2410375162374411_7052003410001788928_n.jpg&#8221; show_in_lightbox=&#8221;on&#8221; url_new_window=&#8221;off&#8221; use_overlay=&#8221;off&#8221; always_center_on_mobile=&#8221;on&#8221; force_fullwidth=&#8221;off&#8221; show_bottom_space=&#8221;on&#8221; \/][\/et_pb_column][\/et_pb_row][\/et_pb_section]<\/p>","protected":false},"excerpt":{"rendered":"<p>SANTA CLAUS \/\u00a0SERVICES\u00a0\/ FLOATING BALL The floating ball is a real challenge for arcade game lovers. Based on the words of its British manufacturer, this was the most popular game of the world in 2012. How to play: move the floating balls one-by-one using the cones to reach the basket. It can be played by 2-14 players. This service requires space and electricity, please provide them for us! This game has a valid \u00c9MI-T\u00dcV certificate. On weekdays we offer a 25% discount from the price. The price of the supervisor colleague is 5000 HUF daily. His job is: to transport the game to the scene and back, installation of the game and supervise while the game is running. The rental price of the game doesn&#8217;t contain the cost of the transportation, which is free in Budapest. Size: 4,5 \u00d7 1,3 \u00d7 1,2 m Electricity demand: 220 V \/ 16 A Price for one day: 35.000 Ft + supervisor colleague \/ day &lt;&lt; Back<\/p>\n","protected":false},"author":2,"featured_media":0,"parent":356,"menu_order":0,"comment_status":"closed","ping_status":"closed","template":"","meta":{"_et_pb_use_builder":"on","_et_pb_old_content":"","_et_gb_content_width":"","footnotes":""},"class_list":["post-1019","page","type-page","status-publish","hentry"],"aioseo_notices":[],"_links":{"self":[{"href":"https:\/\/gyerekbarateskuvo.hu\/en\/wp-json\/wp\/v2\/pages\/1019"}],"collection":[{"href":"https:\/\/gyerekbarateskuvo.hu\/en\/wp-json\/wp\/v2\/pages"}],"about":[{"href":"https:\/\/gyerekbarateskuvo.hu\/en\/wp-json\/wp\/v2\/types\/page"}],"author":[{"embeddable":true,"href":"https:\/\/gyerekbarateskuvo.hu\/en\/wp-json\/wp\/v2\/users\/2"}],"replies":[{"embeddable":true,"href":"https:\/\/gyerekbarateskuvo.hu\/en\/wp-json\/wp\/v2\/comments?post=1019"}],"version-history":[{"count":7,"href":"https:\/\/gyerekbarateskuvo.hu\/en\/wp-json\/wp\/v2\/pages\/1019\/revisions"}],"predecessor-version":[{"id":2636,"href":"https:\/\/gyerekbarateskuvo.hu\/en\/wp-json\/wp\/v2\/pages\/1019\/revisions\/2636"}],"up":[{"embeddable":true,"href":"https:\/\/gyerekbarateskuvo.hu\/en\/wp-json\/wp\/v2\/pages\/356"}],"wp:attachment":[{"href":"https:\/\/gyerekbarateskuvo.hu\/en\/wp-json\/wp\/v2\/media?parent=1019"}],"curies":[{"name":"wp","href":"https:\/\/api.w.org\/{rel}","templated":true}]}}