{"id":987,"date":"2019-07-02T18:35:55","date_gmt":"2019-07-02T16:35:55","guid":{"rendered":"https:\/\/gyerekbarateskuvo.hu\/?page_id=987"},"modified":"2020-03-21T13:08:00","modified_gmt":"2020-03-21T11:08:00","slug":"allatbemutato","status":"publish","type":"page","link":"https:\/\/gyerekbarateskuvo.hu\/de\/mikulas\/szolgaltatasok\/allatbemutato\/","title":{"rendered":"\u00c1llatbemutat\u00f3"},"content":{"rendered":"<p>[et_pb_section bb_built=&#8220;1&#8243; admin_label=&#8220;H\u00e1tt\u00e9r&#8220; _builder_version=&#8220;3.0.106&#8243; background_position=&#8220;top_center&#8220; background_image=&#8220;http:\/\/gyerekbarateskuvo.hu\/wp-content\/uploads\/2019\/04\/felho_bg.jpg&#8220;][et_pb_row _builder_version=&#8220;3.0.106&#8243; background_image=&#8220;http:\/\/gyerekbarateskuvo.hu\/wp-content\/uploads\/2019\/04\/content_bg.png&#8220; background_repeat=&#8220;repeat&#8220; use_custom_width=&#8220;on&#8220; custom_width_px=&#8220;960px&#8220; custom_margin_last_edited=&#8220;off|desktop&#8220; border_radii=&#8220;on|0px|0px|0px|0px&#8220; box_shadow_style=&#8220;preset1&#8243; gutter_width=&#8220;2&#8243; custom_padding=&#8220;20px|20px||20px&#8220; custom_padding_last_edited=&#8220;on|&#8220; background_position=&#8220;top_left&#8220; background_size=&#8220;initial&#8220;][et_pb_column type=&#8220;4_4&#8243;][et_pb_text _builder_version=&#8220;3.0.106&#8243; background_layout=&#8220;light&#8220; text_font=&#8220;Combo||||||||&#8220; text_font_size=&#8220;22px&#8220; text_text_color=&#8220;#643d1f&#8220;]<\/p>\n<h1>SANTA \/\u00a0<a href=\"http:\/\/www.gyerekbarateskuvo.hu\/de\/mikulas\/szolgaltatasok\">DIENSTLEISTUNGEN<\/a>\u00a0\/ TIEREINF\u00dcHRUNG PR\u00c4SENTATIONEN<\/h1>\n<p>[\/et_pb_text][\/et_pb_column][\/et_pb_row][et_pb_row _builder_version=&#8220;3.0.106&#8243; background_image=&#8220;http:\/\/gyerekbarateskuvo.hu\/wp-content\/uploads\/2019\/04\/content_bg.png&#8220; background_repeat=&#8220;repeat&#8220; use_custom_width=&#8220;on&#8220; custom_width_px=&#8220;960px&#8220; custom_margin_last_edited=&#8220;off|desktop&#8220; border_radii=&#8220;on|0px|0px|0px|0px&#8220; box_shadow_style=&#8220;preset1&#8243; gutter_width=&#8220;2&#8243; custom_padding=&#8220;20px|20px||20px&#8220; custom_padding_last_edited=&#8220;on|&#8220; background_position=&#8220;top_left&#8220; background_size=&#8220;initial&#8220;][et_pb_column type=&#8220;2_3&#8243;][et_pb_text _builder_version=&#8220;3.0.106&#8243; background_layout=&#8220;light&#8220;]<\/p>\n<h2>Optional Tiereinf\u00fchrung Pr\u00e4sentationen:<\/h2>\n<p><b>Die Meister der Anpassung<\/b><\/p>\n<p>Humorvoll, informativ, live Tiereinf\u00fchrung, wo die Besucher die vielf\u00e4ltige Welt der Arten sehen k\u00f6nnen, die die st\u00e4dtische Gemeinschaft bilden. Am Ende der Show best\u00e4tigen wir uns, dass unsere Lebensumwelt und unsere St\u00e4dte herrlichen Lebensorte f\u00fcr anpassungsf\u00e4hige Lebewesen sind. Im Programm vertretet sich von der kleinsten (Maus, Ratte) bis zum gr\u00f6\u00dften (Fuchs, Hund) dieses fantastischen Stadtbewohners. Laufzeit: 1 Stunde<\/p>\n<p><b>Kleine Ornithologie<\/b><\/p>\n<p>Die vielseitige Anpassung von V\u00f6geln, die unseren gesamten Planeten bev\u00f6lkern, fasziniert uns jeden Tag. Die Pr\u00e4sentation wird auf solche Arten konzentrieren, die die F\u00fctterung, Bew\u00e4sserung, Platzierung des Loches durch direkte Beobachtung und herzliche Beziehung entwickeln erlauben. Zur Veranschaulichung werden manche leichten Arten (Papageien, Tauben, Kanarienv\u00f6gel, Finken) die B\u00fchne bev\u00f6lkern und zeigen den Lebensraum, Ern\u00e4hrung, Verhalten und verschiedenen Spezifit\u00e4ten von Vogel. Laufzeit: 1 Stunde<\/p>\n<p><b>Hunde<\/b><\/p>\n<p>Die Aktivit\u00e4t beginnt mit der Beschreibung der Entwicklung von Hunden, danach diskutieren wir die mutma\u00dflichen Wege der Herkunft von verschiedener Hundarten. Wir passen auf besonders auf die Pr\u00e4sentation und Popularisierung von neun ungarischen Achten. Man kann Hunde w\u00e4hrend der Aktivit\u00e4t bei der Arbeit sehen: Man kann \u00fcber ihre Disziplin, Arbeitslust und drollige Liebe ermitteln. Inzwischen viele praktische Ratschl\u00e4ge werden f\u00fcr die zuk\u00fcnftigen und \u00fcbenden Eigent\u00fcmer gesagt, wie die Auswahl, das Halten, und die Ausbildung von grundlegenden Aufgaben des Hundes. Laufzeit: 1 Stunde<\/p>\n<p><a href=\"\/mikulas\/szolgaltatasok\/\">&lt;&lt; Zur\u00fcck<\/a><\/p>\n<p>[\/et_pb_text][\/et_pb_column][et_pb_column type=&#8220;1_3&#8243;][et_pb_image _builder_version=&#8220;3.0.106&#8243; src=&#8220;https:\/\/gyerekbarateskuvo.hu\/wp-content\/uploads\/2019\/06\/allatbemutato_hd.jpg&#8220; show_in_lightbox=&#8220;on&#8220; url_new_window=&#8220;off&#8220; use_overlay=&#8220;off&#8220; always_center_on_mobile=&#8220;on&#8220; force_fullwidth=&#8220;off&#8220; show_bottom_space=&#8220;on&#8220; \/][\/et_pb_column][\/et_pb_row][\/et_pb_section]<\/p>","protected":false},"excerpt":{"rendered":"<p>SANTA \/\u00a0DIENSTLEISTUNGEN\u00a0\/ TIEREINF\u00dcHRUNG PR\u00c4SENTATIONEN Optional Tiereinf\u00fchrung Pr\u00e4sentationen: Die Meister der Anpassung Humorvoll, informativ, live Tiereinf\u00fchrung, wo die Besucher die vielf\u00e4ltige Welt der Arten sehen k\u00f6nnen, die die st\u00e4dtische Gemeinschaft bilden. Am Ende der Show best\u00e4tigen wir uns, dass unsere Lebensumwelt und unsere St\u00e4dte herrlichen Lebensorte f\u00fcr anpassungsf\u00e4hige Lebewesen sind. Im Programm vertretet sich von der kleinsten (Maus, Ratte) bis zum gr\u00f6\u00dften (Fuchs, Hund) dieses fantastischen Stadtbewohners. Laufzeit: 1 Stunde Kleine Ornithologie Die vielseitige Anpassung von V\u00f6geln, die unseren gesamten Planeten bev\u00f6lkern, fasziniert uns jeden Tag. Die Pr\u00e4sentation wird auf solche Arten konzentrieren, die die F\u00fctterung, Bew\u00e4sserung, Platzierung des Loches durch direkte Beobachtung und herzliche Beziehung entwickeln erlauben. Zur Veranschaulichung werden manche leichten Arten (Papageien, Tauben, Kanarienv\u00f6gel, Finken) die B\u00fchne bev\u00f6lkern und zeigen den Lebensraum, Ern\u00e4hrung, Verhalten und verschiedenen Spezifit\u00e4ten von Vogel. Laufzeit: 1 Stunde Hunde Die Aktivit\u00e4t beginnt mit der Beschreibung der Entwicklung von Hunden, danach diskutieren wir die mutma\u00dflichen Wege der Herkunft von verschiedener Hundarten. Wir passen auf besonders auf die Pr\u00e4sentation und Popularisierung von neun ungarischen Achten. Man kann Hunde w\u00e4hrend der Aktivit\u00e4t bei der Arbeit sehen: Man kann \u00fcber ihre Disziplin, Arbeitslust und drollige Liebe ermitteln. Inzwischen viele praktische Ratschl\u00e4ge werden f\u00fcr die zuk\u00fcnftigen und \u00fcbenden Eigent\u00fcmer gesagt, wie die Auswahl, das Halten, und die Ausbildung von grundlegenden Aufgaben des Hundes. Laufzeit: 1 Stunde &lt;&lt; Zur\u00fcck<\/p>\n","protected":false},"author":2,"featured_media":0,"parent":356,"menu_order":0,"comment_status":"closed","ping_status":"closed","template":"","meta":{"_et_pb_use_builder":"on","_et_pb_old_content":"","_et_gb_content_width":"","footnotes":""},"class_list":["post-987","page","type-page","status-publish","hentry"],"aioseo_notices":[],"_links":{"self":[{"href":"https:\/\/gyerekbarateskuvo.hu\/de\/wp-json\/wp\/v2\/pages\/987"}],"collection":[{"href":"https:\/\/gyerekbarateskuvo.hu\/de\/wp-json\/wp\/v2\/pages"}],"about":[{"href":"https:\/\/gyerekbarateskuvo.hu\/de\/wp-json\/wp\/v2\/types\/page"}],"author":[{"embeddable":true,"href":"https:\/\/gyerekbarateskuvo.hu\/de\/wp-json\/wp\/v2\/users\/2"}],"replies":[{"embeddable":true,"href":"https:\/\/gyerekbarateskuvo.hu\/de\/wp-json\/wp\/v2\/comments?post=987"}],"version-history":[{"count":5,"href":"https:\/\/gyerekbarateskuvo.hu\/de\/wp-json\/wp\/v2\/pages\/987\/revisions"}],"predecessor-version":[{"id":1884,"href":"https:\/\/gyerekbarateskuvo.hu\/de\/wp-json\/wp\/v2\/pages\/987\/revisions\/1884"}],"up":[{"embeddable":true,"href":"https:\/\/gyerekbarateskuvo.hu\/de\/wp-json\/wp\/v2\/pages\/356"}],"wp:attachment":[{"href":"https:\/\/gyerekbarateskuvo.hu\/de\/wp-json\/wp\/v2\/media?parent=987"}],"curies":[{"name":"wp","href":"https:\/\/api.w.org\/{rel}","templated":true}]}}