{"id":962,"date":"2019-07-01T17:42:21","date_gmt":"2019-07-01T15:42:21","guid":{"rendered":"https:\/\/gyerekbarateskuvo.hu\/?page_id=962"},"modified":"2020-05-05T10:12:00","modified_gmt":"2020-05-05T08:12:00","slug":"szinpadi-hangositas","status":"publish","type":"page","link":"https:\/\/gyerekbarateskuvo.hu\/de\/szuletesnap\/szolgaltatasok\/szinpadi-hangositas\/","title":{"rendered":"Sz\u00ednpadi hangos\u00edt\u00e1s"},"content":{"rendered":"<p>[et_pb_section bb_built=&#8220;1&#8243; admin_label=&#8220;H\u00e1tt\u00e9r&#8220; _builder_version=&#8220;3.0.106&#8243; background_position=&#8220;top_center&#8220; background_image=&#8220;http:\/\/gyerekbarateskuvo.hu\/wp-content\/uploads\/2019\/04\/felho_bg.jpg&#8220;][et_pb_row _builder_version=&#8220;3.0.106&#8243; background_image=&#8220;http:\/\/gyerekbarateskuvo.hu\/wp-content\/uploads\/2019\/04\/content_bg.png&#8220; background_repeat=&#8220;repeat&#8220; use_custom_width=&#8220;on&#8220; custom_width_px=&#8220;960px&#8220; custom_margin_last_edited=&#8220;off|desktop&#8220; border_radii=&#8220;on|0px|0px|0px|0px&#8220; box_shadow_style=&#8220;preset1&#8243; gutter_width=&#8220;2&#8243; custom_padding=&#8220;20px|20px||20px&#8220; custom_padding_last_edited=&#8220;on|&#8220;][et_pb_column type=&#8220;4_4&#8243;][et_pb_text _builder_version=&#8220;3.0.106&#8243; background_layout=&#8220;light&#8220; text_font=&#8220;Combo||||||||&#8220; text_font_size=&#8220;22px&#8220; text_text_color=&#8220;#643d1f&#8220;]<\/p>\n<h1>GEBURTSTAG \/\u00a0<a href=\"http:\/\/www.gyerekbarateskuvo.hu\/de\/szuletesnap\/szolgaltatasok\">DIENSTLEISTUNGEN<\/a>\u00a0\/ B\u00dcHNENBESCHALLUNG<\/h1>\n<p>[\/et_pb_text][\/et_pb_column][\/et_pb_row][et_pb_row _builder_version=&#8220;3.0.106&#8243; background_image=&#8220;http:\/\/gyerekbarateskuvo.hu\/wp-content\/uploads\/2019\/04\/content_bg.png&#8220; background_repeat=&#8220;repeat&#8220; use_custom_width=&#8220;on&#8220; custom_width_px=&#8220;960px&#8220; custom_margin_last_edited=&#8220;off|desktop&#8220; border_radii=&#8220;on|0px|0px|0px|0px&#8220; box_shadow_style=&#8220;preset1&#8243; gutter_width=&#8220;2&#8243; custom_padding=&#8220;20px|20px||20px&#8220; custom_padding_last_edited=&#8220;on|&#8220;][et_pb_column type=&#8220;2_3&#8243;][et_pb_text _builder_version=&#8220;3.0.106&#8243; background_layout=&#8220;light&#8220;]<\/p>\n<p>Eine gute Beschallung ist ein Muss f\u00fcr eine Party. Unser Team von Technikern \u00fcbernimmt die Sprachsteuerung von kleineren Veranstaltungen und die gesamte Beschallung an Konzerten. Mit den nachstehenden Ger\u00e4ten k\u00f6nnen wir die B\u00fchnenbeschallung von Partys mit durchschnittlich 200 Personen durchf\u00fchren. Der Service braucht Stuhl, Energie und Platz, die wir zu sichern bitten!<\/p>\n<p>Technische Ger\u00e4ten:<\/p>\n<ul>\n<li>Verst\u00e4rker + 2 passive Lautsprecher (Peavey)<\/li>\n<li>12-Band-Mischer mit Gruppenkabel und 1 Steuerkreis (Behringer)<\/li>\n<li>1 aktiver + 1 passiver Monitor<\/li>\n<li>3 dynamische Gesangsmikrofone (Audio-Technica MB3k)<\/li>\n<li>1 Kondensation Gesangsmikrofon (Electro-Voice Co11)li&gt;<\/li>\n<li>2 Dynamische Audio-Mikrofone (Electro-Voice Co4)<\/li>\n<li>3 Kondensation Mikrofone (1 x LD Systems D1009, 2 x RH Sound HST-02A)<\/li>\n<li>St\u00e4nde, Kabel<\/li>\n<\/ul>\n<p><a href=\"\/szuletesnap\/szolgaltatasok\/\">&lt;&lt; Zur\u00fcck<\/a><\/p>\n<p>[\/et_pb_text][\/et_pb_column][et_pb_column type=&#8220;1_3&#8243;][et_pb_image _builder_version=&#8220;3.0.106&#8243; src=&#8220;https:\/\/gyerekbarateskuvo.hu\/wp-content\/uploads\/2020\/03\/hangos\u00edt\u00e1s.jpg&#8220; show_in_lightbox=&#8220;on&#8220; url_new_window=&#8220;off&#8220; use_overlay=&#8220;off&#8220; always_center_on_mobile=&#8220;on&#8220; force_fullwidth=&#8220;off&#8220; show_bottom_space=&#8220;on&#8220; \/][\/et_pb_column][\/et_pb_row][\/et_pb_section]<\/p>","protected":false},"excerpt":{"rendered":"<p>GEBURTSTAG \/\u00a0DIENSTLEISTUNGEN\u00a0\/ B\u00dcHNENBESCHALLUNG Eine gute Beschallung ist ein Muss f\u00fcr eine Party. Unser Team von Technikern \u00fcbernimmt die Sprachsteuerung von kleineren Veranstaltungen und die gesamte Beschallung an Konzerten. Mit den nachstehenden Ger\u00e4ten k\u00f6nnen wir die B\u00fchnenbeschallung von Partys mit durchschnittlich 200 Personen durchf\u00fchren. Der Service braucht Stuhl, Energie und Platz, die wir zu sichern bitten! Technische Ger\u00e4ten: Verst\u00e4rker + 2 passive Lautsprecher (Peavey) 12-Band-Mischer mit Gruppenkabel und 1 Steuerkreis (Behringer) 1 aktiver + 1 passiver Monitor 3 dynamische Gesangsmikrofone (Audio-Technica MB3k) 1 Kondensation Gesangsmikrofon (Electro-Voice Co11)li&gt; 2 Dynamische Audio-Mikrofone (Electro-Voice Co4) 3 Kondensation Mikrofone (1 x LD Systems D1009, 2 x RH Sound HST-02A) St\u00e4nde, Kabel &lt;&lt; Zur\u00fcck<\/p>\n","protected":false},"author":2,"featured_media":0,"parent":334,"menu_order":0,"comment_status":"closed","ping_status":"closed","template":"","meta":{"_et_pb_use_builder":"on","_et_pb_old_content":"","_et_gb_content_width":"","footnotes":""},"class_list":["post-962","page","type-page","status-publish","hentry"],"aioseo_notices":[],"_links":{"self":[{"href":"https:\/\/gyerekbarateskuvo.hu\/de\/wp-json\/wp\/v2\/pages\/962"}],"collection":[{"href":"https:\/\/gyerekbarateskuvo.hu\/de\/wp-json\/wp\/v2\/pages"}],"about":[{"href":"https:\/\/gyerekbarateskuvo.hu\/de\/wp-json\/wp\/v2\/types\/page"}],"author":[{"embeddable":true,"href":"https:\/\/gyerekbarateskuvo.hu\/de\/wp-json\/wp\/v2\/users\/2"}],"replies":[{"embeddable":true,"href":"https:\/\/gyerekbarateskuvo.hu\/de\/wp-json\/wp\/v2\/comments?post=962"}],"version-history":[{"count":7,"href":"https:\/\/gyerekbarateskuvo.hu\/de\/wp-json\/wp\/v2\/pages\/962\/revisions"}],"predecessor-version":[{"id":2694,"href":"https:\/\/gyerekbarateskuvo.hu\/de\/wp-json\/wp\/v2\/pages\/962\/revisions\/2694"}],"up":[{"embeddable":true,"href":"https:\/\/gyerekbarateskuvo.hu\/de\/wp-json\/wp\/v2\/pages\/334"}],"wp:attachment":[{"href":"https:\/\/gyerekbarateskuvo.hu\/de\/wp-json\/wp\/v2\/media?parent=962"}],"curies":[{"name":"wp","href":"https:\/\/api.w.org\/{rel}","templated":true}]}}