{"id":957,"date":"2019-07-01T17:34:06","date_gmt":"2019-07-01T15:34:06","guid":{"rendered":"https:\/\/gyerekbarateskuvo.hu\/?page_id=957"},"modified":"2020-04-23T22:20:28","modified_gmt":"2020-04-23T20:20:28","slug":"szabadteri-jatekok","status":"publish","type":"page","link":"https:\/\/gyerekbarateskuvo.hu\/de\/szuletesnap\/szolgaltatasok\/szabadteri-jatekok\/","title":{"rendered":"Szabadt\u00e9ri j\u00e1t\u00e9kok"},"content":{"rendered":"<p>[et_pb_section bb_built=&#8220;1&#8243; admin_label=&#8220;H\u00e1tt\u00e9r&#8220; _builder_version=&#8220;3.0.106&#8243; background_position=&#8220;top_center&#8220; background_image=&#8220;http:\/\/gyerekbarateskuvo.hu\/wp-content\/uploads\/2019\/04\/felho_bg.jpg&#8220;][et_pb_row _builder_version=&#8220;3.0.106&#8243; background_image=&#8220;http:\/\/gyerekbarateskuvo.hu\/wp-content\/uploads\/2019\/04\/content_bg.png&#8220; background_repeat=&#8220;repeat&#8220; use_custom_width=&#8220;on&#8220; custom_width_px=&#8220;960px&#8220; custom_margin_last_edited=&#8220;off|desktop&#8220; border_radii=&#8220;on|0px|0px|0px|0px&#8220; box_shadow_style=&#8220;preset1&#8243; gutter_width=&#8220;2&#8243; custom_padding=&#8220;20px|20px||20px&#8220; custom_padding_last_edited=&#8220;on|&#8220;][et_pb_column type=&#8220;4_4&#8243;][et_pb_text _builder_version=&#8220;3.0.106&#8243; background_layout=&#8220;light&#8220; text_font=&#8220;Combo||||||||&#8220; text_font_size=&#8220;22px&#8220; text_text_color=&#8220;#643d1f&#8220;]<\/p>\n<h1>GEBURTSTAG \/\u00a0<a href=\"http:\/\/www.gyerekbarateskuvo.hu\/de\/szuletesnap\/szolgaltatasok\">DIENSTLEISTUNGEN<\/a>\u00a0\/ SPIELE IM FREIEN<\/h1>\n<p>[\/et_pb_text][\/et_pb_column][\/et_pb_row][et_pb_row _builder_version=&#8220;3.0.106&#8243; background_image=&#8220;http:\/\/gyerekbarateskuvo.hu\/wp-content\/uploads\/2019\/04\/content_bg.png&#8220; background_repeat=&#8220;repeat&#8220; use_custom_width=&#8220;on&#8220; custom_width_px=&#8220;960px&#8220; custom_margin_last_edited=&#8220;off|desktop&#8220; border_radii=&#8220;on|0px|0px|0px|0px&#8220; box_shadow_style=&#8220;preset1&#8243; gutter_width=&#8220;2&#8243; custom_padding=&#8220;20px|20px||20px&#8220; custom_padding_last_edited=&#8220;on|&#8220;][et_pb_column type=&#8220;2_3&#8243;][et_pb_text _builder_version=&#8220;3.0.106&#8243; background_layout=&#8220;light&#8220;]<\/p>\n<p>Bei verschiedenen Entwicklungsspielen k\u00f6nnen die Teilnehmer auch ihre F\u00e4higkeiten einzeln und kreativ entfalten. Von den aufgef\u00fchrten Aktivit\u00e4ten kann man 5 w\u00e4hlen, die letzten h\u00e4ngen von den anderen Einzelauftr\u00e4gen ab. Der Service braucht Platz, den wir zu sichern bitten!<\/p>\n<p>Gro\u00dfen Holzspielzeugen: Holl\u00e4ndisch Tischspiel, Labyrinth, Kn\u00f6delwerfer, Sommerski, Sonnenblume Fotowand, Ziel-Werfen-Spiel, Stelzenlauf, Wegfindung Spiel<\/p>\n<p><a href=\"\/szuletesnap\/szolgaltatasok\/\"><br \/>\n&lt;&lt; Zur\u00fcck<\/a><\/p>\n<p>[\/et_pb_text][\/et_pb_column][et_pb_column type=&#8220;1_3&#8243;][et_pb_image _builder_version=&#8220;3.0.106&#8243; src=&#8220;https:\/\/gyerekbarateskuvo.hu\/wp-content\/uploads\/2019\/06\/szabadteri-jatekok_hd.jpg&#8220; show_in_lightbox=&#8220;on&#8220; url_new_window=&#8220;off&#8220; use_overlay=&#8220;off&#8220; always_center_on_mobile=&#8220;on&#8220; force_fullwidth=&#8220;off&#8220; show_bottom_space=&#8220;on&#8220; \/][\/et_pb_column][\/et_pb_row][\/et_pb_section]<\/p>","protected":false},"excerpt":{"rendered":"<p>GEBURTSTAG \/\u00a0DIENSTLEISTUNGEN\u00a0\/ SPIELE IM FREIEN Bei verschiedenen Entwicklungsspielen k\u00f6nnen die Teilnehmer auch ihre F\u00e4higkeiten einzeln und kreativ entfalten. Von den aufgef\u00fchrten Aktivit\u00e4ten kann man 5 w\u00e4hlen, die letzten h\u00e4ngen von den anderen Einzelauftr\u00e4gen ab. Der Service braucht Platz, den wir zu sichern bitten! Gro\u00dfen Holzspielzeugen: Holl\u00e4ndisch Tischspiel, Labyrinth, Kn\u00f6delwerfer, Sommerski, Sonnenblume Fotowand, Ziel-Werfen-Spiel, Stelzenlauf, Wegfindung Spiel &lt;&lt; Zur\u00fcck<\/p>\n","protected":false},"author":2,"featured_media":0,"parent":334,"menu_order":0,"comment_status":"closed","ping_status":"closed","template":"","meta":{"_et_pb_use_builder":"on","_et_pb_old_content":"","_et_gb_content_width":"","footnotes":""},"class_list":["post-957","page","type-page","status-publish","hentry"],"aioseo_notices":[],"_links":{"self":[{"href":"https:\/\/gyerekbarateskuvo.hu\/de\/wp-json\/wp\/v2\/pages\/957"}],"collection":[{"href":"https:\/\/gyerekbarateskuvo.hu\/de\/wp-json\/wp\/v2\/pages"}],"about":[{"href":"https:\/\/gyerekbarateskuvo.hu\/de\/wp-json\/wp\/v2\/types\/page"}],"author":[{"embeddable":true,"href":"https:\/\/gyerekbarateskuvo.hu\/de\/wp-json\/wp\/v2\/users\/2"}],"replies":[{"embeddable":true,"href":"https:\/\/gyerekbarateskuvo.hu\/de\/wp-json\/wp\/v2\/comments?post=957"}],"version-history":[{"count":3,"href":"https:\/\/gyerekbarateskuvo.hu\/de\/wp-json\/wp\/v2\/pages\/957\/revisions"}],"predecessor-version":[{"id":2403,"href":"https:\/\/gyerekbarateskuvo.hu\/de\/wp-json\/wp\/v2\/pages\/957\/revisions\/2403"}],"up":[{"embeddable":true,"href":"https:\/\/gyerekbarateskuvo.hu\/de\/wp-json\/wp\/v2\/pages\/334"}],"wp:attachment":[{"href":"https:\/\/gyerekbarateskuvo.hu\/de\/wp-json\/wp\/v2\/media?parent=957"}],"curies":[{"name":"wp","href":"https:\/\/api.w.org\/{rel}","templated":true}]}}