{"id":859,"date":"2019-06-29T06:11:32","date_gmt":"2019-06-29T04:11:32","guid":{"rendered":"https:\/\/gyerekbarateskuvo.hu\/?page_id=859"},"modified":"2020-04-23T21:39:08","modified_gmt":"2020-04-23T19:39:08","slug":"bobocar","status":"publish","type":"page","link":"https:\/\/gyerekbarateskuvo.hu\/de\/szuletesnap\/szolgaltatasok\/bobocar\/","title":{"rendered":"Bobocar"},"content":{"rendered":"<p>[et_pb_section bb_built=&#8220;1&#8243; admin_label=&#8220;H\u00e1tt\u00e9r&#8220; _builder_version=&#8220;3.0.106&#8243; background_position=&#8220;top_center&#8220; background_image=&#8220;http:\/\/gyerekbarateskuvo.hu\/wp-content\/uploads\/2019\/04\/felho_bg.jpg&#8220;][et_pb_row _builder_version=&#8220;3.0.106&#8243; background_image=&#8220;http:\/\/gyerekbarateskuvo.hu\/wp-content\/uploads\/2019\/04\/content_bg.png&#8220; background_repeat=&#8220;repeat&#8220; use_custom_width=&#8220;on&#8220; custom_width_px=&#8220;960px&#8220; custom_margin_last_edited=&#8220;off|desktop&#8220; border_radii=&#8220;on|0px|0px|0px|0px&#8220; box_shadow_style=&#8220;preset1&#8243; gutter_width=&#8220;2&#8243; custom_padding=&#8220;20px|20px||20px&#8220; custom_padding_last_edited=&#8220;on|&#8220;][et_pb_column type=&#8220;4_4&#8243;][et_pb_text _builder_version=&#8220;3.0.106&#8243; background_layout=&#8220;light&#8220; text_font=&#8220;Combo||||||||&#8220; text_font_size=&#8220;22px&#8220; text_text_color=&#8220;#643d1f&#8220;]<\/p>\n<h1>GEBURTSTAG \/\u00a0<a href=\"http:\/\/www.gyerekbarateskuvo.hu\/de\/szuletesnap\/szolgaltatasok\">DIENSTLEISTUNGEN<\/a>\u00a0\/ BOBOCAR<\/h1>\n<p>[\/et_pb_text][\/et_pb_column][\/et_pb_row][et_pb_row _builder_version=&#8220;3.0.106&#8243; background_image=&#8220;http:\/\/gyerekbarateskuvo.hu\/wp-content\/uploads\/2019\/04\/content_bg.png&#8220; background_repeat=&#8220;repeat&#8220; use_custom_width=&#8220;on&#8220; custom_width_px=&#8220;960px&#8220; custom_margin_last_edited=&#8220;off|desktop&#8220; border_radii=&#8220;on|0px|0px|0px|0px&#8220; box_shadow_style=&#8220;preset1&#8243; gutter_width=&#8220;2&#8243; custom_padding=&#8220;20px|20px||20px&#8220; custom_padding_last_edited=&#8220;on|&#8220;][et_pb_column type=&#8220;2_3&#8243;][et_pb_text _builder_version=&#8220;3.0.106&#8243; background_layout=&#8220;light&#8220;]<\/p>\n<p style=\"text-align: justify;\">Dieses speziale Auto ohne Pedale erfreut sich gr\u00f6\u00dfer Beliebtheit bei den Kleinen und Gro\u00dfen. Es hilft der Gleichgewichtssinn, die Bewegungskoordination und die r\u00e4umliche Orientierung der Kinder. Das &#8218;Steuer-Aktiv&#8216; Auto benutzt nur die Kraft und das Gewicht des Fahrgasts. Man soll darauf sitzen, das Steuer von Links nach Rechts verdrehen und es wird funktionieren. Wenn man die Steuer mit 180 Grad verdreht, kann es sich zur\u00fcckwenden. Es kann auch von Erwachsene ausprobiert werden.<\/p>\n<p><a href=\"\/szuletesnap\/szolgaltatasok\/\">&lt;&lt; Zur\u00fcck<\/a><\/p>\n<p>[\/et_pb_text][\/et_pb_column][et_pb_column type=&#8220;1_3&#8243;][et_pb_image _builder_version=&#8220;3.0.106&#8243; src=&#8220;https:\/\/gyerekbarateskuvo.hu\/wp-content\/uploads\/2019\/06\/bobocar_hd.jpg&#8220; show_in_lightbox=&#8220;on&#8220; url_new_window=&#8220;off&#8220; use_overlay=&#8220;off&#8220; always_center_on_mobile=&#8220;on&#8220; force_fullwidth=&#8220;off&#8220; show_bottom_space=&#8220;on&#8220; \/][\/et_pb_column][\/et_pb_row][\/et_pb_section]<\/p>","protected":false},"excerpt":{"rendered":"<p>GEBURTSTAG \/\u00a0DIENSTLEISTUNGEN\u00a0\/ BOBOCAR Dieses speziale Auto ohne Pedale erfreut sich gr\u00f6\u00dfer Beliebtheit bei den Kleinen und Gro\u00dfen. Es hilft der Gleichgewichtssinn, die Bewegungskoordination und die r\u00e4umliche Orientierung der Kinder. Das &#8218;Steuer-Aktiv&#8216; Auto benutzt nur die Kraft und das Gewicht des Fahrgasts. Man soll darauf sitzen, das Steuer von Links nach Rechts verdrehen und es wird funktionieren. Wenn man die Steuer mit 180 Grad verdreht, kann es sich zur\u00fcckwenden. Es kann auch von Erwachsene ausprobiert werden. &lt;&lt; Zur\u00fcck<\/p>\n","protected":false},"author":2,"featured_media":0,"parent":334,"menu_order":0,"comment_status":"closed","ping_status":"closed","template":"","meta":{"_et_pb_use_builder":"on","_et_pb_old_content":"","_et_gb_content_width":"","footnotes":""},"class_list":["post-859","page","type-page","status-publish","hentry"],"aioseo_notices":[],"_links":{"self":[{"href":"https:\/\/gyerekbarateskuvo.hu\/de\/wp-json\/wp\/v2\/pages\/859"}],"collection":[{"href":"https:\/\/gyerekbarateskuvo.hu\/de\/wp-json\/wp\/v2\/pages"}],"about":[{"href":"https:\/\/gyerekbarateskuvo.hu\/de\/wp-json\/wp\/v2\/types\/page"}],"author":[{"embeddable":true,"href":"https:\/\/gyerekbarateskuvo.hu\/de\/wp-json\/wp\/v2\/users\/2"}],"replies":[{"embeddable":true,"href":"https:\/\/gyerekbarateskuvo.hu\/de\/wp-json\/wp\/v2\/comments?post=859"}],"version-history":[{"count":4,"href":"https:\/\/gyerekbarateskuvo.hu\/de\/wp-json\/wp\/v2\/pages\/859\/revisions"}],"predecessor-version":[{"id":2379,"href":"https:\/\/gyerekbarateskuvo.hu\/de\/wp-json\/wp\/v2\/pages\/859\/revisions\/2379"}],"up":[{"embeddable":true,"href":"https:\/\/gyerekbarateskuvo.hu\/de\/wp-json\/wp\/v2\/pages\/334"}],"wp:attachment":[{"href":"https:\/\/gyerekbarateskuvo.hu\/de\/wp-json\/wp\/v2\/media?parent=859"}],"curies":[{"name":"wp","href":"https:\/\/api.w.org\/{rel}","templated":true}]}}