{"id":493,"date":"2019-06-19T17:16:04","date_gmt":"2019-06-19T15:16:04","guid":{"rendered":"https:\/\/gyerekbarateskuvo.hu\/?page_id=493"},"modified":"2020-04-23T21:26:47","modified_gmt":"2020-04-23T19:26:47","slug":"ugralovar","status":"publish","type":"page","link":"https:\/\/gyerekbarateskuvo.hu\/de\/eskuvo\/szolgaltatasok\/ugralovar\/","title":{"rendered":"Ugr\u00e1l\u00f3v\u00e1r"},"content":{"rendered":"<p>[et_pb_section bb_built=&#8220;1&#8243; admin_label=&#8220;H\u00e1tt\u00e9r&#8220; _builder_version=&#8220;3.0.106&#8243; background_position=&#8220;top_center&#8220; background_image=&#8220;http:\/\/gyerekbarateskuvo.hu\/wp-content\/uploads\/2019\/04\/felho_bg.jpg&#8220;][et_pb_row _builder_version=&#8220;3.0.106&#8243; background_image=&#8220;http:\/\/gyerekbarateskuvo.hu\/wp-content\/uploads\/2019\/04\/content_bg.png&#8220; background_repeat=&#8220;repeat&#8220; use_custom_width=&#8220;on&#8220; custom_width_px=&#8220;960px&#8220; custom_margin_last_edited=&#8220;off|desktop&#8220; border_radii=&#8220;on|0px|0px|0px|0px&#8220; box_shadow_style=&#8220;preset1&#8243; gutter_width=&#8220;2&#8243; custom_padding=&#8220;20px|20px||20px&#8220; custom_padding_last_edited=&#8220;on|&#8220;][et_pb_column type=&#8220;4_4&#8243;][et_pb_text _builder_version=&#8220;3.0.106&#8243; background_layout=&#8220;light&#8220; text_font=&#8220;Combo||||||||&#8220; text_font_size=&#8220;22px&#8220; text_text_color=&#8220;#643d1f&#8220;]<\/p>\n<h1>HOCHZEIT \/\u00a0<a href=\"http:\/\/www.gyerekbarateskuvo.hu\/de\/eskuvo\/szolgaltatasok\">DIENSTLEISTUNGEN<\/a>\u00a0\/ H\u00dcPFBURG<\/h1>\n<p>[\/et_pb_text][\/et_pb_column][\/et_pb_row][et_pb_row _builder_version=&#8220;3.0.106&#8243; background_image=&#8220;http:\/\/gyerekbarateskuvo.hu\/wp-content\/uploads\/2019\/04\/content_bg.png&#8220; background_repeat=&#8220;repeat&#8220; use_custom_width=&#8220;on&#8220; custom_width_px=&#8220;960px&#8220; custom_margin_last_edited=&#8220;off|desktop&#8220; border_radii=&#8220;on|0px|0px|0px|0px&#8220; box_shadow_style=&#8220;preset1&#8243; gutter_width=&#8220;2&#8243; custom_padding=&#8220;20px|20px||20px&#8220; custom_padding_last_edited=&#8220;on|&#8220;][et_pb_column type=&#8220;2_3&#8243;][et_pb_text _builder_version=&#8220;3.0.106&#8243; background_layout=&#8220;light&#8220;]<\/p>\n<p>Das beliebteste Programm von unserem Spielhaus. Das ist ein professionelles aufgepumptes Spielzeug mit Rutsche und Hindernisfeld, was die ganze Zeit zur Verf\u00fcgung steht und gute Laune macht. Die Gro\u00dfe kann man unabh\u00e4ngig vom Alter und die Kleine unter 3 Jahre verwenden. Gleichzeitig kann man beide Spiele nur in einer bestimmten Anzahl verwenden und nur mit der \u00dcberwachung vom Animator. Der Service braucht Platz und Energie, die wir zu sichern bitten! Die Spiele haben g\u00fcltige \u00c9MI-T\u00dcV Pr\u00fcfungen.<\/p>\n<p>[\/et_pb_text][et_pb_text _builder_version=&#8220;3.0.106&#8243; background_layout=&#8220;light&#8220;]<\/p>\n<h2>Spongya Bob Rutschenschloss<\/h2>\n<ul>\n<li>Platzbedarf: 6 \u00d7 8 m<\/li>\n<li>Strombedarf: 230 V \/ 16 A<\/li>\n<\/ul>\n<p>[\/et_pb_text][et_pb_text _builder_version=&#8220;3.0.106&#8243; background_layout=&#8220;light&#8220;]<\/p>\n<h2>Man\u00f3v\u00e1r-Springer<\/h2>\n<ul>\n<li>Spongya Platzbedarf: 6 \u00d7 8 m<\/li>\n<li>Strombedarf: 230 V \/ 16 A<\/li>\n<\/ul>\n<p>[\/et_pb_text][et_pb_text _builder_version=&#8220;3.0.106&#8243; background_layout=&#8220;light&#8220;]<\/p>\n<h2>Zug Luftburg<\/h2>\n<ul>\n<li>Gr\u00f6\u00dfe: 505 \u00d7 250 \u00d7 240 cm<\/li>\n<li>Tragf\u00e4higkeit: 160 kg (4 Personen)<\/li>\n<li>Gewicht: 28 kg<\/li>\n<\/ul>\n<p>[\/et_pb_text][et_pb_text _builder_version=&#8220;3.0.106&#8243; background_layout=&#8220;light&#8220;]<\/p>\n<p><a href=\"\/eskuvo\/szolgaltatasok\/\">&lt;&lt; Zur\u00fcck<\/a><\/p>\n<p>[\/et_pb_text][\/et_pb_column][et_pb_column type=&#8220;1_3&#8243;][et_pb_image _builder_version=&#8220;3.0.106&#8243; src=&#8220;https:\/\/gyerekbarateskuvo.hu\/wp-content\/uploads\/2020\/03\/spongya-bob-1.jpg&#8220; show_in_lightbox=&#8220;on&#8220; url_new_window=&#8220;off&#8220; use_overlay=&#8220;off&#8220; always_center_on_mobile=&#8220;on&#8220; force_fullwidth=&#8220;off&#8220; show_bottom_space=&#8220;on&#8220; \/][et_pb_image _builder_version=&#8220;3.0.106&#8243; src=&#8220;https:\/\/gyerekbarateskuvo.hu\/wp-content\/uploads\/2020\/03\/man\u00f3v\u00e1r-1.jpg&#8220; show_in_lightbox=&#8220;on&#8220; url_new_window=&#8220;off&#8220; use_overlay=&#8220;off&#8220; always_center_on_mobile=&#8220;on&#8220; force_fullwidth=&#8220;off&#8220; show_bottom_space=&#8220;on&#8220; \/][et_pb_image _builder_version=&#8220;3.0.106&#8243; src=&#8220;https:\/\/gyerekbarateskuvo.hu\/wp-content\/uploads\/2020\/03\/vonatos-ugr\u00e1l\u00f3-1.jpg&#8220; show_in_lightbox=&#8220;on&#8220; url_new_window=&#8220;off&#8220; use_overlay=&#8220;off&#8220; always_center_on_mobile=&#8220;on&#8220; force_fullwidth=&#8220;off&#8220; show_bottom_space=&#8220;on&#8220; \/][\/et_pb_column][\/et_pb_row][\/et_pb_section]<\/p>","protected":false},"excerpt":{"rendered":"<p>HOCHZEIT \/\u00a0DIENSTLEISTUNGEN\u00a0\/ H\u00dcPFBURG Das beliebteste Programm von unserem Spielhaus. Das ist ein professionelles aufgepumptes Spielzeug mit Rutsche und Hindernisfeld, was die ganze Zeit zur Verf\u00fcgung steht und gute Laune macht. Die Gro\u00dfe kann man unabh\u00e4ngig vom Alter und die Kleine unter 3 Jahre verwenden. Gleichzeitig kann man beide Spiele nur in einer bestimmten Anzahl verwenden und nur mit der \u00dcberwachung vom Animator. Der Service braucht Platz und Energie, die wir zu sichern bitten! Die Spiele haben g\u00fcltige \u00c9MI-T\u00dcV Pr\u00fcfungen. Spongya Bob Rutschenschloss Platzbedarf: 6 \u00d7 8 m Strombedarf: 230 V \/ 16 A Man\u00f3v\u00e1r-Springer Spongya Platzbedarf: 6 \u00d7 8 m Strombedarf: 230 V \/ 16 A Zug Luftburg Gr\u00f6\u00dfe: 505 \u00d7 250 \u00d7 240 cm Tragf\u00e4higkeit: 160 kg (4 Personen) Gewicht: 28 kg &lt;&lt; Zur\u00fcck<\/p>\n","protected":false},"author":2,"featured_media":0,"parent":326,"menu_order":0,"comment_status":"closed","ping_status":"closed","template":"","meta":{"_et_pb_use_builder":"on","_et_pb_old_content":"","_et_gb_content_width":"","footnotes":""},"class_list":["post-493","page","type-page","status-publish","hentry"],"aioseo_notices":[],"_links":{"self":[{"href":"https:\/\/gyerekbarateskuvo.hu\/de\/wp-json\/wp\/v2\/pages\/493"}],"collection":[{"href":"https:\/\/gyerekbarateskuvo.hu\/de\/wp-json\/wp\/v2\/pages"}],"about":[{"href":"https:\/\/gyerekbarateskuvo.hu\/de\/wp-json\/wp\/v2\/types\/page"}],"author":[{"embeddable":true,"href":"https:\/\/gyerekbarateskuvo.hu\/de\/wp-json\/wp\/v2\/users\/2"}],"replies":[{"embeddable":true,"href":"https:\/\/gyerekbarateskuvo.hu\/de\/wp-json\/wp\/v2\/comments?post=493"}],"version-history":[{"count":20,"href":"https:\/\/gyerekbarateskuvo.hu\/de\/wp-json\/wp\/v2\/pages\/493\/revisions"}],"predecessor-version":[{"id":2373,"href":"https:\/\/gyerekbarateskuvo.hu\/de\/wp-json\/wp\/v2\/pages\/493\/revisions\/2373"}],"up":[{"embeddable":true,"href":"https:\/\/gyerekbarateskuvo.hu\/de\/wp-json\/wp\/v2\/pages\/326"}],"wp:attachment":[{"href":"https:\/\/gyerekbarateskuvo.hu\/de\/wp-json\/wp\/v2\/media?parent=493"}],"curies":[{"name":"wp","href":"https:\/\/api.w.org\/{rel}","templated":true}]}}