{"id":454,"date":"2019-06-19T17:08:03","date_gmt":"2019-06-19T15:08:03","guid":{"rendered":"https:\/\/gyerekbarateskuvo.hu\/?page_id=454"},"modified":"2020-04-23T21:15:33","modified_gmt":"2020-04-23T19:15:33","slug":"jatszosarok","status":"publish","type":"page","link":"https:\/\/gyerekbarateskuvo.hu\/de\/eskuvo\/szolgaltatasok\/jatszosarok\/","title":{"rendered":"J\u00e1tsz\u00f3sarok"},"content":{"rendered":"<p>[et_pb_section bb_built=&#8220;1&#8243; admin_label=&#8220;H\u00e1tt\u00e9r&#8220; _builder_version=&#8220;3.0.106&#8243; background_position=&#8220;top_center&#8220; background_image=&#8220;http:\/\/gyerekbarateskuvo.hu\/wp-content\/uploads\/2019\/04\/felho_bg.jpg&#8220;][et_pb_row _builder_version=&#8220;3.0.106&#8243; background_image=&#8220;http:\/\/gyerekbarateskuvo.hu\/wp-content\/uploads\/2019\/04\/content_bg.png&#8220; background_repeat=&#8220;repeat&#8220; use_custom_width=&#8220;on&#8220; custom_width_px=&#8220;960px&#8220; custom_margin_last_edited=&#8220;off|desktop&#8220; border_radii=&#8220;on|0px|0px|0px|0px&#8220; box_shadow_style=&#8220;preset1&#8243; gutter_width=&#8220;2&#8243; custom_padding=&#8220;20px|20px||20px&#8220; custom_padding_last_edited=&#8220;on|&#8220;][et_pb_column type=&#8220;4_4&#8243;][et_pb_text _builder_version=&#8220;3.0.106&#8243; background_layout=&#8220;light&#8220; text_font=&#8220;Combo||||||||&#8220; text_font_size=&#8220;22px&#8220; text_text_color=&#8220;#643d1f&#8220;]<\/p>\n<h1>HOCHZEIT \/\u00a0<a href=\"http:\/\/www.gyerekbarateskuvo.hu\/de\/eskuvo\/szolgaltatasok\">DIENSTLEISTUNGEN<\/a>\u00a0\/ SPIELECKE<\/h1>\n<p>[\/et_pb_text][\/et_pb_column][\/et_pb_row][et_pb_row _builder_version=&#8220;3.0.106&#8243; background_image=&#8220;http:\/\/gyerekbarateskuvo.hu\/wp-content\/uploads\/2019\/04\/content_bg.png&#8220; background_repeat=&#8220;repeat&#8220; use_custom_width=&#8220;on&#8220; custom_width_px=&#8220;960px&#8220; custom_margin_last_edited=&#8220;off|desktop&#8220; border_radii=&#8220;on|0px|0px|0px|0px&#8220; box_shadow_style=&#8220;preset1&#8243; gutter_width=&#8220;2&#8243; custom_padding=&#8220;20px|20px||20px&#8220; custom_padding_last_edited=&#8220;on|&#8220;][et_pb_column type=&#8220;2_3&#8243;][et_pb_text _builder_version=&#8220;3.0.106&#8243; background_layout=&#8220;light&#8220;]<\/p>\n<p>In der Spielecke kann alle mit dem entsprechenden Spielzeug spielen und das sowohl im Freien als auch in einem Raum genie\u00dfen. Wir bieten unsere F\u00e4higkeitenentwicklungsspiele entsprechend dem Entwicklungsstand und Alter an und nat\u00fcrlich spielen wir mit ihnen zusammen. Der Service braucht Platz, den wir zu sichern bitten!<\/p>\n<ul>\n<li>Regenbogenpyramide<\/li>\n<li>Memo-Puzzle<\/li>\n<li>Maus-Box<\/li>\n<li>Jenga<\/li>\n<li>3D Puzzle<\/li>\n<li>Mein erstes elektrisches Spielzeug<\/li>\n<li>Twister<\/li>\n<li>Erraten wer<\/li>\n<li>Ein t\u00fcchtiger kleiner G\u00e4rtner<\/li>\n<\/ul>\n<p><a href=\"\/eskuvo\/szolgaltatasok\/\">&lt;&lt; Zur\u00fcck<\/a><\/p>\n<p>[\/et_pb_text][\/et_pb_column][et_pb_column type=&#8220;1_3&#8243;][et_pb_image _builder_version=&#8220;3.0.106&#8243; src=&#8220;https:\/\/gyerekbarateskuvo.hu\/wp-content\/uploads\/2019\/06\/jatszosarok_hd.jpg&#8220; show_in_lightbox=&#8220;on&#8220; url_new_window=&#8220;off&#8220; use_overlay=&#8220;off&#8220; always_center_on_mobile=&#8220;on&#8220; force_fullwidth=&#8220;off&#8220; show_bottom_space=&#8220;on&#8220; \/][\/et_pb_column][\/et_pb_row][\/et_pb_section]<\/p>","protected":false},"excerpt":{"rendered":"<p>HOCHZEIT \/\u00a0DIENSTLEISTUNGEN\u00a0\/ SPIELECKE In der Spielecke kann alle mit dem entsprechenden Spielzeug spielen und das sowohl im Freien als auch in einem Raum genie\u00dfen. Wir bieten unsere F\u00e4higkeitenentwicklungsspiele entsprechend dem Entwicklungsstand und Alter an und nat\u00fcrlich spielen wir mit ihnen zusammen. Der Service braucht Platz, den wir zu sichern bitten! Regenbogenpyramide Memo-Puzzle Maus-Box Jenga 3D Puzzle Mein erstes elektrisches Spielzeug Twister Erraten wer Ein t\u00fcchtiger kleiner G\u00e4rtner &lt;&lt; Zur\u00fcck<\/p>\n","protected":false},"author":2,"featured_media":0,"parent":326,"menu_order":0,"comment_status":"closed","ping_status":"closed","template":"","meta":{"_et_pb_use_builder":"on","_et_pb_old_content":"","_et_gb_content_width":"","footnotes":""},"class_list":["post-454","page","type-page","status-publish","hentry"],"aioseo_notices":[],"_links":{"self":[{"href":"https:\/\/gyerekbarateskuvo.hu\/de\/wp-json\/wp\/v2\/pages\/454"}],"collection":[{"href":"https:\/\/gyerekbarateskuvo.hu\/de\/wp-json\/wp\/v2\/pages"}],"about":[{"href":"https:\/\/gyerekbarateskuvo.hu\/de\/wp-json\/wp\/v2\/types\/page"}],"author":[{"embeddable":true,"href":"https:\/\/gyerekbarateskuvo.hu\/de\/wp-json\/wp\/v2\/users\/2"}],"replies":[{"embeddable":true,"href":"https:\/\/gyerekbarateskuvo.hu\/de\/wp-json\/wp\/v2\/comments?post=454"}],"version-history":[{"count":13,"href":"https:\/\/gyerekbarateskuvo.hu\/de\/wp-json\/wp\/v2\/pages\/454\/revisions"}],"predecessor-version":[{"id":2357,"href":"https:\/\/gyerekbarateskuvo.hu\/de\/wp-json\/wp\/v2\/pages\/454\/revisions\/2357"}],"up":[{"embeddable":true,"href":"https:\/\/gyerekbarateskuvo.hu\/de\/wp-json\/wp\/v2\/pages\/326"}],"wp:attachment":[{"href":"https:\/\/gyerekbarateskuvo.hu\/de\/wp-json\/wp\/v2\/media?parent=454"}],"curies":[{"name":"wp","href":"https:\/\/api.w.org\/{rel}","templated":true}]}}