{"id":447,"date":"2019-06-19T17:06:49","date_gmt":"2019-06-19T15:06:49","guid":{"rendered":"https:\/\/gyerekbarateskuvo.hu\/?page_id=447"},"modified":"2020-04-23T21:11:45","modified_gmt":"2020-04-23T19:11:45","slug":"hennafestes","status":"publish","type":"page","link":"https:\/\/gyerekbarateskuvo.hu\/de\/eskuvo\/szolgaltatasok\/hennafestes\/","title":{"rendered":"Hennafest\u00e9s"},"content":{"rendered":"<p>[et_pb_section bb_built=&#8220;1&#8243; admin_label=&#8220;H\u00e1tt\u00e9r&#8220; _builder_version=&#8220;3.0.106&#8243; background_position=&#8220;top_center&#8220; background_image=&#8220;http:\/\/gyerekbarateskuvo.hu\/wp-content\/uploads\/2019\/04\/felho_bg.jpg&#8220;][et_pb_row _builder_version=&#8220;3.0.106&#8243; background_image=&#8220;http:\/\/gyerekbarateskuvo.hu\/wp-content\/uploads\/2019\/04\/content_bg.png&#8220; background_repeat=&#8220;repeat&#8220; use_custom_width=&#8220;on&#8220; custom_width_px=&#8220;960px&#8220; custom_margin_last_edited=&#8220;off|desktop&#8220; border_radii=&#8220;on|0px|0px|0px|0px&#8220; box_shadow_style=&#8220;preset1&#8243; gutter_width=&#8220;2&#8243; custom_padding=&#8220;20px|20px||20px&#8220; custom_padding_last_edited=&#8220;on|&#8220;][et_pb_column type=&#8220;4_4&#8243;][et_pb_text _builder_version=&#8220;3.0.106&#8243; background_layout=&#8220;light&#8220; text_font=&#8220;Combo||||||||&#8220; text_font_size=&#8220;22px&#8220; text_text_color=&#8220;#643d1f&#8220;]<\/p>\n<h1>HOCHZEIT \/\u00a0<a href=\"http:\/\/www.gyerekbarateskuvo.hu\/de\/eskuvo\/szolgaltatasok\">DIENSTLEISTUNGEN<\/a>\u00a0\/ HENNA-MALEREI<\/h1>\n<p>[\/et_pb_text][\/et_pb_column][\/et_pb_row][et_pb_row _builder_version=&#8220;3.0.106&#8243; background_image=&#8220;http:\/\/gyerekbarateskuvo.hu\/wp-content\/uploads\/2019\/04\/content_bg.png&#8220; background_repeat=&#8220;repeat&#8220; use_custom_width=&#8220;on&#8220; custom_width_px=&#8220;960px&#8220; custom_margin_last_edited=&#8220;off|desktop&#8220; border_radii=&#8220;on|0px|0px|0px|0px&#8220; box_shadow_style=&#8220;preset1&#8243; gutter_width=&#8220;2&#8243; custom_padding=&#8220;20px|20px||20px&#8220; custom_padding_last_edited=&#8220;on|&#8220;][et_pb_column type=&#8220;2_3&#8243;][et_pb_text _builder_version=&#8220;3.0.106&#8243; background_layout=&#8220;light&#8220;]<\/p>\n<p style=\"text-align: justify;\">Henna-Malerei ist auch eine Lieblingsbesch\u00e4ftigung f\u00fcr unser Spielhaus und macht die Veranstaltung bunter und fr\u00f6hlicher. Es wird nur Snazzaroo Henna in englischer Qualit\u00e4t verwendet, das eine hautfreundliche, allergiefreie und getestete K\u00f6rperfarbe ist! Die Farbe kann leicht mit Wasser und Seife entfernt werden! Der Service braucht Tisch, Stuhl und Platz, die wir zu sichern bitten!<\/p>\n<p><a href=\"\/eskuvo\/szolgaltatasok\/\">&lt;&lt; Zur\u00fcck<\/a><\/p>\n<p>[\/et_pb_text][\/et_pb_column][et_pb_column type=&#8220;1_3&#8243;][et_pb_image _builder_version=&#8220;3.0.106&#8243; src=&#8220;https:\/\/gyerekbarateskuvo.hu\/wp-content\/uploads\/2019\/06\/hennafestes_hd.jpg&#8220; show_in_lightbox=&#8220;on&#8220; url_new_window=&#8220;off&#8220; use_overlay=&#8220;off&#8220; always_center_on_mobile=&#8220;on&#8220; force_fullwidth=&#8220;off&#8220; show_bottom_space=&#8220;on&#8220; \/][\/et_pb_column][\/et_pb_row][\/et_pb_section]<\/p>","protected":false},"excerpt":{"rendered":"<p>HOCHZEIT \/\u00a0DIENSTLEISTUNGEN\u00a0\/ HENNA-MALEREI Henna-Malerei ist auch eine Lieblingsbesch\u00e4ftigung f\u00fcr unser Spielhaus und macht die Veranstaltung bunter und fr\u00f6hlicher. Es wird nur Snazzaroo Henna in englischer Qualit\u00e4t verwendet, das eine hautfreundliche, allergiefreie und getestete K\u00f6rperfarbe ist! Die Farbe kann leicht mit Wasser und Seife entfernt werden! Der Service braucht Tisch, Stuhl und Platz, die wir zu sichern bitten! &lt;&lt; Zur\u00fcck<\/p>\n","protected":false},"author":2,"featured_media":0,"parent":326,"menu_order":0,"comment_status":"closed","ping_status":"closed","template":"","meta":{"_et_pb_use_builder":"on","_et_pb_old_content":"","_et_gb_content_width":"","footnotes":""},"class_list":["post-447","page","type-page","status-publish","hentry"],"aioseo_notices":[],"_links":{"self":[{"href":"https:\/\/gyerekbarateskuvo.hu\/de\/wp-json\/wp\/v2\/pages\/447"}],"collection":[{"href":"https:\/\/gyerekbarateskuvo.hu\/de\/wp-json\/wp\/v2\/pages"}],"about":[{"href":"https:\/\/gyerekbarateskuvo.hu\/de\/wp-json\/wp\/v2\/types\/page"}],"author":[{"embeddable":true,"href":"https:\/\/gyerekbarateskuvo.hu\/de\/wp-json\/wp\/v2\/users\/2"}],"replies":[{"embeddable":true,"href":"https:\/\/gyerekbarateskuvo.hu\/de\/wp-json\/wp\/v2\/comments?post=447"}],"version-history":[{"count":8,"href":"https:\/\/gyerekbarateskuvo.hu\/de\/wp-json\/wp\/v2\/pages\/447\/revisions"}],"predecessor-version":[{"id":2354,"href":"https:\/\/gyerekbarateskuvo.hu\/de\/wp-json\/wp\/v2\/pages\/447\/revisions\/2354"}],"up":[{"embeddable":true,"href":"https:\/\/gyerekbarateskuvo.hu\/de\/wp-json\/wp\/v2\/pages\/326"}],"wp:attachment":[{"href":"https:\/\/gyerekbarateskuvo.hu\/de\/wp-json\/wp\/v2\/media?parent=447"}],"curies":[{"name":"wp","href":"https:\/\/api.w.org\/{rel}","templated":true}]}}