{"id":338,"date":"2019-06-19T11:15:16","date_gmt":"2019-06-19T09:15:16","guid":{"rendered":"https:\/\/gyerekbarateskuvo.hu\/?page_id=338"},"modified":"2020-05-07T09:51:17","modified_gmt":"2020-05-07T07:51:17","slug":"csomagok","status":"publish","type":"page","link":"https:\/\/gyerekbarateskuvo.hu\/de\/szuletesnap\/csomagok\/","title":{"rendered":"Packung"},"content":{"rendered":"<p>[et_pb_section bb_built=&#8220;1&#8243; admin_label=&#8220;H\u00e1tt\u00e9r&#8220; _builder_version=&#8220;3.0.106&#8243; background_position=&#8220;top_center&#8220; background_image=&#8220;http:\/\/gyerekbarateskuvo.hu\/wp-content\/uploads\/2019\/04\/felho_bg.jpg&#8220;][et_pb_row _builder_version=&#8220;3.0.106&#8243; background_image=&#8220;http:\/\/gyerekbarateskuvo.hu\/wp-content\/uploads\/2019\/04\/content_bg.png&#8220; background_repeat=&#8220;repeat&#8220; use_custom_width=&#8220;on&#8220; custom_width_px=&#8220;960px&#8220; custom_margin_last_edited=&#8220;off|desktop&#8220; border_radii=&#8220;on|0px|0px|0px|0px&#8220; box_shadow_style=&#8220;preset1&#8243; gutter_width=&#8220;2&#8243; custom_padding=&#8220;20px|20px||20px&#8220; custom_padding_last_edited=&#8220;on|&#8220;][et_pb_column type=&#8220;4_4&#8243;][et_pb_text _builder_version=&#8220;3.0.106&#8243; background_layout=&#8220;light&#8220; text_font=&#8220;Combo||||||||&#8220; text_font_size=&#8220;22px&#8220; text_text_color=&#8220;#643d1f&#8220;]<\/p>\n<h1>GEBURTSTAG \/ PACKUNG<\/h1>\n<p>[\/et_pb_text][\/et_pb_column][\/et_pb_row][et_pb_row _builder_version=&#8220;3.0.106&#8243; background_image=&#8220;http:\/\/gyerekbarateskuvo.hu\/wp-content\/uploads\/2019\/04\/content_bg.png&#8220; background_repeat=&#8220;repeat&#8220; use_custom_width=&#8220;on&#8220; custom_width_px=&#8220;960px&#8220; custom_margin_last_edited=&#8220;off|desktop&#8220; border_radii=&#8220;on|0px|0px|0px|0px&#8220; box_shadow_style=&#8220;preset1&#8243; gutter_width=&#8220;2&#8243; custom_padding=&#8220;20px|20px||20px&#8220; custom_padding_last_edited=&#8220;on|&#8220;][et_pb_column type=&#8220;2_3&#8243;][et_pb_text _builder_version=&#8220;3.0.106&#8243; background_layout=&#8220;light&#8220; module_class=&#8220;package package_small&#8220;]<\/p>\n<h2>Kleingep\u00e4ck<\/h2>\n<ul>\n<li>Handwerkbesch\u00e4ftigung<\/li>\n<li>Luftballonfiguren machen<\/li>\n<li>Schatzsucher- Wettbewerb<\/li>\n<li>Riesenblasen<\/li>\n<\/ul>\n<p>[\/et_pb_text][et_pb_text _builder_version=&#8220;3.0.106&#8243; background_layout=&#8220;light&#8220; module_class=&#8220;package package_big&#8220;]<\/p>\n<h2>Gro\u00dfgep\u00e4ck<\/h2>\n<ul>\n<li>Handwerkbesch\u00e4ftigung<\/li>\n<li>Luftballonfiguren machen<\/li>\n<li>Schatzsucher- Wettbewerb<\/li>\n<li>Riesenblasen<\/li>\n<li>Riesenblasenmaschine<\/li>\n<li>H\u00fcpfburg<\/li>\n<li>Gesicht schminken\/ Glimmert\u00e4towierung<\/li>\n<li>Rodeo Stier f\u00fcr 3 Stunden lang, mit 2 Animatoren, bis 20 Kinder g\u00fcltig.<\/li>\n<\/ul>\n<p>[\/et_pb_text][\/et_pb_column][et_pb_column type=&#8220;1_3&#8243;][et_pb_text _builder_version=&#8220;3.0.106&#8243; background_layout=&#8220;light&#8220; module_class=&#8220;package package_middle&#8220;]<\/p>\n<h2>Mittelgep\u00e4ck<\/h2>\n<ul>\n<li>Handwerkbesch\u00e4ftigung<\/li>\n<li>Luftballonfiguren machen<\/li>\n<li>Schatzsucher &#8211; Wettbewerb<\/li>\n<li>Riesenblasen<\/li>\n<li>Riesenblasenmaschine<\/li>\n<li>H\u00fcpfburg<\/li>\n<\/ul>\n<p>Unser Angebot ist f\u00fcr 3 Stunden lang, mit einem Animator, bis 12 Kinder g\u00fcltig.<\/p>\n<p>&nbsp;<\/p>\n<p>[\/et_pb_text][\/et_pb_column][\/et_pb_row][\/et_pb_section]<\/p>","protected":false},"excerpt":{"rendered":"<p>GEBURTSTAG \/ PACKUNG Kleingep\u00e4ck Handwerkbesch\u00e4ftigung Luftballonfiguren machen Schatzsucher- Wettbewerb Riesenblasen Gro\u00dfgep\u00e4ck Handwerkbesch\u00e4ftigung Luftballonfiguren machen Schatzsucher- Wettbewerb Riesenblasen Riesenblasenmaschine H\u00fcpfburg Gesicht schminken\/ Glimmert\u00e4towierung Rodeo Stier f\u00fcr 3 Stunden lang, mit 2 Animatoren, bis 20 Kinder g\u00fcltig. Mittelgep\u00e4ck Handwerkbesch\u00e4ftigung Luftballonfiguren machen Schatzsucher &#8211; Wettbewerb Riesenblasen Riesenblasenmaschine H\u00fcpfburg Unser Angebot ist f\u00fcr 3 Stunden lang, mit einem Animator, bis 12 Kinder g\u00fcltig. &nbsp;<\/p>\n","protected":false},"author":2,"featured_media":0,"parent":332,"menu_order":0,"comment_status":"closed","ping_status":"closed","template":"","meta":{"_et_pb_use_builder":"on","_et_pb_old_content":"","_et_gb_content_width":"","footnotes":""},"class_list":["post-338","page","type-page","status-publish","hentry"],"aioseo_notices":[],"_links":{"self":[{"href":"https:\/\/gyerekbarateskuvo.hu\/de\/wp-json\/wp\/v2\/pages\/338"}],"collection":[{"href":"https:\/\/gyerekbarateskuvo.hu\/de\/wp-json\/wp\/v2\/pages"}],"about":[{"href":"https:\/\/gyerekbarateskuvo.hu\/de\/wp-json\/wp\/v2\/types\/page"}],"author":[{"embeddable":true,"href":"https:\/\/gyerekbarateskuvo.hu\/de\/wp-json\/wp\/v2\/users\/2"}],"replies":[{"embeddable":true,"href":"https:\/\/gyerekbarateskuvo.hu\/de\/wp-json\/wp\/v2\/comments?post=338"}],"version-history":[{"count":13,"href":"https:\/\/gyerekbarateskuvo.hu\/de\/wp-json\/wp\/v2\/pages\/338\/revisions"}],"predecessor-version":[{"id":2747,"href":"https:\/\/gyerekbarateskuvo.hu\/de\/wp-json\/wp\/v2\/pages\/338\/revisions\/2747"}],"up":[{"embeddable":true,"href":"https:\/\/gyerekbarateskuvo.hu\/de\/wp-json\/wp\/v2\/pages\/332"}],"wp:attachment":[{"href":"https:\/\/gyerekbarateskuvo.hu\/de\/wp-json\/wp\/v2\/media?parent=338"}],"curies":[{"name":"wp","href":"https:\/\/api.w.org\/{rel}","templated":true}]}}