{"id":330,"date":"2019-06-19T11:13:18","date_gmt":"2019-06-19T09:13:18","guid":{"rendered":"https:\/\/gyerekbarateskuvo.hu\/?page_id=330"},"modified":"2020-05-07T09:44:07","modified_gmt":"2020-05-07T07:44:07","slug":"csomagok","status":"publish","type":"page","link":"https:\/\/gyerekbarateskuvo.hu\/de\/eskuvo\/csomagok\/","title":{"rendered":"Packung"},"content":{"rendered":"<p>[et_pb_section bb_built=&#8220;1&#8243; admin_label=&#8220;H\u00e1tt\u00e9r&#8220; _builder_version=&#8220;3.0.106&#8243; background_position=&#8220;top_center&#8220; background_image=&#8220;http:\/\/gyerekbarateskuvo.hu\/wp-content\/uploads\/2019\/04\/felho_bg.jpg&#8220;][et_pb_row _builder_version=&#8220;3.0.106&#8243; background_image=&#8220;http:\/\/gyerekbarateskuvo.hu\/wp-content\/uploads\/2019\/04\/content_bg.png&#8220; background_repeat=&#8220;repeat&#8220; use_custom_width=&#8220;on&#8220; custom_width_px=&#8220;960px&#8220; custom_margin_last_edited=&#8220;off|desktop&#8220; border_radii=&#8220;on|0px|0px|0px|0px&#8220; box_shadow_style=&#8220;preset1&#8243; gutter_width=&#8220;2&#8243; custom_padding=&#8220;20px|20px||20px&#8220; custom_padding_last_edited=&#8220;on|&#8220;][et_pb_column type=&#8220;4_4&#8243;][et_pb_text _builder_version=&#8220;3.0.106&#8243; background_layout=&#8220;light&#8220; text_font=&#8220;Combo||||||||&#8220; text_font_size=&#8220;22px&#8220; text_text_color=&#8220;#643d1f&#8220;]<\/p>\n<h1>HOCHZEIT \/ PACKUNG<\/h1>\n<p>[\/et_pb_text][\/et_pb_column][\/et_pb_row][et_pb_row _builder_version=&#8220;3.0.106&#8243; background_image=&#8220;http:\/\/gyerekbarateskuvo.hu\/wp-content\/uploads\/2019\/04\/content_bg.png&#8220; background_repeat=&#8220;repeat&#8220; use_custom_width=&#8220;on&#8220; custom_width_px=&#8220;960px&#8220; custom_margin_last_edited=&#8220;off|desktop&#8220; border_radii=&#8220;on|0px|0px|0px|0px&#8220; box_shadow_style=&#8220;preset1&#8243; gutter_width=&#8220;2&#8243; custom_padding=&#8220;20px|20px||20px&#8220; custom_padding_last_edited=&#8220;on|&#8220;][et_pb_column type=&#8220;2_3&#8243;][et_pb_text _builder_version=&#8220;3.0.106&#8243; background_layout=&#8220;light&#8220; module_class=&#8220;package package_small &#8222;]<\/p>\n<h2>Kleingep\u00e4ck<\/h2>\n<ul>\n<li>F\u00e4rbung<\/li>\n<li>M\u00e4rchen lesen<\/li>\n<li>Wettbewerb<\/li>\n<li>Handwerkbesch\u00e4ftigung<\/li>\n<li>Luftballonfiguren machen<\/li>\n<li>Diaskop<\/li>\n<li>Bobocar (Fahrzeug mit Steuer)<\/li>\n<li>Spielecke<\/li>\n<\/ul>\n<p>Unser Angebot ist f\u00fcr 5 Stunden lang, mit einem Animator, bis 8 Kinder, ohne Einschl\u00e4ferung g\u00fcltig. Teppich, Kleintisch und St\u00fchle sind in dem Grundgep\u00e4ck!<\/p>\n<p><strong>Geschenk: Leinentasche (Kinderfreundliche Hochzeit)<\/strong><\/p>\n<p>[\/et_pb_text][et_pb_text _builder_version=&#8220;3.0.106&#8243; background_layout=&#8220;light&#8220; module_class=&#8220;package package_big&#8220;]<\/p>\n<h2>Gro\u00dfgep\u00e4ck<\/h2>\n<ul>\n<li>F\u00e4rbung<\/li>\n<li>M\u00e4rchen lesen<\/li>\n<li>Wettbewerb<\/li>\n<li>Handwerkbesch\u00e4ftigung<\/li>\n<li>Luftballonfiguren machen<\/li>\n<li>Diaskop<\/li>\n<li>Bobocar<\/li>\n<li>Spielecke<\/li>\n<li>Kindertisch<\/li>\n<li>M\u00e4rchenfilm sehen (Projektor)<\/li>\n<li>Gesicht schminken<\/li>\n<li>Glimmert\u00e4towierung<\/li>\n<li>Perlen b\u00fcgeln<\/li>\n<li>Liederlernen mit Gitarre<\/li>\n<\/ul>\n<p>Unser Angebot ist f\u00fcr 5 Stunden lang, mit einem Animator + 2 Kinder\u00fcberwacher, bis 25 Kinder, ohne Einschl\u00e4ferung g\u00fcltig. Teppich, Kleintisch und St\u00fchle sind in dem Grundgep\u00e4ck!<\/p>\n<p><strong>Geschenk: H\u00fcpfburg mit Bahn<\/strong><\/p>\n<p>[\/et_pb_text][et_pb_text _builder_version=&#8220;3.0.106&#8243; background_layout=&#8220;light&#8220; module_class=&#8220;package_note package&#8220;]<\/p>\n<ul>\n<li>Unsere Preise haben ein informatives Wesen. Der genaue Preis h\u00e4ngt sich von der Zahl der Kinder und Animatoren und den gew\u00fcnschten extra Dienstleistungen ab!<\/li>\n<\/ul>\n<p>[\/et_pb_text][\/et_pb_column][et_pb_column type=&#8220;1_3&#8243;][et_pb_text _builder_version=&#8220;3.0.106&#8243; background_layout=&#8220;light&#8220; module_class=&#8220;package package_middle &#8222;]<\/p>\n<h2>Mittelgep\u00e4ck<\/h2>\n<ul>\n<li>F\u00e4rbung<\/li>\n<li>M\u00e4rchen lesen<\/li>\n<li>Wettbewerb<\/li>\n<li>Handwerkbesch\u00e4ftigung<\/li>\n<li>Luftballonfiguren machen<\/li>\n<li>Diaskop<\/li>\n<li>Bobocar<\/li>\n<li>Spielecke<\/li>\n<li>Kindertisch<\/li>\n<li>M\u00e4rchenfilm sehen (Projektor)<\/li>\n<li>Gesicht schminken<\/li>\n<\/ul>\n<p>Unser Angebot ist f\u00fcr 5 Stunden lang, mit einem Animator + mit einem Kinder\u00fcberwacher, bis 15 Kinder, ohne Einschl\u00e4ferung g\u00fcltig. Teppich, Kleintisch und St\u00fchle sind in dem Grundgep\u00e4ck!<\/p>\n<p><strong>Geschenk: H\u00fcpfburg mit Bahn + Leinentasche<\/strong><\/p>\n<p>[\/et_pb_text][\/et_pb_column][\/et_pb_row][\/et_pb_section]<\/p>","protected":false},"excerpt":{"rendered":"<p>HOCHZEIT \/ PACKUNG Kleingep\u00e4ck F\u00e4rbung M\u00e4rchen lesen Wettbewerb Handwerkbesch\u00e4ftigung Luftballonfiguren machen Diaskop Bobocar (Fahrzeug mit Steuer) Spielecke Unser Angebot ist f\u00fcr 5 Stunden lang, mit einem Animator, bis 8 Kinder, ohne Einschl\u00e4ferung g\u00fcltig. Teppich, Kleintisch und St\u00fchle sind in dem Grundgep\u00e4ck! Geschenk: Leinentasche (Kinderfreundliche Hochzeit) Gro\u00dfgep\u00e4ck F\u00e4rbung M\u00e4rchen lesen Wettbewerb Handwerkbesch\u00e4ftigung Luftballonfiguren machen Diaskop Bobocar Spielecke Kindertisch M\u00e4rchenfilm sehen (Projektor) Gesicht schminken Glimmert\u00e4towierung Perlen b\u00fcgeln Liederlernen mit Gitarre Unser Angebot ist f\u00fcr 5 Stunden lang, mit einem Animator + 2 Kinder\u00fcberwacher, bis 25 Kinder, ohne Einschl\u00e4ferung g\u00fcltig. Teppich, Kleintisch und St\u00fchle sind in dem Grundgep\u00e4ck! Geschenk: H\u00fcpfburg mit Bahn Unsere Preise haben ein informatives Wesen. Der genaue Preis h\u00e4ngt sich von der Zahl der Kinder und Animatoren und den gew\u00fcnschten extra Dienstleistungen ab! Mittelgep\u00e4ck F\u00e4rbung M\u00e4rchen lesen Wettbewerb Handwerkbesch\u00e4ftigung Luftballonfiguren machen Diaskop Bobocar Spielecke Kindertisch M\u00e4rchenfilm sehen (Projektor) Gesicht schminken Unser Angebot ist f\u00fcr 5 Stunden lang, mit einem Animator + mit einem Kinder\u00fcberwacher, bis 15 Kinder, ohne Einschl\u00e4ferung g\u00fcltig. Teppich, Kleintisch und St\u00fchle sind in dem Grundgep\u00e4ck! Geschenk: H\u00fcpfburg mit Bahn + Leinentasche<\/p>\n","protected":false},"author":2,"featured_media":0,"parent":322,"menu_order":0,"comment_status":"closed","ping_status":"closed","template":"","meta":{"_et_pb_use_builder":"on","_et_pb_old_content":"","_et_gb_content_width":"","footnotes":""},"class_list":["post-330","page","type-page","status-publish","hentry"],"aioseo_notices":[],"_links":{"self":[{"href":"https:\/\/gyerekbarateskuvo.hu\/de\/wp-json\/wp\/v2\/pages\/330"}],"collection":[{"href":"https:\/\/gyerekbarateskuvo.hu\/de\/wp-json\/wp\/v2\/pages"}],"about":[{"href":"https:\/\/gyerekbarateskuvo.hu\/de\/wp-json\/wp\/v2\/types\/page"}],"author":[{"embeddable":true,"href":"https:\/\/gyerekbarateskuvo.hu\/de\/wp-json\/wp\/v2\/users\/2"}],"replies":[{"embeddable":true,"href":"https:\/\/gyerekbarateskuvo.hu\/de\/wp-json\/wp\/v2\/comments?post=330"}],"version-history":[{"count":36,"href":"https:\/\/gyerekbarateskuvo.hu\/de\/wp-json\/wp\/v2\/pages\/330\/revisions"}],"predecessor-version":[{"id":2746,"href":"https:\/\/gyerekbarateskuvo.hu\/de\/wp-json\/wp\/v2\/pages\/330\/revisions\/2746"}],"up":[{"embeddable":true,"href":"https:\/\/gyerekbarateskuvo.hu\/de\/wp-json\/wp\/v2\/pages\/322"}],"wp:attachment":[{"href":"https:\/\/gyerekbarateskuvo.hu\/de\/wp-json\/wp\/v2\/media?parent=330"}],"curies":[{"name":"wp","href":"https:\/\/api.w.org\/{rel}","templated":true}]}}