{"id":1740,"date":"2020-03-05T22:39:50","date_gmt":"2020-03-05T20:39:50","guid":{"rendered":"https:\/\/gyerekbarateskuvo.hu\/?page_id=1740"},"modified":"2020-05-05T07:50:48","modified_gmt":"2020-05-05T05:50:48","slug":"hagyomanyorzo-foglalkozas","status":"publish","type":"page","link":"https:\/\/gyerekbarateskuvo.hu\/de\/ceges-rendezveny\/szolgaltatasok\/hagyomanyorzo-foglalkozas\/","title":{"rendered":"Hagyom\u00e1ny\u0151rz\u0151 foglalkoz\u00e1s"},"content":{"rendered":"<p>[et_pb_section bb_built=&#8220;1&#8243; admin_label=&#8220;H\u00e1tt\u00e9r&#8220; _builder_version=&#8220;3.0.106&#8243; background_position=&#8220;top_center&#8220; background_image=&#8220;http:\/\/gyerekbarateskuvo.hu\/wp-content\/uploads\/2019\/04\/felho_bg.jpg&#8220;][et_pb_row _builder_version=&#8220;3.0.106&#8243; background_image=&#8220;http:\/\/gyerekbarateskuvo.hu\/wp-content\/uploads\/2019\/04\/content_bg.png&#8220; background_repeat=&#8220;repeat&#8220; use_custom_width=&#8220;on&#8220; custom_width_px=&#8220;960px&#8220; custom_margin_last_edited=&#8220;off|desktop&#8220; border_radii=&#8220;on|0px|0px|0px|0px&#8220; box_shadow_style=&#8220;preset1&#8243; gutter_width=&#8220;2&#8243; custom_padding=&#8220;20px|20px||20px&#8220; custom_padding_last_edited=&#8220;on|&#8220;][et_pb_column type=&#8220;4_4&#8243;][et_pb_text _builder_version=&#8220;3.0.106&#8243; background_layout=&#8220;light&#8220; text_font=&#8220;Combo||||||||&#8220; text_font_size=&#8220;22px&#8220; text_text_color=&#8220;#643d1f&#8220;]<\/p>\n<h1>FIRMENVERASTALTUNG \/ DIENSTLEINSTUNGEN \/ TRADITIONELLE BESETZUNG<\/h1>\n<p>[\/et_pb_text][\/et_pb_column][\/et_pb_row][et_pb_row _builder_version=&#8220;3.0.106&#8243; background_image=&#8220;http:\/\/gyerekbarateskuvo.hu\/wp-content\/uploads\/2019\/04\/content_bg.png&#8220; background_repeat=&#8220;repeat&#8220; use_custom_width=&#8220;on&#8220; custom_width_px=&#8220;960px&#8220; custom_margin_last_edited=&#8220;off|desktop&#8220; border_radii=&#8220;on|0px|0px|0px|0px&#8220; box_shadow_style=&#8220;preset1&#8243; gutter_width=&#8220;2&#8243; custom_padding=&#8220;20px|20px||20px&#8220; custom_padding_last_edited=&#8220;on|&#8220;][et_pb_column type=&#8220;2_3&#8243;][et_pb_text admin_label=&#8220;Hagyom\u00e1ny\u00f6rz\u0151 foglalkoz\u00e1s&#8220; _builder_version=&#8220;3.0.106&#8243; background_layout=&#8220;light&#8220;]<\/p>\n<p style=\"text-align: justify;\">Traditionelle Besetzung<\/p>\n<ol style=\"text-align: justify;\">\n<li>Hirtenleben<\/li>\n<\/ol>\n<p>Kinder k\u00f6nnen auf spielerische Weise etwas \u00fcber das Leben, die Br\u00e4uche und Werkzeuge der alten Hirten lernen. Zuerst werden sie kleine Freunde, dann lernen sie, das Gehalt des Hirten zu bezahlen, schlie\u00dflich treten sie gegeneinander an und haben Spa\u00df. Tradition, M\u00e4rchen, Spiel f\u00fcr Kinder im Vorschulalter und Schulkinder.<\/p>\n<p>Empfohlenes Alter: 4-10 Jahre<\/p>\n<p>Anzahl Personen: 25 Personen<br \/>\nSitzungsdauer: 45 Minuten<br \/>\nPlatzbedarf: 50-60 m2<br \/>\nVerf\u00fcgbarkeit: 5 Stunden<\/p>\n<p>[\/et_pb_text][\/et_pb_column][et_pb_column type=&#8220;1_3&#8243;][et_pb_image admin_label=&#8220;Hagyom\u00e1ny\u00f6rz\u0151 k\u00e9p#3&#8243; _builder_version=&#8220;3.0.106&#8243; src=&#8220;https:\/\/gyerekbarateskuvo.hu\/wp-content\/uploads\/2020\/03\/hagyomanyorzo-foglalkozas.jpg&#8220; show_in_lightbox=&#8220;on&#8220; url_new_window=&#8220;off&#8220; use_overlay=&#8220;off&#8220; always_center_on_mobile=&#8220;on&#8220; force_fullwidth=&#8220;off&#8220; show_bottom_space=&#8220;on&#8220; \/][\/et_pb_column][\/et_pb_row][et_pb_row _builder_version=&#8220;3.0.106&#8243; background_image=&#8220;http:\/\/gyerekbarateskuvo.hu\/wp-content\/uploads\/2019\/04\/content_bg.png&#8220; background_repeat=&#8220;repeat&#8220; use_custom_width=&#8220;on&#8220; custom_width_px=&#8220;960px&#8220; custom_margin_last_edited=&#8220;off|desktop&#8220; border_radii=&#8220;on|0px|0px|0px|0px&#8220; box_shadow_style=&#8220;preset1&#8243; gutter_width=&#8220;2&#8243; custom_padding=&#8220;20px|20px||20px&#8220; custom_padding_last_edited=&#8220;on|&#8220;][et_pb_column type=&#8220;2_3&#8243;][et_pb_text admin_label=&#8220;Hagyom\u00e1ny\u00f6rz\u0151 foglalkoz\u00e1s&#8220; _builder_version=&#8220;3.0.106&#8243; background_layout=&#8220;light&#8220;]<\/p>\n<ol style=\"text-align: justify;\" start=\"2\">\n<li>Schmiedekunst<\/li>\n<\/ol>\n<p>Kinder k\u00f6nnen spielerisch das Handwerk und die Werkzeuge von Schmieden lernen. Zuerst sind sie Gebl\u00e4se, dann M\u00fchlen, und schlie\u00dflich werden sie echte Schmiede und machen kleine Hufeisen. Tradition, M\u00e4rchen, Spiel f\u00fcr Kinder im Vorschulalter und Schulkinder. Verf\u00fcgbarkeit: 5 Stunden<\/p>\n<p>Empfohlenes Alter: 6-12 Jahre<br \/>\nAnzahl Personen: 10 Personen<br \/>\nSitzungsdauer: 30 Minuten<br \/>\nPlatzbedarf: 20-25m2<br \/>\nVerf\u00fcgbarkeit: 5 Stunden<\/p>\n<p>[\/et_pb_text][\/et_pb_column][et_pb_column type=&#8220;1_3&#8243;][et_pb_image admin_label=&#8220;Hagyom\u00e1ny\u00f6rz\u0151 k\u00e9p#2&#8243; _builder_version=&#8220;3.0.106&#8243; src=&#8220;https:\/\/gyerekbarateskuvo.hu\/wp-content\/uploads\/2020\/03\/67638678_2410375939041000_8196251889579327488_n.jpg&#8220; show_in_lightbox=&#8220;on&#8220; url_new_window=&#8220;off&#8220; use_overlay=&#8220;off&#8220; always_center_on_mobile=&#8220;on&#8220; force_fullwidth=&#8220;off&#8220; show_bottom_space=&#8220;on&#8220; \/][\/et_pb_column][\/et_pb_row][et_pb_row _builder_version=&#8220;3.0.106&#8243; background_image=&#8220;http:\/\/gyerekbarateskuvo.hu\/wp-content\/uploads\/2019\/04\/content_bg.png&#8220; background_repeat=&#8220;repeat&#8220; use_custom_width=&#8220;on&#8220; custom_width_px=&#8220;960px&#8220; custom_margin_last_edited=&#8220;off|desktop&#8220; border_radii=&#8220;on|0px|0px|0px|0px&#8220; box_shadow_style=&#8220;preset1&#8243; gutter_width=&#8220;2&#8243; custom_padding=&#8220;20px|20px||20px&#8220; custom_padding_last_edited=&#8220;on|&#8220;][et_pb_column type=&#8220;2_3&#8243;][et_pb_text admin_label=&#8220;Hagyom\u00e1ny\u00f6rz\u0151 foglalkoz\u00e1s&#8220; _builder_version=&#8220;3.0.106&#8243; background_layout=&#8220;light&#8220;]<\/p>\n<ol style=\"text-align: justify;\" start=\"3\">\n<li>Altes Handwerk<\/li>\n<\/ol>\n<p>Es gibt eine m\u00f6blierte kleine Jurte an der zentralen Stelle der Zeitreise. In der N\u00e4he gibt es einen Kamin, einen T\u00f6pferb\u00fcgel an einem Sklavenbaum und eine Schafherde, die ins Fahrerlager getrieben wird. Die Geschichten unserer Vorfahren werden durch viele interessante Geschicklichkeitsspiele zum Leben erweckt. Tradition, M\u00e4rchen, Spiel f\u00fcr Kinder im Vorschulalter und Schulkinder.<\/p>\n<p>Empfohlenes Alter: 4-10 Jahre<br \/>\nAnzahl der Personen: 15 Personen<br \/>\nSitzungsdauer: 45 Minuten<br \/>\nPlatzbedarf: 50-60 m2<br \/>\nVerf\u00fcgbarkeit: 5 Stunden<\/p>\n<p style=\"text-align: justify;\"><a href=\"\/ceges-rendezveny\/szolgaltatasok\/\">&lt;&lt; Vissza<\/a><\/p>\n<p>[\/et_pb_text][\/et_pb_column][et_pb_column type=&#8220;1_3&#8243;][et_pb_image admin_label=&#8220;Hagyom\u00e1ny\u00f6rz\u0151 k\u00e9p#1&#8243; _builder_version=&#8220;3.0.106&#8243; src=&#8220;https:\/\/gyerekbarateskuvo.hu\/wp-content\/uploads\/2020\/03\/69260455_2452235274855066_9125787497966600192_o.jpg&#8220; show_in_lightbox=&#8220;on&#8220; url_new_window=&#8220;off&#8220; use_overlay=&#8220;off&#8220; always_center_on_mobile=&#8220;on&#8220; force_fullwidth=&#8220;off&#8220; show_bottom_space=&#8220;on&#8220; \/][\/et_pb_column][\/et_pb_row][\/et_pb_section]<\/p>","protected":false},"excerpt":{"rendered":"<p>FIRMENVERASTALTUNG \/ DIENSTLEINSTUNGEN \/ TRADITIONELLE BESETZUNG Traditionelle Besetzung Hirtenleben Kinder k\u00f6nnen auf spielerische Weise etwas \u00fcber das Leben, die Br\u00e4uche und Werkzeuge der alten Hirten lernen. Zuerst werden sie kleine Freunde, dann lernen sie, das Gehalt des Hirten zu bezahlen, schlie\u00dflich treten sie gegeneinander an und haben Spa\u00df. Tradition, M\u00e4rchen, Spiel f\u00fcr Kinder im Vorschulalter und Schulkinder. Empfohlenes Alter: 4-10 Jahre Anzahl Personen: 25 Personen Sitzungsdauer: 45 Minuten Platzbedarf: 50-60 m2 Verf\u00fcgbarkeit: 5 Stunden Schmiedekunst Kinder k\u00f6nnen spielerisch das Handwerk und die Werkzeuge von Schmieden lernen. Zuerst sind sie Gebl\u00e4se, dann M\u00fchlen, und schlie\u00dflich werden sie echte Schmiede und machen kleine Hufeisen. Tradition, M\u00e4rchen, Spiel f\u00fcr Kinder im Vorschulalter und Schulkinder. Verf\u00fcgbarkeit: 5 Stunden Empfohlenes Alter: 6-12 Jahre Anzahl Personen: 10 Personen Sitzungsdauer: 30 Minuten Platzbedarf: 20-25m2 Verf\u00fcgbarkeit: 5 Stunden Altes Handwerk Es gibt eine m\u00f6blierte kleine Jurte an der zentralen Stelle der Zeitreise. In der N\u00e4he gibt es einen Kamin, einen T\u00f6pferb\u00fcgel an einem Sklavenbaum und eine Schafherde, die ins Fahrerlager getrieben wird. Die Geschichten unserer Vorfahren werden durch viele interessante Geschicklichkeitsspiele zum Leben erweckt. Tradition, M\u00e4rchen, Spiel f\u00fcr Kinder im Vorschulalter und Schulkinder. Empfohlenes Alter: 4-10 Jahre Anzahl der Personen: 15 Personen Sitzungsdauer: 45 Minuten Platzbedarf: 50-60 m2 Verf\u00fcgbarkeit: 5 Stunden &lt;&lt; Vissza<\/p>\n","protected":false},"author":2,"featured_media":0,"parent":1763,"menu_order":0,"comment_status":"closed","ping_status":"closed","template":"","meta":{"_et_pb_use_builder":"on","_et_pb_old_content":"","_et_gb_content_width":"","footnotes":""},"class_list":["post-1740","page","type-page","status-publish","hentry"],"aioseo_notices":[],"_links":{"self":[{"href":"https:\/\/gyerekbarateskuvo.hu\/de\/wp-json\/wp\/v2\/pages\/1740"}],"collection":[{"href":"https:\/\/gyerekbarateskuvo.hu\/de\/wp-json\/wp\/v2\/pages"}],"about":[{"href":"https:\/\/gyerekbarateskuvo.hu\/de\/wp-json\/wp\/v2\/types\/page"}],"author":[{"embeddable":true,"href":"https:\/\/gyerekbarateskuvo.hu\/de\/wp-json\/wp\/v2\/users\/2"}],"replies":[{"embeddable":true,"href":"https:\/\/gyerekbarateskuvo.hu\/de\/wp-json\/wp\/v2\/comments?post=1740"}],"version-history":[{"count":12,"href":"https:\/\/gyerekbarateskuvo.hu\/de\/wp-json\/wp\/v2\/pages\/1740\/revisions"}],"predecessor-version":[{"id":2674,"href":"https:\/\/gyerekbarateskuvo.hu\/de\/wp-json\/wp\/v2\/pages\/1740\/revisions\/2674"}],"up":[{"embeddable":true,"href":"https:\/\/gyerekbarateskuvo.hu\/de\/wp-json\/wp\/v2\/pages\/1763"}],"wp:attachment":[{"href":"https:\/\/gyerekbarateskuvo.hu\/de\/wp-json\/wp\/v2\/media?parent=1740"}],"curies":[{"name":"wp","href":"https:\/\/api.w.org\/{rel}","templated":true}]}}