{"id":1736,"date":"2020-03-05T22:34:12","date_gmt":"2020-03-05T20:34:12","guid":{"rendered":"https:\/\/gyerekbarateskuvo.hu\/?page_id=1736"},"modified":"2020-05-05T08:07:03","modified_gmt":"2020-05-05T06:07:03","slug":"hagyomanyorzo-bemutato","status":"publish","type":"page","link":"https:\/\/gyerekbarateskuvo.hu\/de\/ceges-rendezveny\/szolgaltatasok\/hagyomanyorzo-bemutato\/","title":{"rendered":"Traditionelle Pr\u00e4sentation"},"content":{"rendered":"<p>[et_pb_section bb_built=&#8220;1&#8243; admin_label=&#8220;H\u00e1tt\u00e9r&#8220; _builder_version=&#8220;3.0.106&#8243; background_position=&#8220;top_center&#8220; background_image=&#8220;http:\/\/gyerekbarateskuvo.hu\/wp-content\/uploads\/2019\/04\/felho_bg.jpg&#8220;][et_pb_row _builder_version=&#8220;3.0.106&#8243; background_image=&#8220;http:\/\/gyerekbarateskuvo.hu\/wp-content\/uploads\/2019\/04\/content_bg.png&#8220; background_repeat=&#8220;repeat&#8220; use_custom_width=&#8220;on&#8220; custom_width_px=&#8220;960px&#8220; custom_margin_last_edited=&#8220;off|desktop&#8220; border_radii=&#8220;on|0px|0px|0px|0px&#8220; box_shadow_style=&#8220;preset1&#8243; gutter_width=&#8220;2&#8243; custom_padding=&#8220;20px|20px||20px&#8220; custom_padding_last_edited=&#8220;on|&#8220;][et_pb_column type=&#8220;4_4&#8243;][et_pb_text _builder_version=&#8220;3.0.106&#8243; background_layout=&#8220;light&#8220; text_font=&#8220;Combo||||||||&#8220; text_font_size=&#8220;22px&#8220; text_text_color=&#8220;#643d1f&#8220;]<\/p>\n<h1>FIRMENVERANSTALTUNG \/ DIENSTLEINSTUNGEN \/ TRADITIONELLE PR\u00c4SENTATION<\/h1>\n<p>[\/et_pb_text][\/et_pb_column][\/et_pb_row][et_pb_row _builder_version=&#8220;3.0.106&#8243; background_image=&#8220;http:\/\/gyerekbarateskuvo.hu\/wp-content\/uploads\/2019\/04\/content_bg.png&#8220; background_repeat=&#8220;repeat&#8220; use_custom_width=&#8220;on&#8220; custom_width_px=&#8220;960px&#8220; custom_margin_last_edited=&#8220;off|desktop&#8220; border_radii=&#8220;on|0px|0px|0px|0px&#8220; box_shadow_style=&#8220;preset1&#8243; gutter_width=&#8220;2&#8243; custom_padding=&#8220;20px|20px||20px&#8220; custom_padding_last_edited=&#8220;on|&#8220;][et_pb_column type=&#8220;2_3&#8243;][et_pb_text admin_label=&#8220;Hagyom\u00e1ny\u00f6rz\u0151 bemutat\u00f3&#8220; _builder_version=&#8220;3.0.106&#8243; background_layout=&#8220;light&#8220;]<\/p>\n<p>Eine traditionelle Demonstration ist eine interaktive Show, in der die Teilnehmer die Werkzeuge unserer Vorfahren, die Peitsche und den Abschluss lernen und ausprobieren k\u00f6nnen. Der Animator, der die Sitzung leitet, bringt die Erfahrung in traditioneller Kleidung n\u00e4her. Der Service ist platzraubend und wir bitten Sie, ihn bereitzustellen!<\/p>\n<p>Sendezeit: 60 Minuten<\/p>\n<p><a href=\"\/ceges-rendezveny\/szolgaltatasok\/\">&lt;&lt; Vissza<\/a><\/p>\n<p>[\/et_pb_text][\/et_pb_column][et_pb_column type=&#8220;1_3&#8243;][et_pb_image admin_label=&#8220;Hagyom\u00e1ny\u00f6rz\u0151 k\u00e9p#1&#8243; _builder_version=&#8220;3.0.106&#8243; src=&#8220;https:\/\/gyerekbarateskuvo.hu\/wp-content\/uploads\/2020\/03\/hagyomanyorzo-bemutato.jpg&#8220; show_in_lightbox=&#8220;on&#8220; url_new_window=&#8220;off&#8220; use_overlay=&#8220;off&#8220; always_center_on_mobile=&#8220;on&#8220; force_fullwidth=&#8220;off&#8220; show_bottom_space=&#8220;on&#8220; \/][\/et_pb_column][\/et_pb_row][\/et_pb_section]<\/p>","protected":false},"excerpt":{"rendered":"<p>FIRMENVERANSTALTUNG \/ DIENSTLEINSTUNGEN \/ TRADITIONELLE PR\u00c4SENTATION Eine traditionelle Demonstration ist eine interaktive Show, in der die Teilnehmer die Werkzeuge unserer Vorfahren, die Peitsche und den Abschluss lernen und ausprobieren k\u00f6nnen. Der Animator, der die Sitzung leitet, bringt die Erfahrung in traditioneller Kleidung n\u00e4her. Der Service ist platzraubend und wir bitten Sie, ihn bereitzustellen! Sendezeit: 60 Minuten &lt;&lt; Vissza<\/p>\n","protected":false},"author":2,"featured_media":0,"parent":1763,"menu_order":0,"comment_status":"closed","ping_status":"closed","template":"","meta":{"_et_pb_use_builder":"on","_et_pb_old_content":"","_et_gb_content_width":"","footnotes":""},"class_list":["post-1736","page","type-page","status-publish","hentry"],"aioseo_notices":[],"_links":{"self":[{"href":"https:\/\/gyerekbarateskuvo.hu\/de\/wp-json\/wp\/v2\/pages\/1736"}],"collection":[{"href":"https:\/\/gyerekbarateskuvo.hu\/de\/wp-json\/wp\/v2\/pages"}],"about":[{"href":"https:\/\/gyerekbarateskuvo.hu\/de\/wp-json\/wp\/v2\/types\/page"}],"author":[{"embeddable":true,"href":"https:\/\/gyerekbarateskuvo.hu\/de\/wp-json\/wp\/v2\/users\/2"}],"replies":[{"embeddable":true,"href":"https:\/\/gyerekbarateskuvo.hu\/de\/wp-json\/wp\/v2\/comments?post=1736"}],"version-history":[{"count":8,"href":"https:\/\/gyerekbarateskuvo.hu\/de\/wp-json\/wp\/v2\/pages\/1736\/revisions"}],"predecessor-version":[{"id":2677,"href":"https:\/\/gyerekbarateskuvo.hu\/de\/wp-json\/wp\/v2\/pages\/1736\/revisions\/2677"}],"up":[{"embeddable":true,"href":"https:\/\/gyerekbarateskuvo.hu\/de\/wp-json\/wp\/v2\/pages\/1763"}],"wp:attachment":[{"href":"https:\/\/gyerekbarateskuvo.hu\/de\/wp-json\/wp\/v2\/media?parent=1736"}],"curies":[{"name":"wp","href":"https:\/\/api.w.org\/{rel}","templated":true}]}}