{"id":1722,"date":"2020-03-04T22:43:32","date_gmt":"2020-03-04T20:43:32","guid":{"rendered":"https:\/\/gyerekbarateskuvo.hu\/?page_id=1722"},"modified":"2020-05-05T08:25:05","modified_gmt":"2020-05-05T06:25:05","slug":"akadalypalya","status":"publish","type":"page","link":"https:\/\/gyerekbarateskuvo.hu\/de\/ceges-rendezveny\/szolgaltatasok\/akadalypalya\/","title":{"rendered":"Hindernisstrecke"},"content":{"rendered":"<p>[et_pb_section bb_built=&#8220;1&#8243; admin_label=&#8220;H\u00e1tt\u00e9r&#8220; _builder_version=&#8220;3.0.106&#8243; background_position=&#8220;top_center&#8220; background_image=&#8220;http:\/\/gyerekbarateskuvo.hu\/wp-content\/uploads\/2019\/04\/felho_bg.jpg&#8220;][et_pb_row _builder_version=&#8220;3.0.106&#8243; background_image=&#8220;http:\/\/gyerekbarateskuvo.hu\/wp-content\/uploads\/2019\/04\/content_bg.png&#8220; background_repeat=&#8220;repeat&#8220; use_custom_width=&#8220;on&#8220; custom_width_px=&#8220;960px&#8220; custom_margin_last_edited=&#8220;off|desktop&#8220; border_radii=&#8220;on|0px|0px|0px|0px&#8220; box_shadow_style=&#8220;preset1&#8243; gutter_width=&#8220;2&#8243; custom_padding=&#8220;20px|20px||20px&#8220; custom_padding_last_edited=&#8220;on|&#8220;][et_pb_column type=&#8220;4_4&#8243;][et_pb_text _builder_version=&#8220;3.0.106&#8243; background_layout=&#8220;light&#8220; text_font=&#8220;Combo||||||||&#8220; text_font_size=&#8220;22px&#8220; text_text_color=&#8220;#643d1f&#8220;]<\/p>\n<h1>FIRMENVERANSTALTUNG \/ DIENSTLEINSTUNGEN \/ HINDERNISSTRECKE<\/h1>\n<p>[\/et_pb_text][\/et_pb_column][\/et_pb_row][et_pb_row _builder_version=&#8220;3.0.106&#8243; background_image=&#8220;http:\/\/gyerekbarateskuvo.hu\/wp-content\/uploads\/2019\/04\/content_bg.png&#8220; background_repeat=&#8220;repeat&#8220; use_custom_width=&#8220;on&#8220; custom_width_px=&#8220;960px&#8220; custom_margin_last_edited=&#8220;off|desktop&#8220; border_radii=&#8220;on|0px|0px|0px|0px&#8220; box_shadow_style=&#8220;preset1&#8243; gutter_width=&#8220;2&#8243; custom_padding=&#8220;20px|20px||20px&#8220; custom_padding_last_edited=&#8220;on|&#8220;][et_pb_column type=&#8220;2_3&#8243;][et_pb_text _builder_version=&#8220;3.0.106&#8243; background_layout=&#8220;light&#8220;]<\/p>\n<p>Innerhalb des aufblasbaren Hindernisparcours erschweren verschiedene Aufgaben das Fortfahren. Der Hindernisparcours ist ein unverzichtbares Zubeh\u00f6r f\u00fcr eine gr\u00f6\u00dfere Firmenveranstaltung. Die Spiele haben eine g\u00fcltige \u00c9MI-T\u00dcV-Pr\u00fcfung.<\/p>\n<p><strong>Hindernisstrecke<\/strong><br \/>\nPlatzbedarf: 10 \u00d7 6 m<br \/>\nLeistungsaufnahme: 220V \/ 16A<\/p>\n<p>[\/et_pb_text][\/et_pb_column][et_pb_column type=&#8220;1_3&#8243;][et_pb_image _builder_version=&#8220;3.0.106&#8243; src=&#8220;https:\/\/gyerekbarateskuvo.hu\/wp-content\/uploads\/2020\/03\/akad\u00e1lyp\u00e1lya.jpg&#8220; show_in_lightbox=&#8220;on&#8220; url_new_window=&#8220;off&#8220; use_overlay=&#8220;off&#8220; always_center_on_mobile=&#8220;on&#8220; force_fullwidth=&#8220;off&#8220; show_bottom_space=&#8220;on&#8220; \/][\/et_pb_column][\/et_pb_row][et_pb_row _builder_version=&#8220;3.0.106&#8243; background_image=&#8220;http:\/\/gyerekbarateskuvo.hu\/wp-content\/uploads\/2019\/04\/content_bg.png&#8220; background_repeat=&#8220;repeat&#8220; use_custom_width=&#8220;on&#8220; custom_width_px=&#8220;960px&#8220; custom_margin_last_edited=&#8220;off|desktop&#8220; border_radii=&#8220;on|0px|0px|0px|0px&#8220; box_shadow_style=&#8220;preset1&#8243; gutter_width=&#8220;2&#8243; custom_padding=&#8220;20px|20px||20px&#8220; custom_padding_last_edited=&#8220;on|&#8220;][et_pb_column type=&#8220;2_3&#8243;][et_pb_text _builder_version=&#8220;3.0.106&#8243; background_layout=&#8220;light&#8220;]<\/p>\n<p style=\"text-align: justify;\"><strong>Riesiger Hindernisparcours<\/strong><br \/>\nPlatzbedarf: 13 \u00d7 8 m<br \/>\nLeistungsaufnahme: 220V \/ 16A<\/p>\n<p>[\/et_pb_text][\/et_pb_column][et_pb_column type=&#8220;1_3&#8243;][et_pb_image _builder_version=&#8220;3.0.106&#8243; src=&#8220;https:\/\/gyerekbarateskuvo.hu\/wp-content\/uploads\/2020\/03\/\u00d3ri\u00e1s-akad\u00e1lyp\u00e1lya.png&#8220; show_in_lightbox=&#8220;on&#8220; url_new_window=&#8220;off&#8220; use_overlay=&#8220;off&#8220; always_center_on_mobile=&#8220;on&#8220; force_fullwidth=&#8220;off&#8220; show_bottom_space=&#8220;on&#8220; \/][\/et_pb_column][\/et_pb_row][et_pb_row _builder_version=&#8220;3.0.106&#8243; background_image=&#8220;http:\/\/gyerekbarateskuvo.hu\/wp-content\/uploads\/2019\/04\/content_bg.png&#8220; background_repeat=&#8220;repeat&#8220; use_custom_width=&#8220;on&#8220; custom_width_px=&#8220;960px&#8220; custom_margin_last_edited=&#8220;off|desktop&#8220; border_radii=&#8220;on|0px|0px|0px|0px&#8220; box_shadow_style=&#8220;preset1&#8243; gutter_width=&#8220;2&#8243; custom_padding=&#8220;20px|20px||20px&#8220; custom_padding_last_edited=&#8220;on|&#8220;][et_pb_column type=&#8220;2_3&#8243;][et_pb_text _builder_version=&#8220;3.0.106&#8243; background_layout=&#8220;light&#8220;]<\/p>\n<p style=\"text-align: justify;\"><strong>Seilbahn Hindernisparcours<\/strong><br \/>\nPlatzbedarf: 10 \u00d7 6 m<br \/>\nStromaufnahme: 230 V \/ 16 A<\/p>\n<p><a href=\"\/ceges-rendezveny\/szolgaltatasok\/\">&lt;&lt; Vissza<\/a><\/p>\n<p>[\/et_pb_text][\/et_pb_column][et_pb_column type=&#8220;1_3&#8243;][et_pb_image _builder_version=&#8220;3.0.106&#8243; src=&#8220;https:\/\/gyerekbarateskuvo.hu\/wp-content\/uploads\/2020\/05\/K\u00f6t\u00e9lh\u00faz\u00f3s-akad\u00e1lyp\u00e1lya.jpg&#8220; show_in_lightbox=&#8220;on&#8220; url_new_window=&#8220;off&#8220; use_overlay=&#8220;off&#8220; always_center_on_mobile=&#8220;on&#8220; force_fullwidth=&#8220;off&#8220; show_bottom_space=&#8220;on&#8220; \/][\/et_pb_column][\/et_pb_row][\/et_pb_section]<\/p>","protected":false},"excerpt":{"rendered":"<p>FIRMENVERANSTALTUNG \/ DIENSTLEINSTUNGEN \/ HINDERNISSTRECKE Innerhalb des aufblasbaren Hindernisparcours erschweren verschiedene Aufgaben das Fortfahren. Der Hindernisparcours ist ein unverzichtbares Zubeh\u00f6r f\u00fcr eine gr\u00f6\u00dfere Firmenveranstaltung. Die Spiele haben eine g\u00fcltige \u00c9MI-T\u00dcV-Pr\u00fcfung. Hindernisstrecke Platzbedarf: 10 \u00d7 6 m Leistungsaufnahme: 220V \/ 16A Riesiger Hindernisparcours Platzbedarf: 13 \u00d7 8 m Leistungsaufnahme: 220V \/ 16A Seilbahn Hindernisparcours Platzbedarf: 10 \u00d7 6 m Stromaufnahme: 230 V \/ 16 A &lt;&lt; Vissza<\/p>\n","protected":false},"author":2,"featured_media":0,"parent":1763,"menu_order":0,"comment_status":"closed","ping_status":"closed","template":"","meta":{"_et_pb_use_builder":"on","_et_pb_old_content":"","_et_gb_content_width":"","footnotes":""},"class_list":["post-1722","page","type-page","status-publish","hentry"],"aioseo_notices":[],"_links":{"self":[{"href":"https:\/\/gyerekbarateskuvo.hu\/de\/wp-json\/wp\/v2\/pages\/1722"}],"collection":[{"href":"https:\/\/gyerekbarateskuvo.hu\/de\/wp-json\/wp\/v2\/pages"}],"about":[{"href":"https:\/\/gyerekbarateskuvo.hu\/de\/wp-json\/wp\/v2\/types\/page"}],"author":[{"embeddable":true,"href":"https:\/\/gyerekbarateskuvo.hu\/de\/wp-json\/wp\/v2\/users\/2"}],"replies":[{"embeddable":true,"href":"https:\/\/gyerekbarateskuvo.hu\/de\/wp-json\/wp\/v2\/comments?post=1722"}],"version-history":[{"count":10,"href":"https:\/\/gyerekbarateskuvo.hu\/de\/wp-json\/wp\/v2\/pages\/1722\/revisions"}],"predecessor-version":[{"id":2681,"href":"https:\/\/gyerekbarateskuvo.hu\/de\/wp-json\/wp\/v2\/pages\/1722\/revisions\/2681"}],"up":[{"embeddable":true,"href":"https:\/\/gyerekbarateskuvo.hu\/de\/wp-json\/wp\/v2\/pages\/1763"}],"wp:attachment":[{"href":"https:\/\/gyerekbarateskuvo.hu\/de\/wp-json\/wp\/v2\/media?parent=1722"}],"curies":[{"name":"wp","href":"https:\/\/api.w.org\/{rel}","templated":true}]}}