{"id":1513,"date":"2020-02-06T15:09:55","date_gmt":"2020-02-06T13:09:55","guid":{"rendered":"https:\/\/gyerekbarateskuvo.hu\/?page_id=1513"},"modified":"2020-05-10T11:16:09","modified_gmt":"2020-05-10T09:16:09","slug":"csomagok","status":"publish","type":"page","link":"https:\/\/gyerekbarateskuvo.hu\/de\/ceges-rendezveny\/csomagok\/","title":{"rendered":"Packung"},"content":{"rendered":"<p>[et_pb_section bb_built=&#8220;1&#8243; admin_label=&#8220;H\u00e1tt\u00e9r&#8220; _builder_version=&#8220;3.0.106&#8243; background_position=&#8220;top_center&#8220; background_image=&#8220;http:\/\/gyerekbarateskuvo.hu\/wp-content\/uploads\/2019\/04\/felho_bg.jpg&#8220;][et_pb_row _builder_version=&#8220;3.0.106&#8243; background_image=&#8220;http:\/\/gyerekbarateskuvo.hu\/wp-content\/uploads\/2019\/04\/content_bg.png&#8220; background_repeat=&#8220;repeat&#8220; use_custom_width=&#8220;on&#8220; custom_width_px=&#8220;960px&#8220; custom_margin_last_edited=&#8220;off|desktop&#8220; border_radii=&#8220;on|0px|0px|0px|0px&#8220; box_shadow_style=&#8220;preset1&#8243; gutter_width=&#8220;2&#8243; custom_padding=&#8220;20px|20px||20px&#8220; custom_padding_last_edited=&#8220;on|&#8220;][et_pb_column type=&#8220;4_4&#8243;][et_pb_text _builder_version=&#8220;3.0.106&#8243; background_layout=&#8220;light&#8220; text_font=&#8220;Combo||||||||&#8220; text_font_size=&#8220;22px&#8220; text_text_color=&#8220;#643d1f&#8220;]<\/p>\n<h1>GEBURTSTAG \/ PACKUNG<\/h1>\n<p>[\/et_pb_text][\/et_pb_column][\/et_pb_row][et_pb_row _builder_version=&#8220;3.0.106&#8243; background_image=&#8220;http:\/\/gyerekbarateskuvo.hu\/wp-content\/uploads\/2019\/04\/content_bg.png&#8220; background_repeat=&#8220;repeat&#8220; use_custom_width=&#8220;on&#8220; custom_width_px=&#8220;960px&#8220; custom_margin_last_edited=&#8220;off|desktop&#8220; border_radii=&#8220;on|0px|0px|0px|0px&#8220; box_shadow_style=&#8220;preset1&#8243; gutter_width=&#8220;2&#8243; custom_padding=&#8220;20px|20px||20px&#8220; custom_padding_last_edited=&#8220;on|&#8220;][et_pb_column type=&#8220;2_3&#8243;][et_pb_text _builder_version=&#8220;3.0.106&#8243; background_layout=&#8220;light&#8220; module_class=&#8220;package package_small&#8220;]<\/p>\n<h2>Kleine Geburtstagspackung<\/h2>\n<ul>\n<li>Kinderecke<\/li>\n<li>Luftballon Figuren<\/li>\n<li>H\u00fcpfburg &#8211; Professionell<\/li>\n<li>Riesenseifenblase<\/li>\n<li>Bobocar (Steuer-Aktiv Auto)<\/li>\n<\/ul>\n<p class=\"megjegyzes\"><em>Unser Angebot bezieht f\u00fcr 1 Animator. Unsere Preise h\u00e4ngen von der genauen Anzahl der Kinder, Laufzeit, Anzahl der Animatoren und den anderen Dienstleistungen ab. Der Preis der Packungen enth\u00e4lt keine Ausfahrt!<\/em><\/p>\n<p>[\/et_pb_text][et_pb_text _builder_version=&#8220;3.0.106&#8243; background_layout=&#8220;light&#8220; module_class=&#8220;package package_big&#8220;]<\/p>\n<h2>Gro\u00dfe Geburtstagspackung<\/h2>\n<ul>\n<li>Kinderecke<\/li>\n<li>Luftballon Figuren<\/li>\n<li>H\u00fcpfburg &#8211; Professionell<\/li>\n<li>Riesenseifenblase<\/li>\n<li>Bobocar (Steuer-Aktiv Auto)<\/li>\n<li>Schwebender Ball<\/li>\n<li>Kinder Schmink<\/li>\n<li>Geschicklichkeitsspiele<\/li>\n<li>Wettbewerb<\/li>\n<\/ul>\n<p class=\"megjegyzes\"><em>Unser Angebot bezieht f\u00fcr 2 Animator und 1 Kinderbetreuer. Unsere Preise h\u00e4ngen von der genauen Anzahl der Kinder, Laufzeit, Anzahl der Animatoren und den anderen Dienstleistungen ab. Der Preis der Packungen enth\u00e4lt keine Ausfahrt!<\/em><\/p>\n<p>[\/et_pb_text][\/et_pb_column][et_pb_column type=&#8220;1_3&#8243;][et_pb_text _builder_version=&#8220;3.0.106&#8243; background_layout=&#8220;light&#8220; module_class=&#8220;package package_middle&#8220;]<\/p>\n<h2>Mittelm\u00e4\u00dfige Geburtstagspackung<\/h2>\n<ul>\n<li>Kinderecke<\/li>\n<li>Luftballon Figuren<\/li>\n<li>H\u00fcpfburg &#8211; Professionell<\/li>\n<li>Riesenseifenblase<\/li>\n<li>Bobocar (Steuer-Aktiv Auto)<\/li>\n<\/ul>\n<p class=\"plus\">+<\/p>\n<ul>\n<li>Schwebender Ball<\/li>\n<li>Kinder Schmink<\/li>\n<\/ul>\n<p class=\"megjegyzes\"><em>Unser Angebot bezieht f\u00fcr 1 Animator und 1 Kinderbetreuer. Unsere Preise h\u00e4ngen von der genauen Anzahl der Kinder, Laufzeit, Anzahl der Animatoren und den anderen Dienstleistungen ab. Der Preis der Packungen enth\u00e4lt keine Ausfahrt!<\/em><\/p>\n<p>[\/et_pb_text][\/et_pb_column][\/et_pb_row][\/et_pb_section]<\/p>","protected":false},"excerpt":{"rendered":"<p>GEBURTSTAG \/ PACKUNG Kleine Geburtstagspackung Kinderecke Luftballon Figuren H\u00fcpfburg &#8211; Professionell Riesenseifenblase Bobocar (Steuer-Aktiv Auto) Unser Angebot bezieht f\u00fcr 1 Animator. Unsere Preise h\u00e4ngen von der genauen Anzahl der Kinder, Laufzeit, Anzahl der Animatoren und den anderen Dienstleistungen ab. Der Preis der Packungen enth\u00e4lt keine Ausfahrt! Gro\u00dfe Geburtstagspackung Kinderecke Luftballon Figuren H\u00fcpfburg &#8211; Professionell Riesenseifenblase Bobocar (Steuer-Aktiv Auto) Schwebender Ball Kinder Schmink Geschicklichkeitsspiele Wettbewerb Unser Angebot bezieht f\u00fcr 2 Animator und 1 Kinderbetreuer. Unsere Preise h\u00e4ngen von der genauen Anzahl der Kinder, Laufzeit, Anzahl der Animatoren und den anderen Dienstleistungen ab. Der Preis der Packungen enth\u00e4lt keine Ausfahrt! Mittelm\u00e4\u00dfige Geburtstagspackung Kinderecke Luftballon Figuren H\u00fcpfburg &#8211; Professionell Riesenseifenblase Bobocar (Steuer-Aktiv Auto) + Schwebender Ball Kinder Schmink Unser Angebot bezieht f\u00fcr 1 Animator und 1 Kinderbetreuer. Unsere Preise h\u00e4ngen von der genauen Anzahl der Kinder, Laufzeit, Anzahl der Animatoren und den anderen Dienstleistungen ab. Der Preis der Packungen enth\u00e4lt keine Ausfahrt!<\/p>\n","protected":false},"author":2,"featured_media":0,"parent":1508,"menu_order":0,"comment_status":"closed","ping_status":"closed","template":"","meta":{"_et_pb_use_builder":"on","_et_pb_old_content":"","_et_gb_content_width":"","footnotes":""},"class_list":["post-1513","page","type-page","status-publish","hentry"],"aioseo_notices":[],"_links":{"self":[{"href":"https:\/\/gyerekbarateskuvo.hu\/de\/wp-json\/wp\/v2\/pages\/1513"}],"collection":[{"href":"https:\/\/gyerekbarateskuvo.hu\/de\/wp-json\/wp\/v2\/pages"}],"about":[{"href":"https:\/\/gyerekbarateskuvo.hu\/de\/wp-json\/wp\/v2\/types\/page"}],"author":[{"embeddable":true,"href":"https:\/\/gyerekbarateskuvo.hu\/de\/wp-json\/wp\/v2\/users\/2"}],"replies":[{"embeddable":true,"href":"https:\/\/gyerekbarateskuvo.hu\/de\/wp-json\/wp\/v2\/comments?post=1513"}],"version-history":[{"count":13,"href":"https:\/\/gyerekbarateskuvo.hu\/de\/wp-json\/wp\/v2\/pages\/1513\/revisions"}],"predecessor-version":[{"id":2755,"href":"https:\/\/gyerekbarateskuvo.hu\/de\/wp-json\/wp\/v2\/pages\/1513\/revisions\/2755"}],"up":[{"embeddable":true,"href":"https:\/\/gyerekbarateskuvo.hu\/de\/wp-json\/wp\/v2\/pages\/1508"}],"wp:attachment":[{"href":"https:\/\/gyerekbarateskuvo.hu\/de\/wp-json\/wp\/v2\/media?parent=1513"}],"curies":[{"name":"wp","href":"https:\/\/api.w.org\/{rel}","templated":true}]}}