{"id":1019,"date":"2019-07-02T22:26:14","date_gmt":"2019-07-02T20:26:14","guid":{"rendered":"https:\/\/gyerekbarateskuvo.hu\/?page_id=1019"},"modified":"2020-04-28T01:06:29","modified_gmt":"2020-04-27T23:06:29","slug":"lebego-labda","status":"publish","type":"page","link":"https:\/\/gyerekbarateskuvo.hu\/de\/mikulas\/szolgaltatasok\/lebego-labda\/","title":{"rendered":"Lebeg\u0151 labda"},"content":{"rendered":"<p>[et_pb_section bb_built=&#8220;1&#8243; admin_label=&#8220;H\u00e1tt\u00e9r&#8220; _builder_version=&#8220;3.0.106&#8243; background_position=&#8220;top_center&#8220; background_image=&#8220;http:\/\/gyerekbarateskuvo.hu\/wp-content\/uploads\/2019\/04\/felho_bg.jpg&#8220;][et_pb_row _builder_version=&#8220;3.0.106&#8243; background_image=&#8220;http:\/\/gyerekbarateskuvo.hu\/wp-content\/uploads\/2019\/04\/content_bg.png&#8220; background_repeat=&#8220;repeat&#8220; use_custom_width=&#8220;on&#8220; custom_width_px=&#8220;960px&#8220; custom_margin_last_edited=&#8220;off|desktop&#8220; border_radii=&#8220;on|0px|0px|0px|0px&#8220; box_shadow_style=&#8220;preset1&#8243; gutter_width=&#8220;2&#8243; custom_padding=&#8220;20px|20px||20px&#8220; custom_padding_last_edited=&#8220;on|&#8220;][et_pb_column type=&#8220;4_4&#8243;][et_pb_text _builder_version=&#8220;3.0.106&#8243; background_layout=&#8220;light&#8220; text_font=&#8220;Combo||||||||&#8220; text_font_size=&#8220;22px&#8220; text_text_color=&#8220;#643d1f&#8220;]<\/p>\n<h1>SANTA \/\u00a0<a href=\"http:\/\/www.gyerekbarateskuvo.hu\/de\/mikulas\/szolgaltatasok\">DIENSTLEISTUNGEN<\/a>\u00a0\/ SCHWEBENDER BALL<\/h1>\n<p>[\/et_pb_text][\/et_pb_column][\/et_pb_row][et_pb_row _builder_version=&#8220;3.0.106&#8243; background_image=&#8220;http:\/\/gyerekbarateskuvo.hu\/wp-content\/uploads\/2019\/04\/content_bg.png&#8220; background_repeat=&#8220;repeat&#8220; use_custom_width=&#8220;on&#8220; custom_width_px=&#8220;960px&#8220; custom_margin_last_edited=&#8220;off|desktop&#8220; border_radii=&#8220;on|0px|0px|0px|0px&#8220; box_shadow_style=&#8220;preset1&#8243; gutter_width=&#8220;2&#8243; custom_padding=&#8220;20px|20px||20px&#8220; custom_padding_last_edited=&#8220;on|&#8220;][et_pb_column type=&#8220;2_3&#8243;][et_pb_text _builder_version=&#8220;3.0.106&#8243; background_layout=&#8220;light&#8220;]<\/p>\n<p>Der schwebende Ball ist eine wirkliche Herausforderung f\u00fcr Solche, die Geschicklichkeitsspiele gern haben. Nach dem englischen Hersteller ist er das popul\u00e4rste, meistverkaufte Spielzeug in der Welt im Jahr 2012. Der Spielverlauf ist: Die schwimmenden Kugeln werden von Kegeln in den Korb geschoben. Sie k\u00f6nnen von 2 bis 14 Personen gleichzeitig spielen. Der Service braucht Tisch und Energie, die wir zu sichern bitten! Das Spiel hat eine g\u00fcltige \u00c9MI-T\u00dcV Pr\u00fcfung. Wir geben Sie 25% Erm\u00e4\u00dfigung an Wochentagen von der Miete! Das Taggeld unseres Animators kostet 5.000 HUF. Seine Aufgaben: das Spiel hin und zur\u00fcck zu transportieren, zu installieren und zu \u00fcberwachen. Die Miete enth\u00e4lt keine Ausfahrt, der in Budapest kostenlos ist!<\/p>\n<ul>\n<li>Gr\u00f6\u00dfe: 4,5 \u00d7 1,3 \u00d7 1,2 m<\/li>\n<li>Elektrizit\u00e4t: 220V \/ 16 A<\/li>\n<li>Mietpreis: 35.000 HUF + Animator \/ Tag<\/li>\n<\/ul>\n<p><a href=\"\/mikulas\/szolgaltatasok\/\">&lt;&lt; Back<\/a><\/p>\n<p>[\/et_pb_text][\/et_pb_column][et_pb_column type=&#8220;1_3&#8243;][et_pb_image _builder_version=&#8220;3.0.106&#8243; src=&#8220;https:\/\/gyerekbarateskuvo.hu\/wp-content\/uploads\/2020\/03\/67642486_2410375162374411_7052003410001788928_n.jpg&#8220; show_in_lightbox=&#8220;on&#8220; url_new_window=&#8220;off&#8220; use_overlay=&#8220;off&#8220; always_center_on_mobile=&#8220;on&#8220; force_fullwidth=&#8220;off&#8220; show_bottom_space=&#8220;on&#8220; \/][\/et_pb_column][\/et_pb_row][\/et_pb_section]<\/p>","protected":false},"excerpt":{"rendered":"<p>SANTA \/\u00a0DIENSTLEISTUNGEN\u00a0\/ SCHWEBENDER BALL Der schwebende Ball ist eine wirkliche Herausforderung f\u00fcr Solche, die Geschicklichkeitsspiele gern haben. Nach dem englischen Hersteller ist er das popul\u00e4rste, meistverkaufte Spielzeug in der Welt im Jahr 2012. Der Spielverlauf ist: Die schwimmenden Kugeln werden von Kegeln in den Korb geschoben. Sie k\u00f6nnen von 2 bis 14 Personen gleichzeitig spielen. Der Service braucht Tisch und Energie, die wir zu sichern bitten! Das Spiel hat eine g\u00fcltige \u00c9MI-T\u00dcV Pr\u00fcfung. Wir geben Sie 25% Erm\u00e4\u00dfigung an Wochentagen von der Miete! Das Taggeld unseres Animators kostet 5.000 HUF. Seine Aufgaben: das Spiel hin und zur\u00fcck zu transportieren, zu installieren und zu \u00fcberwachen. Die Miete enth\u00e4lt keine Ausfahrt, der in Budapest kostenlos ist! Gr\u00f6\u00dfe: 4,5 \u00d7 1,3 \u00d7 1,2 m Elektrizit\u00e4t: 220V \/ 16 A Mietpreis: 35.000 HUF + Animator \/ Tag &lt;&lt; Back<\/p>\n","protected":false},"author":2,"featured_media":0,"parent":356,"menu_order":0,"comment_status":"closed","ping_status":"closed","template":"","meta":{"_et_pb_use_builder":"on","_et_pb_old_content":"","_et_gb_content_width":"","footnotes":""},"class_list":["post-1019","page","type-page","status-publish","hentry"],"aioseo_notices":[],"_links":{"self":[{"href":"https:\/\/gyerekbarateskuvo.hu\/de\/wp-json\/wp\/v2\/pages\/1019"}],"collection":[{"href":"https:\/\/gyerekbarateskuvo.hu\/de\/wp-json\/wp\/v2\/pages"}],"about":[{"href":"https:\/\/gyerekbarateskuvo.hu\/de\/wp-json\/wp\/v2\/types\/page"}],"author":[{"embeddable":true,"href":"https:\/\/gyerekbarateskuvo.hu\/de\/wp-json\/wp\/v2\/users\/2"}],"replies":[{"embeddable":true,"href":"https:\/\/gyerekbarateskuvo.hu\/de\/wp-json\/wp\/v2\/comments?post=1019"}],"version-history":[{"count":7,"href":"https:\/\/gyerekbarateskuvo.hu\/de\/wp-json\/wp\/v2\/pages\/1019\/revisions"}],"predecessor-version":[{"id":2636,"href":"https:\/\/gyerekbarateskuvo.hu\/de\/wp-json\/wp\/v2\/pages\/1019\/revisions\/2636"}],"up":[{"embeddable":true,"href":"https:\/\/gyerekbarateskuvo.hu\/de\/wp-json\/wp\/v2\/pages\/356"}],"wp:attachment":[{"href":"https:\/\/gyerekbarateskuvo.hu\/de\/wp-json\/wp\/v2\/media?parent=1019"}],"curies":[{"name":"wp","href":"https:\/\/api.w.org\/{rel}","templated":true}]}}