{"id":1013,"date":"2019-07-02T22:09:58","date_gmt":"2019-07-02T20:09:58","guid":{"rendered":"https:\/\/gyerekbarateskuvo.hu\/?page_id=1013"},"modified":"2020-04-23T23:04:34","modified_gmt":"2020-04-23T21:04:34","slug":"keszsegfejleszto-jatekok","status":"publish","type":"page","link":"https:\/\/gyerekbarateskuvo.hu\/de\/mikulas\/szolgaltatasok\/keszsegfejleszto-jatekok\/","title":{"rendered":"K\u00e9szs\u00e9gfejleszt\u0151 j\u00e1t\u00e9kok"},"content":{"rendered":"<p>[et_pb_section bb_built=&#8220;1&#8243; admin_label=&#8220;H\u00e1tt\u00e9r&#8220; _builder_version=&#8220;3.0.106&#8243; background_position=&#8220;top_center&#8220; background_image=&#8220;http:\/\/gyerekbarateskuvo.hu\/wp-content\/uploads\/2019\/04\/felho_bg.jpg&#8220;][et_pb_row _builder_version=&#8220;3.0.106&#8243; background_image=&#8220;http:\/\/gyerekbarateskuvo.hu\/wp-content\/uploads\/2019\/04\/content_bg.png&#8220; background_repeat=&#8220;repeat&#8220; use_custom_width=&#8220;on&#8220; custom_width_px=&#8220;960px&#8220; custom_margin_last_edited=&#8220;off|desktop&#8220; border_radii=&#8220;on|0px|0px|0px|0px&#8220; box_shadow_style=&#8220;preset1&#8243; gutter_width=&#8220;2&#8243; custom_padding=&#8220;20px|20px||20px&#8220; custom_padding_last_edited=&#8220;on|&#8220;][et_pb_column type=&#8220;4_4&#8243;][et_pb_text _builder_version=&#8220;3.0.106&#8243; background_layout=&#8220;light&#8220; text_font=&#8220;Combo||||||||&#8220; text_font_size=&#8220;22px&#8220; text_text_color=&#8220;#643d1f&#8220;]<\/p>\n<h1>SANTA \/\u00a0<a href=\"http:\/\/www.gyerekbarateskuvo.hu\/de\/mikulas\/szolgaltatasok\">DIENSTLEISTUNGEN<\/a>\u00a0\/ GESCHICKLICHKEITSSPIELE<\/h1>\n<p>[\/et_pb_text][\/et_pb_column][\/et_pb_row][et_pb_row _builder_version=&#8220;3.0.106&#8243; background_image=&#8220;http:\/\/gyerekbarateskuvo.hu\/wp-content\/uploads\/2019\/04\/content_bg.png&#8220; background_repeat=&#8220;repeat&#8220; use_custom_width=&#8220;on&#8220; custom_width_px=&#8220;960px&#8220; custom_margin_last_edited=&#8220;off|desktop&#8220; border_radii=&#8220;on|0px|0px|0px|0px&#8220; box_shadow_style=&#8220;preset1&#8243; gutter_width=&#8220;2&#8243; custom_padding=&#8220;20px|20px||20px&#8220; custom_padding_last_edited=&#8220;on|&#8220;][et_pb_column type=&#8220;2_3&#8243;][et_pb_text _builder_version=&#8220;3.0.106&#8243; background_layout=&#8220;light&#8220;]<\/p>\n<p>Unsere gro\u00dfen Holzspielzeugen f\u00fcr die Entwicklung der Geschicklichkeit: witzig, entspannende Geduldsspiele, mit Motive von fr\u00f6hlicher Illustrationen. Fein Bewegung, Auge-Hand-Koordination, Geduld, Entwicklung von logischer F\u00e4higkeiten f\u00fcr die ganze Familie. Angenehme Entspannung, gedankenlose Unterhaltung, und besondere Erlebnisse f\u00fcr jedes Alter. Unsere speziell angefertigten Holzspielzeuge bringen Farbe in Familien- und Sporttage sowie Firmenveranstaltungen und Programme im Freien.<\/p>\n<ul>\n<li>Holl\u00e4ndisch Tischspiel<\/li>\n<li>Labyrinth<\/li>\n<li>Kn\u00f6delwerfer<\/li>\n<li>Sommerski (2 Paar)<\/li>\n<li>Sonnenblume Fotowand<\/li>\n<li>Ziel-Werfen-Spiel<\/li>\n<li>Stelzenlauf (2 Stk.)<\/li>\n<li>Wegfindung Spiel<\/li>\n<li>Gleichgewicht Spielzeug<\/li>\n<li>Riesenpuzzles<\/li>\n<\/ul>\n<p>Mietpreis: 40.000 HUF + Animator \/ Tag (5 St\u00fcck) + Geschenk: Bobocar (1 St\u00fcck)<\/p>\n<p><a href=\"\/mikulas\/szolgaltatasok\/\">&lt;&lt; Zur\u00fcck<\/a><\/p>\n<p>[\/et_pb_text][\/et_pb_column][et_pb_column type=&#8220;1_3&#8243;][et_pb_image _builder_version=&#8220;3.0.106&#8243; src=&#8220;https:\/\/gyerekbarateskuvo.hu\/wp-content\/uploads\/2019\/06\/keszsegfejleszto-jatekok_hd.jpg&#8220; show_in_lightbox=&#8220;on&#8220; url_new_window=&#8220;off&#8220; use_overlay=&#8220;off&#8220; always_center_on_mobile=&#8220;on&#8220; force_fullwidth=&#8220;off&#8220; show_bottom_space=&#8220;on&#8220; \/][\/et_pb_column][\/et_pb_row][\/et_pb_section]<\/p>","protected":false},"excerpt":{"rendered":"<p>SANTA \/\u00a0DIENSTLEISTUNGEN\u00a0\/ GESCHICKLICHKEITSSPIELE Unsere gro\u00dfen Holzspielzeugen f\u00fcr die Entwicklung der Geschicklichkeit: witzig, entspannende Geduldsspiele, mit Motive von fr\u00f6hlicher Illustrationen. Fein Bewegung, Auge-Hand-Koordination, Geduld, Entwicklung von logischer F\u00e4higkeiten f\u00fcr die ganze Familie. Angenehme Entspannung, gedankenlose Unterhaltung, und besondere Erlebnisse f\u00fcr jedes Alter. Unsere speziell angefertigten Holzspielzeuge bringen Farbe in Familien- und Sporttage sowie Firmenveranstaltungen und Programme im Freien. Holl\u00e4ndisch Tischspiel Labyrinth Kn\u00f6delwerfer Sommerski (2 Paar) Sonnenblume Fotowand Ziel-Werfen-Spiel Stelzenlauf (2 Stk.) Wegfindung Spiel Gleichgewicht Spielzeug Riesenpuzzles Mietpreis: 40.000 HUF + Animator \/ Tag (5 St\u00fcck) + Geschenk: Bobocar (1 St\u00fcck) &lt;&lt; Zur\u00fcck<\/p>\n","protected":false},"author":2,"featured_media":0,"parent":356,"menu_order":0,"comment_status":"closed","ping_status":"closed","template":"","meta":{"_et_pb_use_builder":"on","_et_pb_old_content":"","_et_gb_content_width":"","footnotes":""},"class_list":["post-1013","page","type-page","status-publish","hentry"],"aioseo_notices":[],"_links":{"self":[{"href":"https:\/\/gyerekbarateskuvo.hu\/de\/wp-json\/wp\/v2\/pages\/1013"}],"collection":[{"href":"https:\/\/gyerekbarateskuvo.hu\/de\/wp-json\/wp\/v2\/pages"}],"about":[{"href":"https:\/\/gyerekbarateskuvo.hu\/de\/wp-json\/wp\/v2\/types\/page"}],"author":[{"embeddable":true,"href":"https:\/\/gyerekbarateskuvo.hu\/de\/wp-json\/wp\/v2\/users\/2"}],"replies":[{"embeddable":true,"href":"https:\/\/gyerekbarateskuvo.hu\/de\/wp-json\/wp\/v2\/comments?post=1013"}],"version-history":[{"count":5,"href":"https:\/\/gyerekbarateskuvo.hu\/de\/wp-json\/wp\/v2\/pages\/1013\/revisions"}],"predecessor-version":[{"id":2424,"href":"https:\/\/gyerekbarateskuvo.hu\/de\/wp-json\/wp\/v2\/pages\/1013\/revisions\/2424"}],"up":[{"embeddable":true,"href":"https:\/\/gyerekbarateskuvo.hu\/de\/wp-json\/wp\/v2\/pages\/356"}],"wp:attachment":[{"href":"https:\/\/gyerekbarateskuvo.hu\/de\/wp-json\/wp\/v2\/media?parent=1013"}],"curies":[{"name":"wp","href":"https:\/\/api.w.org\/{rel}","templated":true}]}}