{"id":1007,"date":"2019-07-02T21:57:25","date_gmt":"2019-07-02T19:57:25","guid":{"rendered":"https:\/\/gyerekbarateskuvo.hu\/?page_id=1007"},"modified":"2020-04-23T23:03:59","modified_gmt":"2020-04-23T21:03:59","slug":"homokrajz","status":"publish","type":"page","link":"https:\/\/gyerekbarateskuvo.hu\/de\/mikulas\/szolgaltatasok\/homokrajz\/","title":{"rendered":"Homokrajz"},"content":{"rendered":"<p>[et_pb_section bb_built=&#8220;1&#8243; admin_label=&#8220;H\u00e1tt\u00e9r&#8220; _builder_version=&#8220;3.0.106&#8243; background_position=&#8220;top_center&#8220; background_image=&#8220;http:\/\/gyerekbarateskuvo.hu\/wp-content\/uploads\/2019\/04\/felho_bg.jpg&#8220;][et_pb_row _builder_version=&#8220;3.0.106&#8243; background_image=&#8220;http:\/\/gyerekbarateskuvo.hu\/wp-content\/uploads\/2019\/04\/content_bg.png&#8220; background_repeat=&#8220;repeat&#8220; use_custom_width=&#8220;on&#8220; custom_width_px=&#8220;960px&#8220; custom_margin_last_edited=&#8220;off|desktop&#8220; border_radii=&#8220;on|0px|0px|0px|0px&#8220; box_shadow_style=&#8220;preset1&#8243; gutter_width=&#8220;2&#8243; custom_padding=&#8220;20px|20px||20px&#8220; custom_padding_last_edited=&#8220;on|&#8220;][et_pb_column type=&#8220;4_4&#8243;][et_pb_text _builder_version=&#8220;3.0.106&#8243; background_layout=&#8220;light&#8220; text_font=&#8220;Combo||||||||&#8220; text_font_size=&#8220;22px&#8220; text_text_color=&#8220;#643d1f&#8220;]<\/p>\n<h1>SANTA \/\u00a0<a href=\"http:\/\/www.gyerekbarateskuvo.hu\/de\/mikulas\/szolgaltatasok\">DIENSTLEISTUNGEN<\/a>\u00a0\/ SANDZEICHNUNG<\/h1>\n<p>[\/et_pb_text][\/et_pb_column][\/et_pb_row][et_pb_row _builder_version=&#8220;3.0.106&#8243; background_image=&#8220;http:\/\/gyerekbarateskuvo.hu\/wp-content\/uploads\/2019\/04\/content_bg.png&#8220; background_repeat=&#8220;repeat&#8220; use_custom_width=&#8220;on&#8220; custom_width_px=&#8220;960px&#8220; custom_margin_last_edited=&#8220;off|desktop&#8220; border_radii=&#8220;on|0px|0px|0px|0px&#8220; box_shadow_style=&#8220;preset1&#8243; gutter_width=&#8220;2&#8243; custom_padding=&#8220;20px|20px||20px&#8220; custom_padding_last_edited=&#8220;on|&#8220;][et_pb_column type=&#8220;2_3&#8243;][et_pb_text _builder_version=&#8220;3.0.106&#8243; background_layout=&#8220;light&#8220;]<\/p>\n<p style=\"text-align: justify;\">Die Kinder k\u00f6nnen mit gef\u00e4rbten Sand wundersch\u00f6ne Bilder machen. Schon ab 4 Jahre empfohlen. Die Bilder sind A\/4-Gr\u00f6\u00dfen, deren Oberseite durch eine Aufkleberoberfl\u00e4che gegeben ist. Man zieht jeden Aufkleber einzeln und streuet mit der Farbe, die man mag. Nach der Sandpartikel in der Klebefl\u00e4che gesteckt sind, gie\u00dft man den \u00dcberschuss zur\u00fcck in den Sandkasten. Wir empfehlen allen Kindern und Erwachsenen gleicherma\u00dfen.<\/p>\n<p><a href=\"\/mikulas\/szolgaltatasok\/\">&lt;&lt; Zur\u00fcck<\/a><\/p>\n<p>[\/et_pb_text][\/et_pb_column][et_pb_column type=&#8220;1_3&#8243;][et_pb_image _builder_version=&#8220;3.0.106&#8243; src=&#8220;https:\/\/gyerekbarateskuvo.hu\/wp-content\/uploads\/2019\/06\/homokrajz_hd.jpg&#8220; show_in_lightbox=&#8220;on&#8220; url_new_window=&#8220;off&#8220; use_overlay=&#8220;off&#8220; always_center_on_mobile=&#8220;on&#8220; force_fullwidth=&#8220;off&#8220; show_bottom_space=&#8220;on&#8220; \/][\/et_pb_column][\/et_pb_row][\/et_pb_section]<\/p>","protected":false},"excerpt":{"rendered":"<p>SANTA \/\u00a0DIENSTLEISTUNGEN\u00a0\/ SANDZEICHNUNG Die Kinder k\u00f6nnen mit gef\u00e4rbten Sand wundersch\u00f6ne Bilder machen. Schon ab 4 Jahre empfohlen. Die Bilder sind A\/4-Gr\u00f6\u00dfen, deren Oberseite durch eine Aufkleberoberfl\u00e4che gegeben ist. Man zieht jeden Aufkleber einzeln und streuet mit der Farbe, die man mag. Nach der Sandpartikel in der Klebefl\u00e4che gesteckt sind, gie\u00dft man den \u00dcberschuss zur\u00fcck in den Sandkasten. Wir empfehlen allen Kindern und Erwachsenen gleicherma\u00dfen. &lt;&lt; Zur\u00fcck<\/p>\n","protected":false},"author":2,"featured_media":0,"parent":356,"menu_order":0,"comment_status":"closed","ping_status":"closed","template":"","meta":{"_et_pb_use_builder":"on","_et_pb_old_content":"","_et_gb_content_width":"","footnotes":""},"class_list":["post-1007","page","type-page","status-publish","hentry"],"aioseo_notices":[],"_links":{"self":[{"href":"https:\/\/gyerekbarateskuvo.hu\/de\/wp-json\/wp\/v2\/pages\/1007"}],"collection":[{"href":"https:\/\/gyerekbarateskuvo.hu\/de\/wp-json\/wp\/v2\/pages"}],"about":[{"href":"https:\/\/gyerekbarateskuvo.hu\/de\/wp-json\/wp\/v2\/types\/page"}],"author":[{"embeddable":true,"href":"https:\/\/gyerekbarateskuvo.hu\/de\/wp-json\/wp\/v2\/users\/2"}],"replies":[{"embeddable":true,"href":"https:\/\/gyerekbarateskuvo.hu\/de\/wp-json\/wp\/v2\/comments?post=1007"}],"version-history":[{"count":3,"href":"https:\/\/gyerekbarateskuvo.hu\/de\/wp-json\/wp\/v2\/pages\/1007\/revisions"}],"predecessor-version":[{"id":2421,"href":"https:\/\/gyerekbarateskuvo.hu\/de\/wp-json\/wp\/v2\/pages\/1007\/revisions\/2421"}],"up":[{"embeddable":true,"href":"https:\/\/gyerekbarateskuvo.hu\/de\/wp-json\/wp\/v2\/pages\/356"}],"wp:attachment":[{"href":"https:\/\/gyerekbarateskuvo.hu\/de\/wp-json\/wp\/v2\/media?parent=1007"}],"curies":[{"name":"wp","href":"https:\/\/api.w.org\/{rel}","templated":true}]}}