{"id":1003,"date":"2019-07-02T21:51:15","date_gmt":"2019-07-02T19:51:15","guid":{"rendered":"https:\/\/gyerekbarateskuvo.hu\/?page_id=1003"},"modified":"2020-04-23T23:03:32","modified_gmt":"2020-04-23T21:03:32","slug":"hangszersarok","status":"publish","type":"page","link":"https:\/\/gyerekbarateskuvo.hu\/de\/mikulas\/szolgaltatasok\/hangszersarok\/","title":{"rendered":"Hangszersarok"},"content":{"rendered":"<p>[et_pb_section bb_built=&#8220;1&#8243; admin_label=&#8220;H\u00e1tt\u00e9r&#8220; _builder_version=&#8220;3.0.106&#8243; background_position=&#8220;top_center&#8220; background_image=&#8220;http:\/\/gyerekbarateskuvo.hu\/wp-content\/uploads\/2019\/04\/felho_bg.jpg&#8220;][et_pb_row _builder_version=&#8220;3.0.106&#8243; background_image=&#8220;http:\/\/gyerekbarateskuvo.hu\/wp-content\/uploads\/2019\/04\/content_bg.png&#8220; background_repeat=&#8220;repeat&#8220; use_custom_width=&#8220;on&#8220; custom_width_px=&#8220;960px&#8220; custom_margin_last_edited=&#8220;off|desktop&#8220; border_radii=&#8220;on|0px|0px|0px|0px&#8220; box_shadow_style=&#8220;preset1&#8243; gutter_width=&#8220;2&#8243; custom_padding=&#8220;20px|20px||20px&#8220; custom_padding_last_edited=&#8220;on|&#8220;][et_pb_column type=&#8220;4_4&#8243;][et_pb_text _builder_version=&#8220;3.0.106&#8243; background_layout=&#8220;light&#8220; text_font=&#8220;Combo||||||||&#8220; text_font_size=&#8220;22px&#8220; text_text_color=&#8220;#643d1f&#8220;]<\/p>\n<h1>SANTA \/\u00a0<a href=\"http:\/\/www.gyerekbarateskuvo.hu\/de\/mikulas\/szolgaltatasok\">DIENSTLEISTUNGEN<\/a>\u00a0\/ INSTRUMENT ECKE<\/h1>\n<p>[\/et_pb_text][\/et_pb_column][\/et_pb_row][et_pb_row _builder_version=&#8220;3.0.106&#8243; background_image=&#8220;http:\/\/gyerekbarateskuvo.hu\/wp-content\/uploads\/2019\/04\/content_bg.png&#8220; background_repeat=&#8220;repeat&#8220; use_custom_width=&#8220;on&#8220; custom_width_px=&#8220;960px&#8220; custom_margin_last_edited=&#8220;off|desktop&#8220; border_radii=&#8220;on|0px|0px|0px|0px&#8220; box_shadow_style=&#8220;preset1&#8243; gutter_width=&#8220;2&#8243; custom_padding=&#8220;20px|20px||20px&#8220; custom_padding_last_edited=&#8220;on|&#8220;][et_pb_column type=&#8220;2_3&#8243;][et_pb_text _builder_version=&#8220;3.0.106&#8243; background_layout=&#8220;light&#8220;]<\/p>\n<p>Mit Hilfe unseres in der Musik bewanderten Animators k\u00f6nnen die Kinder die originellen Musikinstrumente in die Hand nehmen, spielerisch ausprobieren und damit Musik machen. Unser Instrumentenpark besteht aus fast 20 verschiedenen Instrumenten und ist interaktiv f\u00fcr die Kleinsten. Am Ende haben die Kinder die M\u00f6glichkeit, um ein gemeinsames Lied in gro\u00dfem Orchester zu spielen.<\/p>\n<p>Musikinstrumente:<\/p>\n<ul>\n<li>Gitarre<\/li>\n<li>Bass<\/li>\n<li>Synthesizer<\/li>\n<li>Cavo<\/li>\n<li>Perka<\/li>\n<li>Klagend<\/li>\n<li>Schmaus<\/li>\n<li>Ukulele<\/li>\n<li>T\u00fcrkische W\u00fcrfe<\/li>\n<li>Volkstrommel<\/li>\n<li>Maultrommel<\/li>\n<li>Melodica<\/li>\n<li>Mundharmonika<\/li>\n<li>Rassel<\/li>\n<li>T\u00fcrkisch Duda<\/li>\n<li>Schilf<\/li>\n<li>Kastagnetten<\/li>\n<li>Violine<\/li>\n<li>Zither<\/li>\n<li>Fl\u00f6te<\/li>\n<\/ul>\n<p><a href=\"\/mikulas\/szolgaltatasok\/\">&lt;&lt; Zur\u00fcck<\/a><\/p>\n<p>[\/et_pb_text][\/et_pb_column][et_pb_column type=&#8220;1_3&#8243;][et_pb_image _builder_version=&#8220;3.0.106&#8243; src=&#8220;https:\/\/gyerekbarateskuvo.hu\/wp-content\/uploads\/2019\/06\/hangszersarok_hd.jpg&#8220; show_in_lightbox=&#8220;on&#8220; url_new_window=&#8220;off&#8220; use_overlay=&#8220;off&#8220; always_center_on_mobile=&#8220;on&#8220; force_fullwidth=&#8220;off&#8220; show_bottom_space=&#8220;on&#8220; \/][\/et_pb_column][\/et_pb_row][\/et_pb_section]<\/p>","protected":false},"excerpt":{"rendered":"<p>SANTA \/\u00a0DIENSTLEISTUNGEN\u00a0\/ INSTRUMENT ECKE Mit Hilfe unseres in der Musik bewanderten Animators k\u00f6nnen die Kinder die originellen Musikinstrumente in die Hand nehmen, spielerisch ausprobieren und damit Musik machen. Unser Instrumentenpark besteht aus fast 20 verschiedenen Instrumenten und ist interaktiv f\u00fcr die Kleinsten. Am Ende haben die Kinder die M\u00f6glichkeit, um ein gemeinsames Lied in gro\u00dfem Orchester zu spielen. Musikinstrumente: Gitarre Bass Synthesizer Cavo Perka Klagend Schmaus Ukulele T\u00fcrkische W\u00fcrfe Volkstrommel Maultrommel Melodica Mundharmonika Rassel T\u00fcrkisch Duda Schilf Kastagnetten Violine Zither Fl\u00f6te &lt;&lt; Zur\u00fcck<\/p>\n","protected":false},"author":2,"featured_media":0,"parent":356,"menu_order":0,"comment_status":"closed","ping_status":"closed","template":"","meta":{"_et_pb_use_builder":"on","_et_pb_old_content":"","_et_gb_content_width":"","footnotes":""},"class_list":["post-1003","page","type-page","status-publish","hentry"],"aioseo_notices":[],"_links":{"self":[{"href":"https:\/\/gyerekbarateskuvo.hu\/de\/wp-json\/wp\/v2\/pages\/1003"}],"collection":[{"href":"https:\/\/gyerekbarateskuvo.hu\/de\/wp-json\/wp\/v2\/pages"}],"about":[{"href":"https:\/\/gyerekbarateskuvo.hu\/de\/wp-json\/wp\/v2\/types\/page"}],"author":[{"embeddable":true,"href":"https:\/\/gyerekbarateskuvo.hu\/de\/wp-json\/wp\/v2\/users\/2"}],"replies":[{"embeddable":true,"href":"https:\/\/gyerekbarateskuvo.hu\/de\/wp-json\/wp\/v2\/comments?post=1003"}],"version-history":[{"count":5,"href":"https:\/\/gyerekbarateskuvo.hu\/de\/wp-json\/wp\/v2\/pages\/1003\/revisions"}],"predecessor-version":[{"id":2419,"href":"https:\/\/gyerekbarateskuvo.hu\/de\/wp-json\/wp\/v2\/pages\/1003\/revisions\/2419"}],"up":[{"embeddable":true,"href":"https:\/\/gyerekbarateskuvo.hu\/de\/wp-json\/wp\/v2\/pages\/356"}],"wp:attachment":[{"href":"https:\/\/gyerekbarateskuvo.hu\/de\/wp-json\/wp\/v2\/media?parent=1003"}],"curies":[{"name":"wp","href":"https:\/\/api.w.org\/{rel}","templated":true}]}}